{"id":1335957,"date":"2020-10-16T11:36:27","date_gmt":"2020-10-16T09:36:27","guid":{"rendered":"https:\/\/laboklin.de\/leistungen\/haematologie-klin-chemie-endokrinologie\/klinisch-chemische-parameter\/substrate\/nefa-nicht-veresterte-freie-fettsaeuren\/"},"modified":"2025-01-28T12:59:59","modified_gmt":"2025-01-28T11:59:59","slug":"nefa-nicht-veresterte-freie-fettsaeuren","status":"publish","type":"page","link":"https:\/\/laboklin.de\/de-at\/leistungen\/haematologie-klin-chemie-endokrinologie\/klinisch-chemische-parameter\/substrate\/nefa-nicht-veresterte-freie-fettsaeuren\/","title":{"rendered":"NEFA (Nicht veresterte freie Fetts\u00e4uren)"},"content":{"rendered":"<h3 class=\"csc-firstHeader\">NEFA (Nicht veresterte freie Fetts\u00e4uren) <\/h3><p><span>LABOKLIN Leistungs-ID: 56<\/span><\/p><p class=\"bodytext\"><br>NEFA (nicht veresterte freie Fetts\u00e4uren) werden beim Abbau von Fettgewebe freigesetzt. Sie weisen schnell und sensibel auf einen Energiemangel bzw. eingeschr\u00e4nkte Futteraufnahme bei Stress oder Krankheit hin und dienen als klinisches Ma\u00df z.B. f\u00fcr Fettmobilisation bei kataboler Stoffwechsellage. <\/p><table class=\"tx-laboklinleistung-table contenttable contenttable-2\" style=\"margin-top: 35px;\"><tr><td class=\"td-0\"><strong>Material<\/strong><\/td><td class=\"td-1\"><p class=\"bodytext\">Serum 0,5 ml<\/p><\/td><\/tr><tr><td class=\"td-0\"><strong>Methode<\/strong><\/td><td class=\"td-1\"><p class=\"bodytext\">Photometrie<\/p><\/td><\/tr><tr><td class=\"td-0\"><strong>Dauer<\/strong><\/td><td class=\"td-1\"><p class=\"bodytext\">Befund\u00fcbermittlung am Tag des Probeneingangs (Mo.\u2013Sa.)<\/p><\/td><\/tr><\/table>\n","protected":false},"excerpt":{"rendered":"<p>NEFA (Nicht veresterte freie Fetts\u00e4uren) LABOKLIN Leistungs-ID: 56NEFA (nicht veresterte freie Fetts\u00e4uren) werden beim Abbau von Fettgewebe freigesetzt. Sie weisen schnell und sensibel auf einen Energiemangel bzw. eingeschr\u00e4nkte Futteraufnahme bei Stress oder Krankheit hin und dienen als klinisches Ma\u00df z.B. f\u00fcr Fettmobilisation bei kataboler Stoffwechsellage. MaterialSerum 0,5 mlMethodePhotometrieDauerBefund\u00fcbermittlung am Tag des Probeneingangs (Mo.\u2013Sa.)<\/p>\n","protected":false},"author":1,"featured_media":0,"parent":1332894,"menu_order":20,"comment_status":"closed","ping_status":"closed","template":"","meta":{"_seopress_robots_primary_cat":"","_seopress_titles_title":"","_seopress_titles_desc":"","_seopress_robots_index":"","footnotes":""},"class_list":["post-1335957","page","type-page","status-publish","hentry","description-off"],"_links":{"self":[{"href":"https:\/\/laboklin.de\/de-at\/wp-json\/wp\/v2\/pages\/1335957","targetHints":{"allow":["GET"]}}],"collection":[{"href":"https:\/\/laboklin.de\/de-at\/wp-json\/wp\/v2\/pages"}],"about":[{"href":"https:\/\/laboklin.de\/de-at\/wp-json\/wp\/v2\/types\/page"}],"author":[{"embeddable":true,"href":"https:\/\/laboklin.de\/de-at\/wp-json\/wp\/v2\/users\/1"}],"replies":[{"embeddable":true,"href":"https:\/\/laboklin.de\/de-at\/wp-json\/wp\/v2\/comments?post=1335957"}],"version-history":[{"count":1,"href":"https:\/\/laboklin.de\/de-at\/wp-json\/wp\/v2\/pages\/1335957\/revisions"}],"predecessor-version":[{"id":1504343,"href":"https:\/\/laboklin.de\/de-at\/wp-json\/wp\/v2\/pages\/1335957\/revisions\/1504343"}],"up":[{"embeddable":true,"href":"https:\/\/laboklin.de\/de-at\/wp-json\/wp\/v2\/pages\/1332894"}],"wp:attachment":[{"href":"https:\/\/laboklin.de\/de-at\/wp-json\/wp\/v2\/media?parent=1335957"}],"curies":[{"name":"wp","href":"https:\/\/api.w.org\/{rel}","templated":true}]}}