{"id":1335936,"date":"2020-10-16T11:36:27","date_gmt":"2020-10-16T09:36:27","guid":{"rendered":"https:\/\/laboklin.de\/leistungen\/genetik\/fellfarbe-haarstruktur\/hund\/haarlosigkeit-powderpuff\/"},"modified":"2025-02-25T13:04:18","modified_gmt":"2025-02-25T12:04:18","slug":"haarlosigkeit-powderpuff","status":"publish","type":"page","link":"https:\/\/laboklin.de\/de-at\/leistungen\/genetik\/fellfarbe-haarstruktur\/hund\/haarlosigkeit-powderpuff\/","title":{"rendered":"Haarlosigkeit (Powderpuff)"},"content":{"rendered":"<h3 class=\"csc-firstHeader\">Haarlosigkeit (Powderpuff)<\/h3><p><span>LABOKLIN Leistungs-ID: 8599<\/span><\/p><p class=\"bodytext\">Die genetische Haarlosigkeit beim Chinese Crested, Mexikanischen und Peruanischen Nackthund wird anhand des sogenannten FOXI3-Gens als autosomal kodominantes Merkmal vererbt. Hunde, welche die Variante heterozygot tragen, besitzen nur sp\u00e4rliche oder keine K\u00f6rperbehaarung, zum Teil ein abnormales Gebiss und gelegentlich Missbildungen des Au\u00dfenohrs und des H\u00f6rkanals. Deshalb wird der Ph\u00e4notyp haarloser Hunde dieser Rassen als canine ektodermale Dysplasie (CED) klassifiziert. Tr\u00e4ger der Variante k\u00f6nnen je nach Verpaarung sowohl behaarte als auch nackte Nachkommen hervorbringen. Hunde ohne Variante tragen dagegen ein normales Haarkleid und werden als \u201ePowderpuff\u201c bezeichnet. Insbesondere beim Chinese Crested ist eine rein ph\u00e4notypische Unterscheidung der echten Nackthunde von den Powderpuffs schwierig, da die Nackthunde eine mehr oder weniger ausgepr\u00e4gte Restbehaarung aufweisen. Embryonen, die die Genvariante homozygot tragen, sterben bereits w\u00e4hrend der Tr\u00e4chtigkeit ab. <br \/>\nBeim Scottish Deerhound kann eine andere Variante im SGK3-Gen mit der juvenilen Alopezie assoziiert werden. Betroffene Welpen verlieren w\u00e4hrend den ersten Lebenswochen ihr Fell, was sp\u00e4ter auch dauerhaft so bleibt. Bei der Haarlosigkeit beim Scottish Deerhound handelt es sich um einen autosomal-rezessiven Erbgang.<br \/>\nBitte beachten Sie, dass diese Tests nicht f\u00fcr den Nachweis der Haarlosigkeit beim American Hairless Terrier geeignet sind.<br \/>\n<\/p><table class=\"tx-laboklinleistung-table contenttable contenttable-2\" style=\"margin-top: 35px;\"><tr><td class=\"td-0\"><strong>Methode<\/strong><\/td><td class=\"td-1\"><p class=\"bodytext\">Fragmentl\u00e4ngenanalyse (Chinese Crested, Mexikanischer Nackthund, Peruanischer Nackthund); Sequenzierung (Scottish Deerhound)<\/p><\/td><\/tr><tr><td class=\"td-0\"><strong>Rasse<\/strong><\/td><td class=\"td-1\"><p class=\"bodytext\">Chinese Crested Dog, Deerhound, Mexikanischer Nackthund, Peruanischer Nackthund<\/p><\/td><\/tr><tr><td class=\"td-0\"><strong>Erbgang<\/strong><\/td><td class=\"td-1\"><p class=\"bodytext\">autosomal-kodominant (Chinese Crested, Mexikanischer und Peruanischer Nackthund); autosomal-rezessiv (Scottish Deerhound)<\/p><\/td><\/tr><tr><td class=\"td-0\"><strong>Dauer<\/strong><\/td><td class=\"td-1\"><p class=\"bodytext\">1 - 2 Wochen nach Erhalt der Probe<\/p><\/td><\/tr><\/table>\n","protected":false},"excerpt":{"rendered":"<p>Haarlosigkeit (Powderpuff)LABOKLIN Leistungs-ID: 8599Die genetische Haarlosigkeit beim Chinese Crested, Mexikanischen und Peruanischen Nackthund wird anhand des sogenannten FOXI3-Gens als autosomal kodominantes Merkmal vererbt. Hunde, welche die Variante heterozygot tragen, besitzen nur sp\u00e4rliche oder keine K\u00f6rperbehaarung, zum Teil ein abnormales Gebiss und gelegentlich Missbildungen des Au\u00dfenohrs und des H\u00f6rkanals. Deshalb wird der Ph\u00e4notyp haarloser Hunde dieser&hellip;<\/p>\n","protected":false},"author":1,"featured_media":0,"parent":1332717,"menu_order":19,"comment_status":"closed","ping_status":"closed","template":"","meta":{"_seopress_robots_primary_cat":"","_seopress_titles_title":"","_seopress_titles_desc":"","_seopress_robots_index":"","footnotes":""},"class_list":["post-1335936","page","type-page","status-publish","hentry","description-off"],"_links":{"self":[{"href":"https:\/\/laboklin.de\/de-at\/wp-json\/wp\/v2\/pages\/1335936","targetHints":{"allow":["GET"]}}],"collection":[{"href":"https:\/\/laboklin.de\/de-at\/wp-json\/wp\/v2\/pages"}],"about":[{"href":"https:\/\/laboklin.de\/de-at\/wp-json\/wp\/v2\/types\/page"}],"author":[{"embeddable":true,"href":"https:\/\/laboklin.de\/de-at\/wp-json\/wp\/v2\/users\/1"}],"replies":[{"embeddable":true,"href":"https:\/\/laboklin.de\/de-at\/wp-json\/wp\/v2\/comments?post=1335936"}],"version-history":[{"count":1,"href":"https:\/\/laboklin.de\/de-at\/wp-json\/wp\/v2\/pages\/1335936\/revisions"}],"predecessor-version":[{"id":1510805,"href":"https:\/\/laboklin.de\/de-at\/wp-json\/wp\/v2\/pages\/1335936\/revisions\/1510805"}],"up":[{"embeddable":true,"href":"https:\/\/laboklin.de\/de-at\/wp-json\/wp\/v2\/pages\/1332717"}],"wp:attachment":[{"href":"https:\/\/laboklin.de\/de-at\/wp-json\/wp\/v2\/media?parent=1335936"}],"curies":[{"name":"wp","href":"https:\/\/api.w.org\/{rel}","templated":true}]}}