{"id":1335923,"date":"2021-08-10T14:41:02","date_gmt":"2021-08-10T12:41:02","guid":{"rendered":"https:\/\/laboklin.de\/leistungen\/genetik\/erbkrankheiten\/hund\/dental-skeletal-retinal-anomaly-dsra\/"},"modified":"2025-02-05T12:34:13","modified_gmt":"2025-02-05T11:34:13","slug":"dental-skeletal-retinal-anomaly-dsra","status":"publish","type":"page","link":"https:\/\/laboklin.de\/de-at\/leistungen\/genetik\/erbkrankheiten\/hund\/dental-skeletal-retinal-anomaly-dsra\/","title":{"rendered":"Dental-skeletal-retinal anomaly (DSRA)"},"content":{"rendered":"<h3 class=\"csc-firstHeader\">Dental-skeletal-retinal anomaly (DSRA)<\/h3><p><span>LABOKLIN Leistungs-ID: 8698<\/span><\/p><p class=\"bodytext\">In Zusammenarbeit mit unserem Kooperationspartner Prof. Tosso Leeb und seinem Team von der Universit\u00e4t Bern konnten wir eine genetische Variante bestimmen, die beim Cane Corso Italiano zur Dental-skeletal-retinal anomaly (DSRA) f\u00fchrt. <br \/>\r\nDie Erkrankung wird autosomal-rezessiv vererbt. Daher zeigen nur homozygot betroffene Hunde (welche die Variante von beiden Elterntieren geerbt haben) Symptome der Erkankung. Anhand der genetischen Untersuchung k\u00f6nnen die heterozygoten Anlagetr\u00e4ger identifiziert werden, um die Entstehung betroffener Welpen zu vermeiden. <br \/>\r\nDie betroffenen Hunde leiden unter progressiver Retinaatrophie (PRA) (zur Erblindung fortschreitende Augenerkrankung), Zahnbeschwerden (Verf\u00e4rbungen, Splittern und Br\u00fcche, kleinere Z\u00e4hne als \u00fcblich) sowie Skelettproblemen. Es sind auch noch weitere Auspr\u00e4gungen der Erbkrankheit m\u00f6glich, die genaue Krankheitsentwicklung von DSRA und die dazugeh\u00f6rigen klinischen Symptome sind jedoch noch Gegenstand der aktuellen Forschung. <\/p><table class=\"tx-laboklinleistung-table contenttable contenttable-2\" style=\"margin-top: 35px;\"><tr><td class=\"td-0\"><strong>Methode<\/strong><\/td><td class=\"td-1\"><p class=\"bodytext\">TaqMan SNP Assay<\/p><\/td><\/tr><tr><td class=\"td-0\"><strong>Rasse<\/strong><\/td><td class=\"td-1\"><p class=\"bodytext\">Cane Corso Italiano<\/p><\/td><\/tr><tr><td class=\"td-0\"><strong>Erbgang<\/strong><\/td><td class=\"td-1\"><p class=\"bodytext\">autosomal-rezessiv<\/p><\/td><\/tr><tr><td class=\"td-0\"><strong>Dauer<\/strong><\/td><td class=\"td-1\"><p class=\"bodytext\">3 - 5 Werktage nach Erhalt der Probe<\/p><\/td><\/tr><\/table>\n","protected":false},"excerpt":{"rendered":"<p>Dental-skeletal-retinal anomaly (DSRA)LABOKLIN Leistungs-ID: 8698In Zusammenarbeit mit unserem Kooperationspartner Prof. Tosso Leeb und seinem Team von der Universit\u00e4t Bern konnten wir eine genetische Variante bestimmen, die beim Cane Corso Italiano zur Dental-skeletal-retinal anomaly (DSRA) f\u00fchrt. Die Erkrankung wird autosomal-rezessiv vererbt. Daher zeigen nur homozygot betroffene Hunde (welche die Variante von beiden Elterntieren geerbt haben) Symptome&hellip;<\/p>\n","protected":false},"author":1,"featured_media":0,"parent":1332701,"menu_order":19,"comment_status":"closed","ping_status":"closed","template":"","meta":{"_seopress_robots_primary_cat":"","_seopress_titles_title":"","_seopress_titles_desc":"","_seopress_robots_index":"","footnotes":""},"class_list":["post-1335923","page","type-page","status-publish","hentry","description-off"],"_links":{"self":[{"href":"https:\/\/laboklin.de\/de-at\/wp-json\/wp\/v2\/pages\/1335923","targetHints":{"allow":["GET"]}}],"collection":[{"href":"https:\/\/laboklin.de\/de-at\/wp-json\/wp\/v2\/pages"}],"about":[{"href":"https:\/\/laboklin.de\/de-at\/wp-json\/wp\/v2\/types\/page"}],"author":[{"embeddable":true,"href":"https:\/\/laboklin.de\/de-at\/wp-json\/wp\/v2\/users\/1"}],"replies":[{"embeddable":true,"href":"https:\/\/laboklin.de\/de-at\/wp-json\/wp\/v2\/comments?post=1335923"}],"version-history":[{"count":1,"href":"https:\/\/laboklin.de\/de-at\/wp-json\/wp\/v2\/pages\/1335923\/revisions"}],"predecessor-version":[{"id":1506964,"href":"https:\/\/laboklin.de\/de-at\/wp-json\/wp\/v2\/pages\/1335923\/revisions\/1506964"}],"up":[{"embeddable":true,"href":"https:\/\/laboklin.de\/de-at\/wp-json\/wp\/v2\/pages\/1332701"}],"wp:attachment":[{"href":"https:\/\/laboklin.de\/de-at\/wp-json\/wp\/v2\/media?parent=1335923"}],"curies":[{"name":"wp","href":"https:\/\/api.w.org\/{rel}","templated":true}]}}