{"id":1335864,"date":"2020-10-16T11:36:27","date_gmt":"2020-10-16T09:36:27","guid":{"rendered":"https:\/\/laboklin.de\/leistungen\/genetik\/erbkrankheiten\/pferd\/polysaccharid-speicher-myopathie-typ-1-pssm\/"},"modified":"2025-02-25T12:40:05","modified_gmt":"2025-02-25T11:40:05","slug":"polysaccharid-speicher-myopathie-typ-1-pssm","status":"publish","type":"page","link":"https:\/\/laboklin.de\/de-at\/leistungen\/genetik\/erbkrankheiten\/pferd\/polysaccharid-speicher-myopathie-typ-1-pssm\/","title":{"rendered":"Polysaccharid-Speicher-Myopathie Typ 1 (PSSM)"},"content":{"rendered":"<h3 class=\"csc-firstHeader\">Polysaccharid-Speicher-Myopathie Typ 1 (PSSM)<\/h3><p><span>LABOKLIN Leistungs-ID: 8138<\/span><\/p><p class=\"bodytext\">PSSM (Polysaccharid-Speicher-Myopathie) ist eine Glykogen-Speicher-Krankheit, die in vielen verschiedenen Pferderassen verbreitet ist. Betroffen sind v.a. Quarter Horses, Paint Horses, Appaloosas, aber auch Zugpferde sowie Warmbl\u00fcter und Kreuzungen aller genannten. Gekennzeichnet ist die Erkrankung durch die Anh\u00e4ufung anormaler Polysaccharide, wie auch durch die \u00fcberm\u00e4\u00dfige Anh\u00e4ufung normaler Zucker im Muskel. Die klinischen Symptome sind \u201ekreuzverschlag\u00e4hnlich\u201c und umfassen die gesamte Bandbreite von Bewegungsunlust, Muskeltremor, Muskelsteifheit, Schwitzen, wechselnde Lahmheiten, Ausstrecken der Hinterbeine bis hin zur Bewegungsunf\u00e4higkeit. Die Episoden beginnen meistens nach 10-20 Minuten leichter Arbeit. Die Muskeln der v.a. betroffenen Hinterhand sind oft hart und schmerzen. Viele Pferde haben eine Vorgeschichte wiederholter Phasen von Muskelproblemen. Bei ausgepr\u00e4gter Symptomatik kann es zur Myoglobinurie und evtl. daraus resultierenden Nierenproblemen kommen. Insgesamt wird PSSM f\u00fcr einen Gro\u00dfteil der neuromuskul\u00e4ren Erkrankungen in den betroffenen Zuchten verantwortlich gemacht.<\/p><table class=\"tx-laboklinleistung-table contenttable contenttable-2\" style=\"margin-top: 35px;\"><tr><td class=\"td-0\"><strong>Methode<\/strong><\/td><td class=\"td-1\"><p class=\"bodytext\">TaqMan SNP Assay<\/p><\/td><\/tr><tr><td class=\"td-0\"><strong>Erbgang<\/strong><\/td><td class=\"td-1\"><p class=\"bodytext\">autosomal-dominant<\/p><\/td><\/tr><tr><td class=\"td-0\"><strong>Dauer<\/strong><\/td><td class=\"td-1\"><p class=\"bodytext\">3 - 5 Werktage nach Erhalt der Probe<\/p><\/td><\/tr><\/table>\n","protected":false},"excerpt":{"rendered":"<p>Polysaccharid-Speicher-Myopathie Typ 1 (PSSM)LABOKLIN Leistungs-ID: 8138PSSM (Polysaccharid-Speicher-Myopathie) ist eine Glykogen-Speicher-Krankheit, die in vielen verschiedenen Pferderassen verbreitet ist. Betroffen sind v.a. Quarter Horses, Paint Horses, Appaloosas, aber auch Zugpferde sowie Warmbl\u00fcter und Kreuzungen aller genannten. Gekennzeichnet ist die Erkrankung durch die Anh\u00e4ufung anormaler Polysaccharide, wie auch durch die \u00fcberm\u00e4\u00dfige Anh\u00e4ufung normaler Zucker im Muskel. Die klinischen&hellip;<\/p>\n","protected":false},"author":1,"featured_media":0,"parent":1332710,"menu_order":17,"comment_status":"closed","ping_status":"closed","template":"","meta":{"_seopress_robots_primary_cat":"","_seopress_titles_title":"","_seopress_titles_desc":"","_seopress_robots_index":"","footnotes":""},"class_list":["post-1335864","page","type-page","status-publish","hentry","description-off"],"_links":{"self":[{"href":"https:\/\/laboklin.de\/de-at\/wp-json\/wp\/v2\/pages\/1335864","targetHints":{"allow":["GET"]}}],"collection":[{"href":"https:\/\/laboklin.de\/de-at\/wp-json\/wp\/v2\/pages"}],"about":[{"href":"https:\/\/laboklin.de\/de-at\/wp-json\/wp\/v2\/types\/page"}],"author":[{"embeddable":true,"href":"https:\/\/laboklin.de\/de-at\/wp-json\/wp\/v2\/users\/1"}],"replies":[{"embeddable":true,"href":"https:\/\/laboklin.de\/de-at\/wp-json\/wp\/v2\/comments?post=1335864"}],"version-history":[{"count":1,"href":"https:\/\/laboklin.de\/de-at\/wp-json\/wp\/v2\/pages\/1335864\/revisions"}],"predecessor-version":[{"id":1510742,"href":"https:\/\/laboklin.de\/de-at\/wp-json\/wp\/v2\/pages\/1335864\/revisions\/1510742"}],"up":[{"embeddable":true,"href":"https:\/\/laboklin.de\/de-at\/wp-json\/wp\/v2\/pages\/1332710"}],"wp:attachment":[{"href":"https:\/\/laboklin.de\/de-at\/wp-json\/wp\/v2\/media?parent=1335864"}],"curies":[{"name":"wp","href":"https:\/\/api.w.org\/{rel}","templated":true}]}}