{"id":1335832,"date":"2020-10-16T11:36:26","date_gmt":"2020-10-16T09:36:26","guid":{"rendered":"https:\/\/laboklin.de\/leistungen\/profile\/profile-screenings-pferd\/klinisch-chemische-profile-screenings\/screening-gross-equiden-wiederkaeuer\/"},"modified":"2025-01-27T12:32:10","modified_gmt":"2025-01-27T11:32:10","slug":"screening-gross-equiden-wiederkaeuer","status":"publish","type":"page","link":"https:\/\/laboklin.de\/de-at\/leistungen\/profile\/profile-screenings-pferd\/klinisch-chemische-profile-screenings\/screening-gross-equiden-wiederkaeuer\/","title":{"rendered":"Screening gro\u00df (Equiden \/ Wiederk\u00e4uer)"},"content":{"rendered":"<h3 class=\"csc-firstHeader\">Screening gro\u00df <\/h3><p><span>LABOKLIN Leistungs-ID: 7700<\/span><\/p><table class=\"tx-laboklinleistung-table contenttable contenttable-2\" style=\"margin-top: 35px;\"><tr><td class=\"td-0\"><strong>Material<\/strong><\/td><td class=\"td-1\"><p class=\"bodytext\">Serum 1 ml + Natrium-Fluorid-Blut 1 ml<\/p><\/td><\/tr><tr><td class=\"td-0\"><strong>Parameter<\/strong><\/td><td class=\"td-1\"><p class=\"bodytext\">AP, \u03b3-GT, GLDH, Bilirubin gesamt, Cholesterin, Triglyceride, Glucose, AST, LDH, CK, Protein, Albumin, Globuline, Albumin-Globulin-Quotient, Harnstoff, Kreatinin, Phosphat, Calcium, Magnesium, Kalium, Natrium, Chlorid, Eisen, Zink, Kupfer, Selen<\/p><\/td><\/tr><tr><td class=\"td-0\"><strong>Methode<\/strong><\/td><td class=\"td-1\"><p class=\"bodytext\">photometrisch, AAS<\/p><\/td><\/tr><tr><td class=\"td-0\"><strong>Tierart(en)<\/strong><\/td><td class=\"td-1\"><p class=\"bodytext\">Equiden, Wiederk\u00e4uer<\/p><\/td><\/tr><tr><td class=\"td-0\"><strong>Dauer<\/strong><\/td><td class=\"td-1\"><p class=\"bodytext\">1 - 2 Tage<\/p><\/td><\/tr><tr><td class=\"td-0\"><strong>Anmerkung<\/strong><\/td><td class=\"td-1\"><p class=\"bodytext\">Zu dem Profil kann ein gro\u00dfes Blutbild angefordert werden. In diesem Fall ist zus\u00e4tzlich 1 ml EDTA-Blut und ein Blutausstrich einzusenden.<\/p><\/td><\/tr><\/table>\n","protected":false},"excerpt":{"rendered":"<p>Screening gro\u00df LABOKLIN Leistungs-ID: 7700MaterialSerum 1 ml + Natrium-Fluorid-Blut 1 mlParameterAP, \u03b3-GT, GLDH, Bilirubin gesamt, Cholesterin, Triglyceride, Glucose, AST, LDH, CK, Protein, Albumin, Globuline, Albumin-Globulin-Quotient, Harnstoff, Kreatinin, Phosphat, Calcium, Magnesium, Kalium, Natrium, Chlorid, Eisen, Zink, Kupfer, SelenMethodephotometrisch, AASTierart(en)Equiden, Wiederk\u00e4uerDauer1 &#8211; 2 TageAnmerkungZu dem Profil kann ein gro\u00dfes Blutbild angefordert werden. In diesem Fall ist zus\u00e4tzlich&hellip;<\/p>\n","protected":false},"author":1,"featured_media":0,"parent":1332848,"menu_order":16,"comment_status":"closed","ping_status":"closed","template":"","meta":{"_seopress_robots_primary_cat":"","_seopress_titles_title":"","_seopress_titles_desc":"","_seopress_robots_index":"","footnotes":""},"class_list":["post-1335832","page","type-page","status-publish","hentry","description-off"],"_links":{"self":[{"href":"https:\/\/laboklin.de\/de-at\/wp-json\/wp\/v2\/pages\/1335832","targetHints":{"allow":["GET"]}}],"collection":[{"href":"https:\/\/laboklin.de\/de-at\/wp-json\/wp\/v2\/pages"}],"about":[{"href":"https:\/\/laboklin.de\/de-at\/wp-json\/wp\/v2\/types\/page"}],"author":[{"embeddable":true,"href":"https:\/\/laboklin.de\/de-at\/wp-json\/wp\/v2\/users\/1"}],"replies":[{"embeddable":true,"href":"https:\/\/laboklin.de\/de-at\/wp-json\/wp\/v2\/comments?post=1335832"}],"version-history":[{"count":1,"href":"https:\/\/laboklin.de\/de-at\/wp-json\/wp\/v2\/pages\/1335832\/revisions"}],"predecessor-version":[{"id":1335835,"href":"https:\/\/laboklin.de\/de-at\/wp-json\/wp\/v2\/pages\/1335832\/revisions\/1335835"}],"up":[{"embeddable":true,"href":"https:\/\/laboklin.de\/de-at\/wp-json\/wp\/v2\/pages\/1332848"}],"wp:attachment":[{"href":"https:\/\/laboklin.de\/de-at\/wp-json\/wp\/v2\/media?parent=1335832"}],"curies":[{"name":"wp","href":"https:\/\/api.w.org\/{rel}","templated":true}]}}