{"id":1335808,"date":"2020-10-16T11:36:27","date_gmt":"2020-10-16T09:36:27","guid":{"rendered":"https:\/\/laboklin.de\/leistungen\/infektionskrankheiten-erreger-und-antikoerpernachweise\/viren\/herpesviren\/pferd-equines-herpesvirus-1-ehv-1-pcr\/"},"modified":"2025-01-30T11:31:59","modified_gmt":"2025-01-30T10:31:59","slug":"pferd-equines-herpesvirus-1-ehv-1-pcr","status":"publish","type":"page","link":"https:\/\/laboklin.de\/de-at\/leistungen\/infektionskrankheiten-erreger-und-antikoerpernachweise\/viren\/herpesviren\/pferd-equines-herpesvirus-1-ehv-1-pcr\/","title":{"rendered":"Pferd: Equines Herpesvirus 1 (EHV-1) &#8211; PCR"},"content":{"rendered":"<h3 class=\"csc-firstHeader\">Pferd: Equines Herpesvirus 1 (EHV-1) - PCR<\/h3><p><span>LABOKLIN Leistungs-ID: 8356<\/span><\/p><table class=\"tx-laboklinleistung-table contenttable contenttable-2\" style=\"margin-top: 35px;\"><tr><td class=\"td-0\"><strong>Material<\/strong><\/td><td class=\"td-1\"><p class=\"bodytext\">Abstrich ohne Medium (Nase oder Pharynx), Sp\u00fclprobe (BAL), Abortmaterial inkl. Plazenta, EDTA-Blut (auf Wunsch Nachweis aus Buffy Coat m\u00f6glich, daf\u00fcr ben\u00f6tigen wir min. 5 ml EB), Liquor, Kammerwasser<\/p><\/td><\/tr><tr><td class=\"td-0\"><strong>Methode<\/strong><\/td><td class=\"td-1\"><p class=\"bodytext\">realtime PCR<\/p><\/td><\/tr><tr><td class=\"td-0\"><strong>Dauer<\/strong><\/td><td class=\"td-1\"><p class=\"bodytext\">1 - 3 Tage<\/p><\/td><\/tr><tr><td class=\"td-0\"><strong>Anmerkung<\/strong><\/td><td class=\"td-1\"><p class=\"bodytext\"><ul><li> Blutuntersuchungen sind nur in der Fieberphase sinnvoll. In j\u00fcngerer Zeit wird die Einsendung von Organ-\/Abstrichmaterial plus EB empfohlen. Die Proben werden gepoolt und so eine h\u00f6here Nachweiswahrscheinlichkeit erreicht.<\/li> <li> Die EHV-1-PCR ist inkl. Differenzierung der neuropathogenen Variante.<\/li>  <li>Der Nachweis von EHV-1 wird auch in Kombination mit EHV-4 in den Atemwegsprofilen, dem gro\u00dfen Neurologieprofil und dem Abortprofil angeboten (siehe \"PCR-Profile\").<\/li><\/ul><\/p><\/td><\/tr><\/table>\n","protected":false},"excerpt":{"rendered":"<p>Pferd: Equines Herpesvirus 1 (EHV-1) &#8211; PCRLABOKLIN Leistungs-ID: 8356MaterialAbstrich ohne Medium (Nase oder Pharynx), Sp\u00fclprobe (BAL), Abortmaterial inkl. Plazenta, EDTA-Blut (auf Wunsch Nachweis aus Buffy Coat m\u00f6glich, daf\u00fcr ben\u00f6tigen wir min. 5 ml EB), Liquor, KammerwasserMethoderealtime PCRDauer1 &#8211; 3 TageAnmerkung Blutuntersuchungen sind nur in der Fieberphase sinnvoll. In j\u00fcngerer Zeit wird die Einsendung von Organ-\/Abstrichmaterial&hellip;<\/p>\n","protected":false},"author":1,"featured_media":0,"parent":1332958,"menu_order":16,"comment_status":"closed","ping_status":"closed","template":"","meta":{"_seopress_robots_primary_cat":"","_seopress_titles_title":"","_seopress_titles_desc":"","_seopress_robots_index":"","footnotes":""},"class_list":["post-1335808","page","type-page","status-publish","hentry","description-off"],"_links":{"self":[{"href":"https:\/\/laboklin.de\/de-at\/wp-json\/wp\/v2\/pages\/1335808","targetHints":{"allow":["GET"]}}],"collection":[{"href":"https:\/\/laboklin.de\/de-at\/wp-json\/wp\/v2\/pages"}],"about":[{"href":"https:\/\/laboklin.de\/de-at\/wp-json\/wp\/v2\/types\/page"}],"author":[{"embeddable":true,"href":"https:\/\/laboklin.de\/de-at\/wp-json\/wp\/v2\/users\/1"}],"replies":[{"embeddable":true,"href":"https:\/\/laboklin.de\/de-at\/wp-json\/wp\/v2\/comments?post=1335808"}],"version-history":[{"count":1,"href":"https:\/\/laboklin.de\/de-at\/wp-json\/wp\/v2\/pages\/1335808\/revisions"}],"predecessor-version":[{"id":1335811,"href":"https:\/\/laboklin.de\/de-at\/wp-json\/wp\/v2\/pages\/1335808\/revisions\/1335811"}],"up":[{"embeddable":true,"href":"https:\/\/laboklin.de\/de-at\/wp-json\/wp\/v2\/pages\/1332958"}],"wp:attachment":[{"href":"https:\/\/laboklin.de\/de-at\/wp-json\/wp\/v2\/media?parent=1335808"}],"curies":[{"name":"wp","href":"https:\/\/api.w.org\/{rel}","templated":true}]}}