{"id":1335794,"date":"2021-08-10T14:48:50","date_gmt":"2021-08-10T12:48:50","guid":{"rendered":"https:\/\/laboklin.de\/leistungen\/genetik\/erbkrankheiten\/hund\/mukopolysaccharidose-typ-6-mps6\/"},"modified":"2025-02-17T09:33:33","modified_gmt":"2025-02-17T08:33:33","slug":"mukopolysaccharidose-typ-6-mps6","status":"publish","type":"page","link":"https:\/\/laboklin.de\/de-at\/leistungen\/genetik\/erbkrankheiten\/hund\/mukopolysaccharidose-typ-6-mps6\/","title":{"rendered":"Mukopolysaccharidose Typ 6 (MPS6)"},"content":{"rendered":"<h3 class=\"csc-firstHeader\">Mukopolysaccharidose Typ VI (MPS6)<\/h3><p><span>LABOKLIN Leistungs-ID: 8693<\/span><\/p><p class=\"bodytext\">Die Mucopolysaccharidose Typ VI beim Zwergpinscher wird durch einen erblich bedingten Enzymmangel der Arylsulfatase B (ARSB) verursacht und geh\u00f6rt zur Gruppe der lysosomalen Speicherkrankheiten (angeborene Stoffwechselerkrankungen). Die Erkrankung folgt einem autosomal-rezessiven Erbgang. Betroffene Tiere zeigen bereits im sehr jungen Alter eine Tr\u00fcbung der Hornhaut, disproportionierten Minderwuchs mit kurzem Rumpf und gekr\u00fcmmter Wirbels\u00e4ule (Kyphose), sowie eine auff\u00e4llige Gesichtsanatomie (Gesichtsdysmorphie). <br \/>\r\nBei Urinuntersuchungen k\u00f6nnen hohe Werte an ausgeschiedenem Dermatan- und Chondroitin-Sulfat gemessen werden und die Toluidinblau-F\u00e4rbung ist stark positiv. Die ARSB-Enzymaktivit\u00e4t im Serum fehlt nahezu komplett. <br \/>\r\nDie urs\u00e4chliche genetische Variante scheint beim Zwergpinscher relativ h\u00e4ufig vorzukommen. Betroffene Hunde ben\u00f6tigen intensive medizinische Pflege und m\u00fcssen aufgrund der fortschreitenden schweren Symptome meist bereits im Welpen- bzw. im Jugendalter euthanasiert werden.      <br \/>\r\n<\/p><table class=\"tx-laboklinleistung-table contenttable contenttable-2\" style=\"margin-top: 35px;\"><tr><td class=\"td-0\"><strong>Methode<\/strong><\/td><td class=\"td-1\"><p class=\"bodytext\">Sequenzierung<\/p><\/td><\/tr><tr><td class=\"td-0\"><strong>Rasse<\/strong><\/td><td class=\"td-1\"><p class=\"bodytext\">Zwergpinscher<\/p><\/td><\/tr><tr><td class=\"td-0\"><strong>Erbgang<\/strong><\/td><td class=\"td-1\"><p class=\"bodytext\">autosomal-rezessiv<\/p><\/td><\/tr><tr><td class=\"td-0\"><strong>Dauer<\/strong><\/td><td class=\"td-1\"><p class=\"bodytext\">1 - 2 Wochen nach Erhalt der Probe<\/p><\/td><\/tr><\/table>\n","protected":false},"excerpt":{"rendered":"<p>Mukopolysaccharidose Typ VI (MPS6)LABOKLIN Leistungs-ID: 8693Die Mucopolysaccharidose Typ VI beim Zwergpinscher wird durch einen erblich bedingten Enzymmangel der Arylsulfatase B (ARSB) verursacht und geh\u00f6rt zur Gruppe der lysosomalen Speicherkrankheiten (angeborene Stoffwechselerkrankungen). Die Erkrankung folgt einem autosomal-rezessiven Erbgang. Betroffene Tiere zeigen bereits im sehr jungen Alter eine Tr\u00fcbung der Hornhaut, disproportionierten Minderwuchs mit kurzem Rumpf und&hellip;<\/p>\n","protected":false},"author":1,"featured_media":0,"parent":1332701,"menu_order":16,"comment_status":"closed","ping_status":"closed","template":"","meta":{"_seopress_robots_primary_cat":"","_seopress_titles_title":"","_seopress_titles_desc":"","_seopress_robots_index":"","footnotes":""},"class_list":["post-1335794","page","type-page","status-publish","hentry","description-off"],"_links":{"self":[{"href":"https:\/\/laboklin.de\/de-at\/wp-json\/wp\/v2\/pages\/1335794","targetHints":{"allow":["GET"]}}],"collection":[{"href":"https:\/\/laboklin.de\/de-at\/wp-json\/wp\/v2\/pages"}],"about":[{"href":"https:\/\/laboklin.de\/de-at\/wp-json\/wp\/v2\/types\/page"}],"author":[{"embeddable":true,"href":"https:\/\/laboklin.de\/de-at\/wp-json\/wp\/v2\/users\/1"}],"replies":[{"embeddable":true,"href":"https:\/\/laboklin.de\/de-at\/wp-json\/wp\/v2\/comments?post=1335794"}],"version-history":[{"count":1,"href":"https:\/\/laboklin.de\/de-at\/wp-json\/wp\/v2\/pages\/1335794\/revisions"}],"predecessor-version":[{"id":1509128,"href":"https:\/\/laboklin.de\/de-at\/wp-json\/wp\/v2\/pages\/1335794\/revisions\/1509128"}],"up":[{"embeddable":true,"href":"https:\/\/laboklin.de\/de-at\/wp-json\/wp\/v2\/pages\/1332701"}],"wp:attachment":[{"href":"https:\/\/laboklin.de\/de-at\/wp-json\/wp\/v2\/media?parent=1335794"}],"curies":[{"name":"wp","href":"https:\/\/api.w.org\/{rel}","templated":true}]}}