{"id":1335779,"date":"2020-10-16T11:36:27","date_gmt":"2020-10-16T09:36:27","guid":{"rendered":"https:\/\/laboklin.de\/leistungen\/genetik\/fellfarbe-haarstruktur\/pferd\/appaloosa-pattern-1\/"},"modified":"2025-02-25T13:20:43","modified_gmt":"2025-02-25T12:20:43","slug":"appaloosa-pattern-1","status":"publish","type":"page","link":"https:\/\/laboklin.de\/de-at\/leistungen\/genetik\/fellfarbe-haarstruktur\/pferd\/appaloosa-pattern-1\/","title":{"rendered":"Appaloosa pattern 1"},"content":{"rendered":"<h3 class=\"csc-firstHeader\">Appaloosa pattern 1<\/h3><p><span>LABOKLIN Leistungs-ID: 8140<\/span><\/p><p class=\"bodytext\">W\u00e4hrend das LP-Gen (Leopard-Komplex) verantwortlich ist f\u00fcr verschiedene wei\u00dfe Pattern, beeinflusst das PATN1-Gen die Gr\u00f6\u00dfe und Verteilung der Wei\u00dfanteile. Eine Mutation im PATN1-Gen ist assoziiert mit einem erh\u00f6hten Wei\u00dfanteil bei Leopard-gemusterten Pferden. Bei Pferden, die heterozygot f\u00fcr LP sind (LP\/lp), verursacht die PATN1-Mutation in den meisten F\u00e4llen die Auspr\u00e4gung eines Volltigers. Bei Pferden, die homozygot f\u00fcr LP sind (LP\/LP), entstehen meist few-spot Leoparden. Die PATN1-Mutation kommt h\u00e4ufig in Rassen mit Leopard vor, unter anderem beim Appaloosa, British Spotted Pony, American Miniature Horse und Knabstrupper. Sie wurde auch in anderen Rassen nachgewiesen, hat aber ohne das LP-Gen keinen Einflu\u00df auf den Ph\u00e4notyp.<\/p><table class=\"tx-laboklinleistung-table contenttable contenttable-2\" style=\"margin-top: 35px;\"><tr><td class=\"td-0\"><strong>Methode<\/strong><\/td><td class=\"td-1\"><p class=\"bodytext\">TaqMan SNP Assay<\/p><\/td><\/tr><tr><td class=\"td-0\"><strong>Rasse<\/strong><\/td><td class=\"td-1\"><p class=\"bodytext\">Appaloosa, Pony of the Americas, sonstige \/ unbekannt<\/p><\/td><\/tr><tr><td class=\"td-0\"><strong>Dauer<\/strong><\/td><td class=\"td-1\"><p class=\"bodytext\">3 - 5 Werktage nach Erhalt der Probe<\/p><\/td><\/tr><\/table>\n","protected":false},"excerpt":{"rendered":"<p>Appaloosa pattern 1LABOKLIN Leistungs-ID: 8140W\u00e4hrend das LP-Gen (Leopard-Komplex) verantwortlich ist f\u00fcr verschiedene wei\u00dfe Pattern, beeinflusst das PATN1-Gen die Gr\u00f6\u00dfe und Verteilung der Wei\u00dfanteile. Eine Mutation im PATN1-Gen ist assoziiert mit einem erh\u00f6hten Wei\u00dfanteil bei Leopard-gemusterten Pferden. Bei Pferden, die heterozygot f\u00fcr LP sind (LP\/lp), verursacht die PATN1-Mutation in den meisten F\u00e4llen die Auspr\u00e4gung eines Volltigers.&hellip;<\/p>\n","protected":false},"author":1,"featured_media":0,"parent":1332724,"menu_order":15,"comment_status":"closed","ping_status":"closed","template":"","meta":{"_seopress_robots_primary_cat":"","_seopress_titles_title":"","_seopress_titles_desc":"","_seopress_robots_index":"","footnotes":""},"class_list":["post-1335779","page","type-page","status-publish","hentry","description-off"],"_links":{"self":[{"href":"https:\/\/laboklin.de\/de-at\/wp-json\/wp\/v2\/pages\/1335779","targetHints":{"allow":["GET"]}}],"collection":[{"href":"https:\/\/laboklin.de\/de-at\/wp-json\/wp\/v2\/pages"}],"about":[{"href":"https:\/\/laboklin.de\/de-at\/wp-json\/wp\/v2\/types\/page"}],"author":[{"embeddable":true,"href":"https:\/\/laboklin.de\/de-at\/wp-json\/wp\/v2\/users\/1"}],"replies":[{"embeddable":true,"href":"https:\/\/laboklin.de\/de-at\/wp-json\/wp\/v2\/comments?post=1335779"}],"version-history":[{"count":1,"href":"https:\/\/laboklin.de\/de-at\/wp-json\/wp\/v2\/pages\/1335779\/revisions"}],"predecessor-version":[{"id":1484870,"href":"https:\/\/laboklin.de\/de-at\/wp-json\/wp\/v2\/pages\/1335779\/revisions\/1484870"}],"up":[{"embeddable":true,"href":"https:\/\/laboklin.de\/de-at\/wp-json\/wp\/v2\/pages\/1332724"}],"wp:attachment":[{"href":"https:\/\/laboklin.de\/de-at\/wp-json\/wp\/v2\/media?parent=1335779"}],"curies":[{"name":"wp","href":"https:\/\/api.w.org\/{rel}","templated":true}]}}