{"id":1335758,"date":"2020-10-16T11:36:27","date_gmt":"2020-10-16T09:36:27","guid":{"rendered":"https:\/\/laboklin.de\/leistungen\/haematologie-klin-chemie-endokrinologie\/endokrinologie-tumormarker\/igf-1-insulin-like-growth-factor-1-sth-aequivalent\/"},"modified":"2025-01-29T09:58:25","modified_gmt":"2025-01-29T08:58:25","slug":"igf-1-insulin-like-growth-factor-1","status":"publish","type":"page","link":"https:\/\/laboklin.de\/de-at\/leistungen\/haematologie-klin-chemie-endokrinologie\/endokrinologie-tumormarker\/igf-1-insulin-like-growth-factor-1\/","title":{"rendered":"IGF-1 (Insulin-like Growth Factor 1)"},"content":{"rendered":"<h3 class=\"csc-firstHeader\">IGF-1 (Insulin-like Growth Factor 1)<\/h3><p><span>LABOKLIN Leistungs-ID: 1051<\/span><\/p><p class=\"bodytext\"><br><ul><li><strong>Katze<\/strong>: IGF-1 kann zur Diagnostik bei Verdacht auf Hypersomatotropismus (Akromegalie), insbesondere bei schwer einstellbarem Diabetes mellitus, genutzt werden. Ein Insulinmangel kann zum Abfall der IGF-1-Konzentration im Blut f\u00fchren. Die Bestimmung von IGF-1 sollte daher bei Diabetikern fr\u00fchestens 4-6 Wochen nach Start einer Insulintherapie erfolgen.<\/li><li><strong>Hund<\/strong>: Hypophys\u00e4rer Zwergwuchs \u2013 die Diagnose basiert unter anderem auf niedrigen IGF-1-Konzentrationen. Zum Gennachweis Zwergwuchs (hypophys\u00e4r) siehe Rubrik Gentik\/Erbkrankeiten\/Hund.<\/li><\/ul><\/p><table class=\"tx-laboklinleistung-table contenttable contenttable-2\" style=\"margin-top: 35px;\"><tr><td class=\"td-0\"><strong>Material<\/strong><\/td><td class=\"td-1\"><p class=\"bodytext\">Serum 0,5 ml (zeitnah nach Koagulation abzentrifugiert, abpipettiert und gek\u00fchlt)<\/p><\/td><\/tr><tr><td class=\"td-0\"><strong>Methode<\/strong><\/td><td class=\"td-1\"><p class=\"bodytext\">Chemoluminiszenzassay (CLIA)<\/p><\/td><\/tr><tr><td class=\"td-0\"><strong>Tierart(en)<\/strong><\/td><td class=\"td-1\"><p class=\"bodytext\">Hund, Katze, weitere auf Anfrage<\/p><\/td><\/tr><tr><td class=\"td-0\"><strong>Dauer<\/strong><\/td><td class=\"td-1\"><p class=\"bodytext\">1\u20133 Arbeitstage<\/p><\/td><\/tr><\/table>\n","protected":false},"excerpt":{"rendered":"<p>IGF-1 (Insulin-like Growth Factor 1)LABOKLIN Leistungs-ID: 1051Katze: IGF-1 kann zur Diagnostik bei Verdacht auf Hypersomatotropismus (Akromegalie), insbesondere bei schwer einstellbarem Diabetes mellitus, genutzt werden. Ein Insulinmangel kann zum Abfall der IGF-1-Konzentration im Blut f\u00fchren. Die Bestimmung von IGF-1 sollte daher bei Diabetikern fr\u00fchestens 4-6 Wochen nach Start einer Insulintherapie erfolgen.Hund: Hypophys\u00e4rer Zwergwuchs \u2013 die Diagnose&hellip;<\/p>\n","protected":false},"author":1,"featured_media":0,"parent":1332763,"menu_order":15,"comment_status":"closed","ping_status":"closed","template":"","meta":{"_seopress_robots_primary_cat":"","_seopress_titles_title":"","_seopress_titles_desc":"","_seopress_robots_index":"","footnotes":""},"class_list":["post-1335758","page","type-page","status-publish","hentry","description-off"],"_links":{"self":[{"href":"https:\/\/laboklin.de\/de-at\/wp-json\/wp\/v2\/pages\/1335758","targetHints":{"allow":["GET"]}}],"collection":[{"href":"https:\/\/laboklin.de\/de-at\/wp-json\/wp\/v2\/pages"}],"about":[{"href":"https:\/\/laboklin.de\/de-at\/wp-json\/wp\/v2\/types\/page"}],"author":[{"embeddable":true,"href":"https:\/\/laboklin.de\/de-at\/wp-json\/wp\/v2\/users\/1"}],"replies":[{"embeddable":true,"href":"https:\/\/laboklin.de\/de-at\/wp-json\/wp\/v2\/comments?post=1335758"}],"version-history":[{"count":1,"href":"https:\/\/laboklin.de\/de-at\/wp-json\/wp\/v2\/pages\/1335758\/revisions"}],"predecessor-version":[{"id":1497856,"href":"https:\/\/laboklin.de\/de-at\/wp-json\/wp\/v2\/pages\/1335758\/revisions\/1497856"}],"up":[{"embeddable":true,"href":"https:\/\/laboklin.de\/de-at\/wp-json\/wp\/v2\/pages\/1332763"}],"wp:attachment":[{"href":"https:\/\/laboklin.de\/de-at\/wp-json\/wp\/v2\/media?parent=1335758"}],"curies":[{"name":"wp","href":"https:\/\/api.w.org\/{rel}","templated":true}]}}