{"id":1335746,"date":"2021-08-10T14:50:51","date_gmt":"2021-08-10T12:50:51","guid":{"rendered":"https:\/\/laboklin.de\/leistungen\/genetik\/erbkrankheiten\/hund\/paroxysmale-exercise-induced-dyskinesie-ped\/"},"modified":"2025-02-17T09:49:20","modified_gmt":"2025-02-17T08:49:20","slug":"paroxysmale-exercise-induced-dyskinesie-ped","status":"publish","type":"page","link":"https:\/\/laboklin.de\/de-at\/leistungen\/genetik\/erbkrankheiten\/hund\/paroxysmale-exercise-induced-dyskinesie-ped\/","title":{"rendered":"Paroxysmale exercise-induced Dyskinesie (PED)"},"content":{"rendered":"<h3 class=\"csc-firstHeader\">Paroxysmale exercise-induced Dyskinesie (PED)<\/h3><p><span>LABOKLIN Leistungs-ID: 8690<\/span><\/p><p class=\"bodytext\">Paroxysmale Bewegungsst\u00f6rungen sind eine Gruppe unterschiedlicher neurologischer Erkrankungen, die sich durch Episoden unwillk\u00fcrlicher Bewegungen kennzeichnen lassen. Die Paroxysmale exercise-induced Dyskinesie (PED) stellt eine Form dieser Bewegungsst\u00f6rungen dar, bei der die Anfallserscheinungen durch Stress oder Aufregung ausgel\u00f6st werden k\u00f6nnen.<br \/>\nBeim Shetland Sheepdog konnte eine Variante im PCK2 (phosphoenolpyruvate caboxykinase 2)-Gen gefunden werden, die mit PED assoziiert ist. Die betroffenen Hunde zeigen Episoden von allgemeiner Ataxie (St\u00f6rungen der Muskelbewegungen) mit einem auff\u00e4lligen Gangbild (Hypermetrie) und einer erh\u00f6hten Muskelspannung (Hypertonie) bei allen vier Beinen sowie einer verminderten mentale Aktivit\u00e4t und einem milden Tremor (Muskelzucken). Die Episoden k\u00f6nnen von wenigen Minuten bis hin zu mehreren Stunden andauern und werden durch innere Anspannung ausgel\u00f6st, wie beim Spielen, nach dem Erschrecken durch unerwartete Ger\u00e4usche oder bei hei\u00dfem Wetter. Blutuntersuchungen zeigen eine milde Lactatazidose und Lactaturie, leicht erh\u00f6hte Serum-Creatinkinase (CK)-Werte sowie Hypoglyk\u00e4mie (Unterzuckerung). Ein gutes Stressmanagement, eine spezifische Di\u00e4t (gluten- und getreidefrei, Meeresfr\u00fcchte-basiert mit hohem Tryptophan-Anteil) sowie eine Therapie mit antiepileptischen Medikamenten (Carboanhydrasehemmer) k\u00f6nnen die Frequenz der Episoden beeinflussen und die Symptome vermindern. <br \/>\nBei der Rasse Weimaraner wurde eine Variante im TNR (Tenascin-R)-Gen gefunden, die autosomal-rezessiv vererbt wird und PED verursacht. Betroffene Hunde zeigen Symptome wie einen abnormalen Gang, der durch verst\u00e4rkte Muskelkontraktionen (Dystonie), Ataxie und Hypermetrie gekennzeichnet ist und gelegentlich zu einem Kollaps f\u00fchrt. Eine Verkr\u00fcmmung der Wirbels\u00e4ule und eine niedrige Kopfhaltung waren ebenfalls typische klinische Symptome. Einige Hunde zeigten auch ungleiche Pupillengr\u00f6\u00dfen. Erste klinische Anzeichen der Erkrankung wurden im Alter zwischen 3 und 7 Monaten sichtbar. Diese abnormalen Episoden werden durch erh\u00f6hte emotionale Erregung und k\u00f6rperliche Anstrengung ausgel\u00f6st, k\u00f6nnen mehrmals t\u00e4glich auftreten und halten 5 bis 15 Minuten an. K\u00f6rperliche und neurologische Untersuchungen, Muskel- und Nervenbiopsien, Elektrophysiologie sowie MRT waren unauff\u00e4llig.<br \/>\n<br \/>\n<br \/>\n<\/p><table class=\"tx-laboklinleistung-table contenttable contenttable-2\" style=\"margin-top: 35px;\"><tr><td class=\"td-0\"><strong>Methode<\/strong><\/td><td class=\"td-1\"><p class=\"bodytext\">Sequenzierung<\/p><\/td><\/tr><tr><td class=\"td-0\"><strong>Rasse<\/strong><\/td><td class=\"td-1\"><p class=\"bodytext\">Shetland Sheepdog (Sheltie) , Weimaraner<\/p><\/td><\/tr><tr><td class=\"td-0\"><strong>Erbgang<\/strong><\/td><td class=\"td-1\"><p class=\"bodytext\">Shetland Sheepdog: wahrscheinlich autosomal-dominant (noch in Erforschung);<br>\r\nWeimaraner: autosomal-rezessiv <\/p><\/td><\/tr><tr><td class=\"td-0\"><strong>Dauer<\/strong><\/td><td class=\"td-1\"><p class=\"bodytext\">1 - 2 Wochen nach Erhalt der Probe\r\n<\/p><\/td><\/tr><\/table>\n","protected":false},"excerpt":{"rendered":"<p>Paroxysmale exercise-induced Dyskinesie (PED)LABOKLIN Leistungs-ID: 8690Paroxysmale Bewegungsst\u00f6rungen sind eine Gruppe unterschiedlicher neurologischer Erkrankungen, die sich durch Episoden unwillk\u00fcrlicher Bewegungen kennzeichnen lassen. Die Paroxysmale exercise-induced Dyskinesie (PED) stellt eine Form dieser Bewegungsst\u00f6rungen dar, bei der die Anfallserscheinungen durch Stress oder Aufregung ausgel\u00f6st werden k\u00f6nnen. Beim Shetland Sheepdog konnte eine Variante im PCK2 (phosphoenolpyruvate caboxykinase 2)-Gen gefunden&hellip;<\/p>\n","protected":false},"author":1,"featured_media":0,"parent":1332701,"menu_order":15,"comment_status":"closed","ping_status":"closed","template":"","meta":{"_seopress_robots_primary_cat":"","_seopress_titles_title":"","_seopress_titles_desc":"","_seopress_robots_index":"","footnotes":""},"class_list":["post-1335746","page","type-page","status-publish","hentry","description-off"],"_links":{"self":[{"href":"https:\/\/laboklin.de\/de-at\/wp-json\/wp\/v2\/pages\/1335746","targetHints":{"allow":["GET"]}}],"collection":[{"href":"https:\/\/laboklin.de\/de-at\/wp-json\/wp\/v2\/pages"}],"about":[{"href":"https:\/\/laboklin.de\/de-at\/wp-json\/wp\/v2\/types\/page"}],"author":[{"embeddable":true,"href":"https:\/\/laboklin.de\/de-at\/wp-json\/wp\/v2\/users\/1"}],"replies":[{"embeddable":true,"href":"https:\/\/laboklin.de\/de-at\/wp-json\/wp\/v2\/comments?post=1335746"}],"version-history":[{"count":1,"href":"https:\/\/laboklin.de\/de-at\/wp-json\/wp\/v2\/pages\/1335746\/revisions"}],"predecessor-version":[{"id":1509187,"href":"https:\/\/laboklin.de\/de-at\/wp-json\/wp\/v2\/pages\/1335746\/revisions\/1509187"}],"up":[{"embeddable":true,"href":"https:\/\/laboklin.de\/de-at\/wp-json\/wp\/v2\/pages\/1332701"}],"wp:attachment":[{"href":"https:\/\/laboklin.de\/de-at\/wp-json\/wp\/v2\/media?parent=1335746"}],"curies":[{"name":"wp","href":"https:\/\/api.w.org\/{rel}","templated":true}]}}