{"id":1335693,"date":"2021-08-10T15:31:07","date_gmt":"2021-08-10T13:31:07","guid":{"rendered":"https:\/\/laboklin.de\/leistungen\/genetik\/erbkrankheiten\/hund\/progressive-retinaatrophie-crd3-pra\/"},"modified":"2025-02-17T10:09:47","modified_gmt":"2025-02-17T09:09:47","slug":"progressive-retinaatrophie-crd3-pra","status":"publish","type":"page","link":"https:\/\/laboklin.de\/de-at\/leistungen\/genetik\/erbkrankheiten\/hund\/progressive-retinaatrophie-crd3-pra\/","title":{"rendered":"Progressive Retinaatrophie (crd3-PRA)"},"content":{"rendered":"<h3 class=\"csc-firstHeader\">Progressive Retinaatrophie (crd3-PRA)<\/h3><p><span>LABOKLIN Leistungs-ID: 8691<\/span><\/p><p class=\"bodytext\">Beim Irish Glen of Imaal Terrier konnte eine Variante im ADAM9-Gen gefunden werden, die mit einer Cone-Rod-Dystrophie (crd3) einhergeht. Die Retina der betroffenen Hunde zeigt in einem jungen Alter zun\u00e4chst keine Auff\u00e4lligkeiten, im Alter von 12-24 Monaten kommt es aber zuerst zu einer Degeneration der Zapfen- und sp\u00e4ter auch der St\u00e4bchen-Photorezeptorzellen. Erste Anzeichen der Erkrankung sind typischerweise Probleme beim Ausweichen von Hindernissen im D\u00e4mmerlicht. Die Degeneration der Photorezeptoren nimmt mit der Zeit immer weiter zu, bis zur vollst\u00e4ndigen Erblindung k\u00f6nnen aber mehrere Jahre vergehen. So kann diese Form der PRA meist auch erst im Alter von 3-5 Jahren durch ophthalmologische Untersuchungen erkannt werden. <\/p><table class=\"tx-laboklinleistung-table contenttable contenttable-2\" style=\"margin-top: 35px;\"><tr><td class=\"td-0\"><strong>Methode<\/strong><\/td><td class=\"td-1\"><p class=\"bodytext\">Sequenzierung<\/p><\/td><\/tr><tr><td class=\"td-0\"><strong>Rasse<\/strong><\/td><td class=\"td-1\"><p class=\"bodytext\">Irischer Glen of Imaal Terrier<\/p><\/td><\/tr><tr><td class=\"td-0\"><strong>Erbgang<\/strong><\/td><td class=\"td-1\"><p class=\"bodytext\">vermutlich autosomal-rezessiv<\/p><\/td><\/tr><tr><td class=\"td-0\"><strong>Dauer<\/strong><\/td><td class=\"td-1\"><p class=\"bodytext\">1 - 2 Wochen nach Erhalt der Probe<\/p><\/td><\/tr><\/table>\n","protected":false},"excerpt":{"rendered":"<p>Progressive Retinaatrophie (crd3-PRA)LABOKLIN Leistungs-ID: 8691Beim Irish Glen of Imaal Terrier konnte eine Variante im ADAM9-Gen gefunden werden, die mit einer Cone-Rod-Dystrophie (crd3) einhergeht. Die Retina der betroffenen Hunde zeigt in einem jungen Alter zun\u00e4chst keine Auff\u00e4lligkeiten, im Alter von 12-24 Monaten kommt es aber zuerst zu einer Degeneration der Zapfen- und sp\u00e4ter auch der St\u00e4bchen-Photorezeptorzellen.&hellip;<\/p>\n","protected":false},"author":1,"featured_media":0,"parent":1332701,"menu_order":14,"comment_status":"closed","ping_status":"closed","template":"","meta":{"_seopress_robots_primary_cat":"","_seopress_titles_title":"","_seopress_titles_desc":"","_seopress_robots_index":"","footnotes":""},"class_list":["post-1335693","page","type-page","status-publish","hentry","description-off"],"_links":{"self":[{"href":"https:\/\/laboklin.de\/de-at\/wp-json\/wp\/v2\/pages\/1335693","targetHints":{"allow":["GET"]}}],"collection":[{"href":"https:\/\/laboklin.de\/de-at\/wp-json\/wp\/v2\/pages"}],"about":[{"href":"https:\/\/laboklin.de\/de-at\/wp-json\/wp\/v2\/types\/page"}],"author":[{"embeddable":true,"href":"https:\/\/laboklin.de\/de-at\/wp-json\/wp\/v2\/users\/1"}],"replies":[{"embeddable":true,"href":"https:\/\/laboklin.de\/de-at\/wp-json\/wp\/v2\/comments?post=1335693"}],"version-history":[{"count":1,"href":"https:\/\/laboklin.de\/de-at\/wp-json\/wp\/v2\/pages\/1335693\/revisions"}],"predecessor-version":[{"id":1509330,"href":"https:\/\/laboklin.de\/de-at\/wp-json\/wp\/v2\/pages\/1335693\/revisions\/1509330"}],"up":[{"embeddable":true,"href":"https:\/\/laboklin.de\/de-at\/wp-json\/wp\/v2\/pages\/1332701"}],"wp:attachment":[{"href":"https:\/\/laboklin.de\/de-at\/wp-json\/wp\/v2\/media?parent=1335693"}],"curies":[{"name":"wp","href":"https:\/\/api.w.org\/{rel}","templated":true}]}}