{"id":1335640,"date":"2020-10-16T11:36:27","date_gmt":"2020-10-16T09:36:27","guid":{"rendered":"https:\/\/laboklin.de\/leistungen\/haematologie-klin-chemie-endokrinologie\/immunologische-untersuchungen-entzuendungsparameter\/immunglobulin-m-igm\/"},"modified":"2025-01-28T13:44:10","modified_gmt":"2025-01-28T12:44:10","slug":"immunglobulin-m-igm","status":"publish","type":"page","link":"https:\/\/laboklin.de\/de-at\/leistungen\/haematologie-klin-chemie-endokrinologie\/immunologische-untersuchungen-entzuendungsparameter\/immunglobulin-m-igm\/","title":{"rendered":"Immunglobulin M (IgM)"},"content":{"rendered":"<h3 class=\"csc-firstHeader\">Immunglobulin M (IgM)<\/h3><p><span>LABOKLIN Leistungs-ID: 750<\/span><\/p><p class=\"bodytext\"><br>Die Bedeutung von IgM liegt vor allem in der Vermittlung der prim\u00e4ren Immunantwort. Eine Beteiligung an der sekund\u00e4ren Immunantwort ist zwar vorhanden, seine Bedeutung ist aber wesentlich geringer. Die sekund\u00e4re Immunantwort wird vorwiegend durch IgG vermittelt.<\/p><table class=\"tx-laboklinleistung-table contenttable contenttable-2\" style=\"margin-top: 35px;\"><tr><td class=\"td-0\"><strong>Material<\/strong><\/td><td class=\"td-1\"><p class=\"bodytext\">Serum 0,5 ml<\/p><\/td><\/tr><tr><td class=\"td-0\"><strong>Methode<\/strong><\/td><td class=\"td-1\"><p class=\"bodytext\">Photometrie<\/p><\/td><\/tr><tr><td class=\"td-0\"><strong>Dauer<\/strong><\/td><td class=\"td-1\"><p class=\"bodytext\">2 Arbeitstage<\/p><\/td><\/tr><\/table>\n","protected":false},"excerpt":{"rendered":"<p>Immunglobulin M (IgM)LABOKLIN Leistungs-ID: 750Die Bedeutung von IgM liegt vor allem in der Vermittlung der prim\u00e4ren Immunantwort. Eine Beteiligung an der sekund\u00e4ren Immunantwort ist zwar vorhanden, seine Bedeutung ist aber wesentlich geringer. Die sekund\u00e4re Immunantwort wird vorwiegend durch IgG vermittelt.MaterialSerum 0,5 mlMethodePhotometrieDauer2 Arbeitstage<\/p>\n","protected":false},"author":1,"featured_media":0,"parent":1332761,"menu_order":13,"comment_status":"closed","ping_status":"closed","template":"","meta":{"_seopress_robots_primary_cat":"","_seopress_titles_title":"","_seopress_titles_desc":"","_seopress_robots_index":"","footnotes":""},"class_list":["post-1335640","page","type-page","status-publish","hentry","description-off"],"_links":{"self":[{"href":"https:\/\/laboklin.de\/de-at\/wp-json\/wp\/v2\/pages\/1335640","targetHints":{"allow":["GET"]}}],"collection":[{"href":"https:\/\/laboklin.de\/de-at\/wp-json\/wp\/v2\/pages"}],"about":[{"href":"https:\/\/laboklin.de\/de-at\/wp-json\/wp\/v2\/types\/page"}],"author":[{"embeddable":true,"href":"https:\/\/laboklin.de\/de-at\/wp-json\/wp\/v2\/users\/1"}],"replies":[{"embeddable":true,"href":"https:\/\/laboklin.de\/de-at\/wp-json\/wp\/v2\/comments?post=1335640"}],"version-history":[{"count":1,"href":"https:\/\/laboklin.de\/de-at\/wp-json\/wp\/v2\/pages\/1335640\/revisions"}],"predecessor-version":[{"id":1335643,"href":"https:\/\/laboklin.de\/de-at\/wp-json\/wp\/v2\/pages\/1335640\/revisions\/1335643"}],"up":[{"embeddable":true,"href":"https:\/\/laboklin.de\/de-at\/wp-json\/wp\/v2\/pages\/1332761"}],"wp:attachment":[{"href":"https:\/\/laboklin.de\/de-at\/wp-json\/wp\/v2\/media?parent=1335640"}],"curies":[{"name":"wp","href":"https:\/\/api.w.org\/{rel}","templated":true}]}}