{"id":1335612,"date":"2022-10-21T13:55:27","date_gmt":"2022-10-21T11:55:27","guid":{"rendered":"https:\/\/laboklin.de\/leistungen\/mikrobiologie-parasitologie\/untersuchungen-bei-verdauungsstoerungen-und-diarrhoee\/einzelbestimmungen-bakterien\/e-coli-enteropathogene-pcr\/"},"modified":"2025-02-04T12:47:33","modified_gmt":"2025-02-04T11:47:33","slug":"e-coli-enteropathogene-pcr","status":"publish","type":"page","link":"https:\/\/laboklin.de\/de-at\/leistungen\/mikrobiologie-parasitologie\/untersuchungen-bei-verdauungsstoerungen-und-diarrhoee\/einzelbestimmungen-bakterien\/e-coli-enteropathogene-pcr\/","title":{"rendered":"E. coli, enteropathogene &#8211; PCR"},"content":{"rendered":"<h3 class=\"csc-firstHeader\">E. coli, enteropathogene - PCR<\/h3><p><span>LABOKLIN Leistungs-ID: 1506<\/span><\/p><table class=\"tx-laboklinleistung-table contenttable contenttable-2\" style=\"margin-top: 35px;\"><tr><td class=\"td-0\"><strong>Parameter<\/strong><\/td><td class=\"td-1\"><p class=\"bodytext\">E.-coli-Virulenzfaktoren: STa, STb, LTb, stx1, stx2, eae<\/p><\/td><\/tr><tr><td class=\"td-0\"><strong>Methode<\/strong><\/td><td class=\"td-1\"><p class=\"bodytext\">PCR nach vorherigem kulturellem Nachweis von E. coli<\/p><\/td><\/tr><tr><td class=\"td-0\"><strong>Dauer<\/strong><\/td><td class=\"td-1\"><p class=\"bodytext\">2 \u2013 3 Tage <\/p><\/td><\/tr><tr><td class=\"td-0\"><strong>Anmerkung<\/strong><\/td><td class=\"td-1\"><p class=\"bodytext\">E. coli, die Gene f\u00fcr die Synthese von Entero- oder Shiga-Toxinen (EPEC, STEC) und\/oder des Pathogenit\u00e4tsfaktors Intimin (EPEC) tragen, k\u00f6nnen vor allem bei Jungtieren darmassoziierte Beschwerden wie Durchfall ausl\u00f6sen. Erwachsene Tiere k\u00f6nnen enteropathogene E. coli mit dem Kot ausscheiden, ohne selbst zu erkranken. <\/p><\/td><\/tr><\/table>\n","protected":false},"excerpt":{"rendered":"<p>E. coli, enteropathogene &#8211; PCRLABOKLIN Leistungs-ID: 1506ParameterE.-coli-Virulenzfaktoren: STa, STb, LTb, stx1, stx2, eaeMethodePCR nach vorherigem kulturellem Nachweis von E. coliDauer2 \u2013 3 Tage AnmerkungE. coli, die Gene f\u00fcr die Synthese von Entero- oder Shiga-Toxinen (EPEC, STEC) und\/oder des Pathogenit\u00e4tsfaktors Intimin (EPEC) tragen, k\u00f6nnen vor allem bei Jungtieren darmassoziierte Beschwerden wie Durchfall ausl\u00f6sen. Erwachsene Tiere k\u00f6nnen&hellip;<\/p>\n","protected":false},"author":10,"featured_media":0,"parent":1333226,"menu_order":13,"comment_status":"closed","ping_status":"closed","template":"","meta":{"_seopress_robots_primary_cat":"","_seopress_titles_title":"","_seopress_titles_desc":"","_seopress_robots_index":"","footnotes":""},"class_list":["post-1335612","page","type-page","status-publish","hentry","description-off"],"_links":{"self":[{"href":"https:\/\/laboklin.de\/de-at\/wp-json\/wp\/v2\/pages\/1335612","targetHints":{"allow":["GET"]}}],"collection":[{"href":"https:\/\/laboklin.de\/de-at\/wp-json\/wp\/v2\/pages"}],"about":[{"href":"https:\/\/laboklin.de\/de-at\/wp-json\/wp\/v2\/types\/page"}],"author":[{"embeddable":true,"href":"https:\/\/laboklin.de\/de-at\/wp-json\/wp\/v2\/users\/10"}],"replies":[{"embeddable":true,"href":"https:\/\/laboklin.de\/de-at\/wp-json\/wp\/v2\/comments?post=1335612"}],"version-history":[{"count":1,"href":"https:\/\/laboklin.de\/de-at\/wp-json\/wp\/v2\/pages\/1335612\/revisions"}],"predecessor-version":[{"id":1506546,"href":"https:\/\/laboklin.de\/de-at\/wp-json\/wp\/v2\/pages\/1335612\/revisions\/1506546"}],"up":[{"embeddable":true,"href":"https:\/\/laboklin.de\/de-at\/wp-json\/wp\/v2\/pages\/1333226"}],"wp:attachment":[{"href":"https:\/\/laboklin.de\/de-at\/wp-json\/wp\/v2\/media?parent=1335612"}],"curies":[{"name":"wp","href":"https:\/\/api.w.org\/{rel}","templated":true}]}}