{"id":1335554,"date":"2020-10-16T11:36:27","date_gmt":"2020-10-16T09:36:27","guid":{"rendered":"https:\/\/laboklin.de\/leistungen\/haematologie-klin-chemie-endokrinologie\/klinisch-chemische-parameter\/mineralstoffe-und-elektrolyte\/zn-zink\/"},"modified":"2025-01-28T13:30:18","modified_gmt":"2025-01-28T12:30:18","slug":"zn-zink","status":"publish","type":"page","link":"https:\/\/laboklin.de\/de-at\/leistungen\/haematologie-klin-chemie-endokrinologie\/klinisch-chemische-parameter\/mineralstoffe-und-elektrolyte\/zn-zink\/","title":{"rendered":"Zn (Zink)"},"content":{"rendered":"<h3 class=\"csc-firstHeader\">Zn (Zink)<\/h3><p><span>LABOKLIN Leistungs-ID: 34<\/span><\/p><p class=\"bodytext\"><br><ul><li>Bei starkem Zinkmangel kommt es zur Parakeratose der Haut und Schleimhaut; bei <strong>Katzen<\/strong> werden \u00fcberwiegend Ver\u00e4nderungen des Haarkleides beschrieben. Serum-Zinkspiegel sind bei der \u201ezinc responsive dermatosis\u201c nicht notwendigerweise erniedrigt. Auch bei <strong>Neuweltkamelen<\/strong> ist dieses Krankheitsbild relevant.<\/li><li>Bei <strong>Nutztieren<\/strong> f\u00fchrt Zinkmangel zu reduzierter Futterverwertung und Leistungsdepression, Haut- und Klauenver\u00e4nderungen, Parakeratosen (v.a. beim kleinen Wiederk\u00e4uer) sowie Wachstumshemmung und Fruchtbarkeitsst\u00f6rungen (inkl. unterentwickelte Geschlechtsorgane).<\/li><li><strong>Vogel:<\/strong> zur Abkl\u00e4rung von Intoxikationen<\/li><\/ul><\/p><table class=\"tx-laboklinleistung-table contenttable contenttable-2\" style=\"margin-top: 35px;\"><tr><td class=\"td-0\"><strong>Material<\/strong><\/td><td class=\"td-1\"><p class=\"bodytext\">Serum oder Heparin-Plasma 0,5 ml<\/p><\/td><\/tr><tr><td class=\"td-0\"><strong>Methode<\/strong><\/td><td class=\"td-1\"><p class=\"bodytext\">Photometrie<\/p><\/td><\/tr><tr><td class=\"td-0\"><strong>Dauer<\/strong><\/td><td class=\"td-1\"><p class=\"bodytext\">Befund\u00fcbermittlung am Tag des Probeneingangs (Mo.\u2013Sa.)<\/p><\/td><\/tr><\/table>\n","protected":false},"excerpt":{"rendered":"<p>Zn (Zink)LABOKLIN Leistungs-ID: 34Bei starkem Zinkmangel kommt es zur Parakeratose der Haut und Schleimhaut; bei Katzen werden \u00fcberwiegend Ver\u00e4nderungen des Haarkleides beschrieben. Serum-Zinkspiegel sind bei der \u201ezinc responsive dermatosis\u201c nicht notwendigerweise erniedrigt. Auch bei Neuweltkamelen ist dieses Krankheitsbild relevant.Bei Nutztieren f\u00fchrt Zinkmangel zu reduzierter Futterverwertung und Leistungsdepression, Haut- und Klauenver\u00e4nderungen, Parakeratosen (v.a. beim kleinen Wiederk\u00e4uer)&hellip;<\/p>\n","protected":false},"author":1,"featured_media":0,"parent":1332896,"menu_order":12,"comment_status":"closed","ping_status":"closed","template":"","meta":{"_seopress_robots_primary_cat":"","_seopress_titles_title":"","_seopress_titles_desc":"","_seopress_robots_index":"","footnotes":""},"class_list":["post-1335554","page","type-page","status-publish","hentry","description-off"],"_links":{"self":[{"href":"https:\/\/laboklin.de\/de-at\/wp-json\/wp\/v2\/pages\/1335554","targetHints":{"allow":["GET"]}}],"collection":[{"href":"https:\/\/laboklin.de\/de-at\/wp-json\/wp\/v2\/pages"}],"about":[{"href":"https:\/\/laboklin.de\/de-at\/wp-json\/wp\/v2\/types\/page"}],"author":[{"embeddable":true,"href":"https:\/\/laboklin.de\/de-at\/wp-json\/wp\/v2\/users\/1"}],"replies":[{"embeddable":true,"href":"https:\/\/laboklin.de\/de-at\/wp-json\/wp\/v2\/comments?post=1335554"}],"version-history":[{"count":1,"href":"https:\/\/laboklin.de\/de-at\/wp-json\/wp\/v2\/pages\/1335554\/revisions"}],"predecessor-version":[{"id":1504392,"href":"https:\/\/laboklin.de\/de-at\/wp-json\/wp\/v2\/pages\/1335554\/revisions\/1504392"}],"up":[{"embeddable":true,"href":"https:\/\/laboklin.de\/de-at\/wp-json\/wp\/v2\/pages\/1332896"}],"wp:attachment":[{"href":"https:\/\/laboklin.de\/de-at\/wp-json\/wp\/v2\/media?parent=1335554"}],"curies":[{"name":"wp","href":"https:\/\/api.w.org\/{rel}","templated":true}]}}