{"id":1335544,"date":"2021-01-19T09:01:36","date_gmt":"2021-01-19T08:01:36","guid":{"rendered":"https:\/\/laboklin.de\/fachinformationen\/si-rechner\/"},"modified":"2023-01-31T17:42:04","modified_gmt":"2023-01-31T16:42:04","slug":"si-rechner","status":"publish","type":"page","link":"https:\/\/laboklin.de\/de-at\/fachinformationen\/si-rechner\/","title":{"rendered":"SI-Rechner"},"content":{"rendered":"<div class=\"wpb-content-wrapper\"><p>[vc_row][vc_column][vc_column_text css=&#8220;.vc_custom_1611141986365{margin-bottom: 30px !important;}&#8220;]<\/p>\n<h1>Umrechnungstabelle f\u00fcr labordiagnostische Parameter<\/h1>\n<p>Auf den von uns erstellten Befunden finden Sie die Me\u00dfwerte sowie die Angaben zu den Normbereichen in den international g\u00fcltigen SI-Einheiten. Bei Verlaufskontrollen werden Sie unter Umst\u00e4nden die Me\u00dfwerte unterschiedlicher Befunde unter Verwendung identischer Ma\u00dfeinheiten vergleichen wollen. Die Umrechnungsfaktoren (URF) f\u00fcr die Parameter, bei denen wir die Ma\u00dfeinheit umgestellt haben, sind nachfolgend f\u00fcr Sie aufgelistet.<\/p>\n<p>Zur Umrechnung von einer in die andere Ma\u00dfeinheit mu\u00df der entsprechende Me\u00dfwert mit dem zugeh\u00f6rigen Umrechnungsfaktor multipliziert werden (z.B. Bilirubin in mg\/dl x 17.104 = Bilirubin in \u00b5mol\/l).[\/vc_column_text][\/vc_column][\/vc_row][vc_row][vc_column][vc_btn title=&#8220;Umrechnungstabelle f\u00fcr labordiagnostische Parameter&#8220; style=&#8220;outline-custom&#8220; outline_custom_color=&#8220;#e51e1e&#8220; outline_custom_hover_background=&#8220;#e51e1e&#8220; outline_custom_hover_text=&#8220;#ffffff&#8220; shape=&#8220;square&#8220; size=&#8220;lg&#8220; i_icon_fontawesome=&#8220;fas fa-external-link-alt&#8220; add_icon=&#8220;true&#8220; link=&#8220;url:https%3A%2F%2Ftools.laboklin.com%2Fumrechner%2F|target:_blank&#8220;][\/vc_column][\/vc_row]<\/p>\n<\/div>","protected":false},"excerpt":{"rendered":"<p>[vc_row][vc_column][vc_column_text css=&#8220;.vc_custom_1611141986365{margin-bottom: 30px !important;}&#8220;] Umrechnungstabelle f\u00fcr labordiagnostische Parameter Auf den von uns erstellten Befunden finden Sie die Me\u00dfwerte sowie die Angaben zu den Normbereichen in den international g\u00fcltigen SI-Einheiten. Bei Verlaufskontrollen werden Sie unter Umst\u00e4nden die Me\u00dfwerte unterschiedlicher Befunde unter Verwendung identischer Ma\u00dfeinheiten vergleichen wollen. Die Umrechnungsfaktoren (URF) f\u00fcr die Parameter, bei denen wir die&hellip;<\/p>\n","protected":false},"author":1,"featured_media":0,"parent":1332639,"menu_order":12,"comment_status":"closed","ping_status":"closed","template":"","meta":{"_seopress_robots_primary_cat":"","_seopress_titles_title":"","_seopress_titles_desc":"","_seopress_robots_index":"","footnotes":""},"class_list":["post-1335544","page","type-page","status-publish","hentry","description-off"],"_links":{"self":[{"href":"https:\/\/laboklin.de\/de-at\/wp-json\/wp\/v2\/pages\/1335544","targetHints":{"allow":["GET"]}}],"collection":[{"href":"https:\/\/laboklin.de\/de-at\/wp-json\/wp\/v2\/pages"}],"about":[{"href":"https:\/\/laboklin.de\/de-at\/wp-json\/wp\/v2\/types\/page"}],"author":[{"embeddable":true,"href":"https:\/\/laboklin.de\/de-at\/wp-json\/wp\/v2\/users\/1"}],"replies":[{"embeddable":true,"href":"https:\/\/laboklin.de\/de-at\/wp-json\/wp\/v2\/comments?post=1335544"}],"version-history":[{"count":1,"href":"https:\/\/laboklin.de\/de-at\/wp-json\/wp\/v2\/pages\/1335544\/revisions"}],"predecessor-version":[{"id":1335547,"href":"https:\/\/laboklin.de\/de-at\/wp-json\/wp\/v2\/pages\/1335544\/revisions\/1335547"}],"up":[{"embeddable":true,"href":"https:\/\/laboklin.de\/de-at\/wp-json\/wp\/v2\/pages\/1332639"}],"wp:attachment":[{"href":"https:\/\/laboklin.de\/de-at\/wp-json\/wp\/v2\/media?parent=1335544"}],"curies":[{"name":"wp","href":"https:\/\/api.w.org\/{rel}","templated":true}]}}