{"id":1335532,"date":"2022-01-03T16:43:09","date_gmt":"2022-01-03T15:43:09","guid":{"rendered":"https:\/\/laboklin.de\/leistungen\/genetik\/genetikpakete\/hund\/paket-labradoodle\/"},"modified":"2023-01-31T17:41:53","modified_gmt":"2023-01-31T16:41:53","slug":"paket-labradoodle","status":"publish","type":"page","link":"https:\/\/laboklin.de\/de-at\/leistungen\/genetik\/genetikpakete\/hund\/paket-labradoodle\/","title":{"rendered":"Paket Labradoodle"},"content":{"rendered":"<h3 class=\"csc-firstHeader\">Paket Labradoodle<\/h3><p><span>LABOKLIN Leistungs-ID: 8743<\/span><\/p><p class=\"bodytext\">Das Paket enth\u00e4lt folgende Tests: <br \/>\r\n<br \/>\r\nCentronukle\u00e4re Myopathie (CNM), Degenerative Myelopathie (Exon 2), Exercise induced collapse (EIC), Heredit\u00e4re nasale Parakeratose (HNPK), Neonatale Enzephalopathie (NEWS), Skeletale Dysplasie 2 (SD2), von-Willebrand Erkrankung Typ 1 (vWD 1), Progressive Retinaatrophie (prcd-PRA) und Progressive Retinaatrophie (rcd4-PRA)<\/p><table class=\"tx-laboklinleistung-table contenttable contenttable-2\" style=\"margin-top: 35px;\"><tr><td class=\"td-0\"><strong>Rasse<\/strong><\/td><td class=\"td-1\"><p class=\"bodytext\">Labradoodle<\/p><\/td><\/tr><tr><td class=\"td-0\"><strong>Erbgang<\/strong><\/td><td class=\"td-1\"><p class=\"bodytext\">Weitere Informationen finden Sie in der Beschreibung der jeweiligen Erbkrankheit. <\/p><\/td><\/tr><tr><td class=\"td-0\"><strong>Dauer<\/strong><\/td><td class=\"td-1\"><p class=\"bodytext\">1 - 2 Wochen nach Erhalt der Probe<\/p><\/td><\/tr><\/table>\n","protected":false},"excerpt":{"rendered":"<p>Paket LabradoodleLABOKLIN Leistungs-ID: 8743Das Paket enth\u00e4lt folgende Tests: Centronukle\u00e4re Myopathie (CNM), Degenerative Myelopathie (Exon 2), Exercise induced collapse (EIC), Heredit\u00e4re nasale Parakeratose (HNPK), Neonatale Enzephalopathie (NEWS), Skeletale Dysplasie 2 (SD2), von-Willebrand Erkrankung Typ 1 (vWD 1), Progressive Retinaatrophie (prcd-PRA) und Progressive Retinaatrophie (rcd4-PRA)RasseLabradoodleErbgangWeitere Informationen finden Sie in der Beschreibung der jeweiligen Erbkrankheit. Dauer1 &#8211; 2&hellip;<\/p>\n","protected":false},"author":10,"featured_media":0,"parent":1332725,"menu_order":12,"comment_status":"closed","ping_status":"closed","template":"","meta":{"_seopress_robots_primary_cat":"","_seopress_titles_title":"","_seopress_titles_desc":"","_seopress_robots_index":"","footnotes":""},"class_list":["post-1335532","page","type-page","status-publish","hentry","description-off"],"_links":{"self":[{"href":"https:\/\/laboklin.de\/de-at\/wp-json\/wp\/v2\/pages\/1335532","targetHints":{"allow":["GET"]}}],"collection":[{"href":"https:\/\/laboklin.de\/de-at\/wp-json\/wp\/v2\/pages"}],"about":[{"href":"https:\/\/laboklin.de\/de-at\/wp-json\/wp\/v2\/types\/page"}],"author":[{"embeddable":true,"href":"https:\/\/laboklin.de\/de-at\/wp-json\/wp\/v2\/users\/10"}],"replies":[{"embeddable":true,"href":"https:\/\/laboklin.de\/de-at\/wp-json\/wp\/v2\/comments?post=1335532"}],"version-history":[{"count":1,"href":"https:\/\/laboklin.de\/de-at\/wp-json\/wp\/v2\/pages\/1335532\/revisions"}],"predecessor-version":[{"id":1335535,"href":"https:\/\/laboklin.de\/de-at\/wp-json\/wp\/v2\/pages\/1335532\/revisions\/1335535"}],"up":[{"embeddable":true,"href":"https:\/\/laboklin.de\/de-at\/wp-json\/wp\/v2\/pages\/1332725"}],"wp:attachment":[{"href":"https:\/\/laboklin.de\/de-at\/wp-json\/wp\/v2\/media?parent=1335532"}],"curies":[{"name":"wp","href":"https:\/\/api.w.org\/{rel}","templated":true}]}}