{"id":1335513,"date":"2020-10-16T11:36:27","date_gmt":"2020-10-16T09:36:27","guid":{"rendered":"https:\/\/laboklin.de\/leistungen\/genetik\/fellfarbe-haarstruktur\/pferd\/snowdrop\/"},"modified":"2025-02-25T13:29:07","modified_gmt":"2025-02-25T12:29:07","slug":"snowdrop","status":"publish","type":"page","link":"https:\/\/laboklin.de\/de-at\/leistungen\/genetik\/fellfarbe-haarstruktur\/pferd\/snowdrop\/","title":{"rendered":"Snowdrop"},"content":{"rendered":"<h3 class=\"csc-firstHeader\">Snowdrop<\/h3><p><span>LABOKLIN Leistungs-ID: 8616<\/span><\/p><p class=\"bodytext\">Verschiedene Genvarianten im SLC45A2 Gen sind verantwortlich f\u00fcr verschiedene Fellfarbaufhellung wie Cream, Pearl oder Sunshine. 2020  konnte in einem aufgehellten Tinker, welcher keine der bekannten urs\u00e4chlichen Genvarianten f\u00fcr Cream, Pearl oder Sunshine trug, eine Genvariante detektiert werden, welche die Aufhellung verursacht.  <br \/>\nDiese Fellfarbverd\u00fcnnung wird als Snowdrop bezeichnet und verd\u00fcnnt sowohl rotes als auch schwarzes Pigment, so dass die Grundfarben Fuchs, Brauner und Rappe durch diese Genvariante aufgehellt werden. <br \/>\nDer Erbgang ist autosomal-rezessiv, das hei\u00dft, nur wenn beide Genkopien des Tieres die Variante f\u00fcr Snowdrop aufweisen, kommt es zur Fellfarbverd\u00fcnnung. Ein Vorhandensein der Genvariante in anderen Rassen ist derzeit wissenschaftlich nicht beschrieben, ist aber nicht auszuschlie\u00dfen.<br \/>\n<\/p><table class=\"tx-laboklinleistung-table contenttable contenttable-2\" style=\"margin-top: 35px;\"><tr><td class=\"td-0\"><strong>Methode<\/strong><\/td><td class=\"td-1\"><p class=\"bodytext\">Sequenzierung<\/p><\/td><\/tr><tr><td class=\"td-0\"><strong>Rasse<\/strong><\/td><td class=\"td-1\"><p class=\"bodytext\">Tinker\/Gypsy Cob<\/p><\/td><\/tr><tr><td class=\"td-0\"><strong>Erbgang<\/strong><\/td><td class=\"td-1\"><p class=\"bodytext\">autosomal-rezessiv<\/p><\/td><\/tr><tr><td class=\"td-0\"><strong>Dauer<\/strong><\/td><td class=\"td-1\"><p class=\"bodytext\">1 - 2 Wochen nach Erhalt der Probe<\/p><\/td><\/tr><\/table>\n","protected":false},"excerpt":{"rendered":"<p>SnowdropLABOKLIN Leistungs-ID: 8616Verschiedene Genvarianten im SLC45A2 Gen sind verantwortlich f\u00fcr verschiedene Fellfarbaufhellung wie Cream, Pearl oder Sunshine. 2020 konnte in einem aufgehellten Tinker, welcher keine der bekannten urs\u00e4chlichen Genvarianten f\u00fcr Cream, Pearl oder Sunshine trug, eine Genvariante detektiert werden, welche die Aufhellung verursacht. Diese Fellfarbverd\u00fcnnung wird als Snowdrop bezeichnet und verd\u00fcnnt sowohl rotes als auch&hellip;<\/p>\n","protected":false},"author":1,"featured_media":0,"parent":1332724,"menu_order":11,"comment_status":"closed","ping_status":"closed","template":"","meta":{"_seopress_robots_primary_cat":"","_seopress_titles_title":"","_seopress_titles_desc":"","_seopress_robots_index":"","footnotes":""},"class_list":["post-1335513","page","type-page","status-publish","hentry","description-off"],"_links":{"self":[{"href":"https:\/\/laboklin.de\/de-at\/wp-json\/wp\/v2\/pages\/1335513","targetHints":{"allow":["GET"]}}],"collection":[{"href":"https:\/\/laboklin.de\/de-at\/wp-json\/wp\/v2\/pages"}],"about":[{"href":"https:\/\/laboklin.de\/de-at\/wp-json\/wp\/v2\/types\/page"}],"author":[{"embeddable":true,"href":"https:\/\/laboklin.de\/de-at\/wp-json\/wp\/v2\/users\/1"}],"replies":[{"embeddable":true,"href":"https:\/\/laboklin.de\/de-at\/wp-json\/wp\/v2\/comments?post=1335513"}],"version-history":[{"count":1,"href":"https:\/\/laboklin.de\/de-at\/wp-json\/wp\/v2\/pages\/1335513\/revisions"}],"predecessor-version":[{"id":1510936,"href":"https:\/\/laboklin.de\/de-at\/wp-json\/wp\/v2\/pages\/1335513\/revisions\/1510936"}],"up":[{"embeddable":true,"href":"https:\/\/laboklin.de\/de-at\/wp-json\/wp\/v2\/pages\/1332724"}],"wp:attachment":[{"href":"https:\/\/laboklin.de\/de-at\/wp-json\/wp\/v2\/media?parent=1335513"}],"curies":[{"name":"wp","href":"https:\/\/api.w.org\/{rel}","templated":true}]}}