{"id":1335482,"date":"2020-10-16T11:36:27","date_gmt":"2020-10-16T09:36:27","guid":{"rendered":"https:\/\/laboklin.de\/leistungen\/haematologie-klin-chemie-endokrinologie\/funktionstests-berechnungsformeln\/trh-stimulationstest-pferd-ii-2-x-acth\/"},"modified":"2026-02-12T18:37:05","modified_gmt":"2026-02-12T17:37:05","slug":"trh-stimulationstest-pferd-ii-2-x-acth","status":"publish","type":"page","link":"https:\/\/laboklin.de\/de-at\/leistungen\/haematologie-klin-chemie-endokrinologie\/funktionstests-berechnungsformeln\/trh-stimulationstest-pferd-ii-2-x-acth\/","title":{"rendered":"TRH-Stimulationstest Pferd (ACTH-Bestimmung)"},"content":{"rendered":"<h3 class=\"csc-firstHeader\">TRH-Stimulationstest Pferd (ACTH-Bestimmung)<\/h3><p><span>LABOKLIN Leistungs-ID: 1186<\/span><\/p><p class=\"bodytext\"><br><\/p><table class=\"tx-laboklinleistung-table contenttable contenttable-2\" style=\"margin-top: 35px;\"><tr><td class=\"td-0\"><strong>Diagnose<\/strong><\/td><td class=\"td-1\"><p class=\"bodytext\"><ul><li>Abkl\u00e4rung PPID (Cushing)<\/li><li>Wenn Ergebnisse der ACTH-Bestimmung oder des Dexamethason-Suppressionstests (low dose) nicht mit dem klinischen Befund korrelieren oder nicht eindeutig sind. (TRH-Stimulationstest mit hoher Sensitivit\u00e4t und Spezifit\u00e4t.)<\/li><\/ul><\/p><\/td><\/tr><tr><td class=\"td-0\"><strong>Material<\/strong><\/td><td class=\"td-1\"><p class=\"bodytext\">EDTA-Plasma 2 x 0,5 ml oder 3 x 0,5 ml (zeitnah zentrifugiert, abpipettiert und gek\u00fchlt)<\/p><\/td><\/tr><tr><td class=\"td-0\"><strong>Testdurchf&uuml;hrung<\/strong><\/td><td class=\"td-1\"><p><ul><li>erste Blutentnahme = Basalwert<\/li><li>Injektion von 1 mg TRH langsam i.v. Pferde > 250 kg KGW\r\n(Pferde < 250 kg KGW: 0,5 mg)<\/li><li>zweite Blutentnahme genau 10 min nach TRH-Injektion = Stimulationswert<\/li><li>dritte Blutentnahme kann zus\u00e4tzlich 30 min nach TRH-Injektion erfolgen<\/li><\/ul><\/p><\/td><\/tr><tr><td class=\"td-0\"><strong>Parameter<\/strong><\/td><td class=\"td-1\"><p class=\"bodytext\">ACTH<\/p><\/td><\/tr><tr><td class=\"td-0\"><strong>Methode<\/strong><\/td><td class=\"td-1\"><p class=\"bodytext\">Chemoluminiszenzassay (CLIA)<\/p><\/td><\/tr><tr><td class=\"td-0\"><strong>Tierart(en)<\/strong><\/td><td class=\"td-1\"><p class=\"bodytext\">Pferd<\/p><\/td><\/tr><tr><td class=\"td-0\"><strong>Dauer<\/strong><\/td><td class=\"td-1\"><p class=\"bodytext\">Befund\u00fcbermittlung am Tag des Probeneingangs (Mo.-Sa.)<\/p><\/td><\/tr><tr><td class=\"td-0\"><strong>Bewertung<\/strong><\/td><td class=\"td-1\"><p><ul><li>Cut off 10 min nach Stimulation: < 100 pg\/ml; <br>grenzwertig: 100-200 pg\/ml; positiv: > 200 pg\/ml<\/li><li> Cut off 30 min nach Stimulation: < 40pg\/ml; <br>grenzwertig: 40-90 pg\/ml; positiv: > 90 pg\/ml<\/li><li>Diese Werte gelten f\u00fcr die Monate Januar bis Juni.<\/li><li>Von Juli bis Dezember wird der Stimulationstest nicht empfohlen. Bei einem negativen Ergebnis in diesem Zeitraum (< 100 pg\/ml nach 10 min; < 40 pg\/ml nach 30 min) ist die Diagnose von PPID sehr unwahrscheinlich.<\/p><\/td><\/tr><\/table>\n","protected":false},"excerpt":{"rendered":"<p>TRH-Stimulationstest Pferd (ACTH-Bestimmung)LABOKLIN Leistungs-ID: 1186DiagnoseAbkl\u00e4rung PPID (Cushing)Wenn Ergebnisse der ACTH-Bestimmung oder des Dexamethason-Suppressionstests (low dose) nicht mit dem klinischen Befund korrelieren oder nicht eindeutig sind. (TRH-Stimulationstest mit hoher Sensitivit\u00e4t und Spezifit\u00e4t.)MaterialEDTA-Plasma 2 x 0,5 ml oder 3 x 0,5 ml (zeitnah zentrifugiert, abpipettiert und gek\u00fchlt)Testdurchf&uuml;hrungerste Blutentnahme = BasalwertInjektion von 1 mg TRH langsam i.v. Pferde&hellip;<\/p>\n","protected":false},"author":1,"featured_media":0,"parent":1332764,"menu_order":11,"comment_status":"closed","ping_status":"closed","template":"","meta":{"_seopress_robots_primary_cat":"","_seopress_titles_title":"","_seopress_titles_desc":"","_seopress_robots_index":"","footnotes":""},"class_list":["post-1335482","page","type-page","status-publish","hentry","description-off"],"_links":{"self":[{"href":"https:\/\/laboklin.de\/de-at\/wp-json\/wp\/v2\/pages\/1335482","targetHints":{"allow":["GET"]}}],"collection":[{"href":"https:\/\/laboklin.de\/de-at\/wp-json\/wp\/v2\/pages"}],"about":[{"href":"https:\/\/laboklin.de\/de-at\/wp-json\/wp\/v2\/types\/page"}],"author":[{"embeddable":true,"href":"https:\/\/laboklin.de\/de-at\/wp-json\/wp\/v2\/users\/1"}],"replies":[{"embeddable":true,"href":"https:\/\/laboklin.de\/de-at\/wp-json\/wp\/v2\/comments?post=1335482"}],"version-history":[{"count":2,"href":"https:\/\/laboklin.de\/de-at\/wp-json\/wp\/v2\/pages\/1335482\/revisions"}],"predecessor-version":[{"id":1588952,"href":"https:\/\/laboklin.de\/de-at\/wp-json\/wp\/v2\/pages\/1335482\/revisions\/1588952"}],"up":[{"embeddable":true,"href":"https:\/\/laboklin.de\/de-at\/wp-json\/wp\/v2\/pages\/1332764"}],"wp:attachment":[{"href":"https:\/\/laboklin.de\/de-at\/wp-json\/wp\/v2\/media?parent=1335482"}],"curies":[{"name":"wp","href":"https:\/\/api.w.org\/{rel}","templated":true}]}}