{"id":1335448,"date":"2020-03-18T13:01:58","date_gmt":"2020-03-18T12:01:58","guid":{"rendered":"https:\/\/laboklin.de\/fachinformationen\/faq-allgemeine-fragen\/"},"modified":"2024-04-13T08:25:21","modified_gmt":"2024-04-13T06:25:21","slug":"faq-allgemeine-fragen","status":"publish","type":"page","link":"https:\/\/laboklin.de\/de-at\/fachinformationen\/faq-allgemeine-fragen\/","title":{"rendered":"FAQ Allgemeine Fragen"},"content":{"rendered":"<div class=\"wpb-content-wrapper\"><p>[vc_row][vc_column]<div class=\"dt-fancy-separator title-left h3-size\" style=\"width: 100%;\"><div class=\"dt-fancy-title bg-on\" style=\"color: #e51e1e;\"><span class=\"separator-holder separator-left\"><\/span>Allgemeine Fragen<span class=\"separator-holder separator-right\"><\/span><\/div><\/div>[\/vc_column][\/vc_row][vc_row type=&#8220;vc_default&#8220; css=&#8220;.vc_custom_1612778198192{margin-top: 30px !important;}&#8220;][vc_column][vc_accordion active_tab=&#8220;false&#8220; collapsible=&#8220;yes&#8220; style=&#8220;2&#8243;][vc_accordion_tab title=&#8220;Welcher Antrag soll zur Einsendung einer Probe verwendet werden?&#8220;][vc_column_text css=&#8220;.vc_custom_1712989514521{padding-top: 20px !important;padding-right: 20px !important;padding-bottom: 20px !important;padding-left: 20px !important;}&#8220;]Laboklin stellt f\u00fcr verschiedene Bereiche verschiedene Untersuchungsauftr\u00e4ge zur Verf\u00fcgung.<br \/>\nSo finden sich die genetischen Untersuchungen f\u00fcr den Hund auf unserem entsprechendem Auftrag, der Ihnen zus\u00e4tzlich die M\u00f6glichkeit gibt alle relevanten Daten zum Tier mit aufzulisten.<\/p>\n<p>Durch die Verwendung des richtigen Auftrags k\u00f6nnen somit im Vorfeld wichtige Daten mit angegeben werden.<\/p>\n<p>Proben k\u00f6nnen auch mit einem formlosen Auftrag eingesendet werden. Bitte achten Sie in diesem Fall darauf alle Daten zum Besitzer des Tieres und zum Tier selbst mit aufzuf\u00fchren.<br \/>\nBei Rechnungsstellung an Dritte\u00a0ist in jedem Fall die Unterschrift des Rechnungsempf\u00e4ngers\u00a0erforderlich.[\/vc_column_text][\/vc_accordion_tab][vc_accordion_tab title=&#8220;Darf\/kann ich Proben vom Ausland schicken?&#8220;][vc_column_text css=&#8220;.vc_custom_1612873765848{padding: 20px !important;}&#8220;]LABOKLIN ist mit eigenen Laboren oder B\u00fcros in vielen L\u00e4nder pr\u00e4sent. Bitte kontaktieren Sie uns (info[at]laboklin.com), dann werden wir Ihnen genauere Infos schicken\u00a0k\u00f6nnen.[\/vc_column_text][\/vc_accordion_tab][\/vc_accordion][\/vc_column][\/vc_row][vc_row type=&#8220;vc_default&#8220; disable_element=&#8220;yes&#8220;][vc_column][\/vc_column][\/vc_row]<\/p>\n<\/div>","protected":false},"excerpt":{"rendered":"<p>[vc_row][vc_column][\/vc_column][\/vc_row][vc_row type=&#8220;vc_default&#8220; css=&#8220;.vc_custom_1612778198192{margin-top: 30px !important;}&#8220;][vc_column][vc_accordion active_tab=&#8220;false&#8220; collapsible=&#8220;yes&#8220; style=&#8220;2&#8243;][vc_accordion_tab title=&#8220;Welcher Antrag soll zur Einsendung einer Probe verwendet werden?&#8220;][vc_column_text css=&#8220;.vc_custom_1712989514521{padding-top: 20px !important;padding-right: 20px !important;padding-bottom: 20px !important;padding-left: 20px !important;}&#8220;]Laboklin stellt f\u00fcr verschiedene Bereiche verschiedene Untersuchungsauftr\u00e4ge zur Verf\u00fcgung. So finden sich die genetischen Untersuchungen f\u00fcr den Hund auf unserem entsprechendem Auftrag, der Ihnen zus\u00e4tzlich die M\u00f6glichkeit gibt alle relevanten&hellip;<\/p>\n","protected":false},"author":1,"featured_media":0,"parent":1332639,"menu_order":10,"comment_status":"closed","ping_status":"closed","template":"","meta":{"_seopress_robots_primary_cat":"","_seopress_titles_title":"","_seopress_titles_desc":"","_seopress_robots_index":"","footnotes":""},"class_list":["post-1335448","page","type-page","status-publish","hentry","description-off"],"_links":{"self":[{"href":"https:\/\/laboklin.de\/de-at\/wp-json\/wp\/v2\/pages\/1335448","targetHints":{"allow":["GET"]}}],"collection":[{"href":"https:\/\/laboklin.de\/de-at\/wp-json\/wp\/v2\/pages"}],"about":[{"href":"https:\/\/laboklin.de\/de-at\/wp-json\/wp\/v2\/types\/page"}],"author":[{"embeddable":true,"href":"https:\/\/laboklin.de\/de-at\/wp-json\/wp\/v2\/users\/1"}],"replies":[{"embeddable":true,"href":"https:\/\/laboklin.de\/de-at\/wp-json\/wp\/v2\/comments?post=1335448"}],"version-history":[{"count":3,"href":"https:\/\/laboklin.de\/de-at\/wp-json\/wp\/v2\/pages\/1335448\/revisions"}],"predecessor-version":[{"id":1470149,"href":"https:\/\/laboklin.de\/de-at\/wp-json\/wp\/v2\/pages\/1335448\/revisions\/1470149"}],"up":[{"embeddable":true,"href":"https:\/\/laboklin.de\/de-at\/wp-json\/wp\/v2\/pages\/1332639"}],"wp:attachment":[{"href":"https:\/\/laboklin.de\/de-at\/wp-json\/wp\/v2\/media?parent=1335448"}],"curies":[{"name":"wp","href":"https:\/\/api.w.org\/{rel}","templated":true}]}}