{"id":1335429,"date":"2020-10-16T11:36:27","date_gmt":"2020-10-16T09:36:27","guid":{"rendered":"https:\/\/laboklin.de\/leistungen\/genetik\/fellfarbe-haarstruktur\/pferd\/splashed-white\/"},"modified":"2025-02-25T13:33:58","modified_gmt":"2025-02-25T12:33:58","slug":"splashed-white-sw1-4","status":"publish","type":"page","link":"https:\/\/laboklin.de\/de-at\/leistungen\/genetik\/fellfarbe-haarstruktur\/pferd\/splashed-white-sw1-4\/","title":{"rendered":"Splashed white (SW1-4)"},"content":{"rendered":"<h3 class=\"csc-firstHeader\">Splashed white (SW1-4)<\/h3><p><span>LABOKLIN Leistungs-ID: 8417<\/span><\/p><p class=\"bodytext\">Splashed White ist ein ungleichm\u00e4\u00dfiges Scheckungsmuster, das vor allem durch extrem breite Blesse bzw. Laterne mit h\u00e4ufig blauen Augen sowie hochwei\u00dfen Beinen gekennzeichnet ist. Manche, aber nicht alle splashed white Pferde sind taub.<br \/>\r\nBislang wurden 4 Mutationen identifiziert \u2013 SW-1, SW-2, SW-3 und SW-4 \u2013 die f\u00fcr die  splashed white Abzeichen urs\u00e4chlich sind. SW-1 wurde bereits in vielen verschiedenen Pferderassen nachgewiesen, z. B. Bei Quarter Horse, Paint Horse, Trakehner, Miniaturpferd, Shetlandpony und Isl\u00e4nder. Es wurden auch Pferde homozygot f\u00fcr die SW-1-Mutation getestet, d. h. diese Mutation ist nicht homozygot letal. Die SW-2- und die (sehr seltene) SW-3-Mutation kommen lediglich in einigen Quarter und Paint Horse-Linien vor. Beide Mutationen scheinen homozygot letal zu sein, d. h. es sollten nie zwei Tr\u00e4gertiere miteinander verpaart werden. Die ebenfalls sehr seltene SW-4-Mutation wurde beim Appaloosa nachgewiesen und verursacht splash white oder eine breite Blesse.<br \/>\r\nPferde, die zwei oder mehr der splashed white, tobiano oder lethal white overo Mutationen tragen, haben meist sehr ausgepr\u00e4gte wei\u00dfe Muster oder sind sogar vollst\u00e4ndig wei\u00df.<br \/>\r\n<\/p><table class=\"tx-laboklinleistung-table contenttable contenttable-2\" style=\"margin-top: 35px;\"><tr><td class=\"td-0\"><strong>Methode<\/strong><\/td><td class=\"td-1\"><p class=\"bodytext\">Sequenzierung und Fragmentl\u00e4ngenanalyse<\/p><\/td><\/tr><tr><td class=\"td-0\"><strong>Dauer<\/strong><\/td><td class=\"td-1\"><p class=\"bodytext\">1 - 2 Wochen nach Erhalt der Probe<\/p><\/td><\/tr><\/table>\n","protected":false},"excerpt":{"rendered":"<p>Splashed white (SW1-4)LABOKLIN Leistungs-ID: 8417Splashed White ist ein ungleichm\u00e4\u00dfiges Scheckungsmuster, das vor allem durch extrem breite Blesse bzw. Laterne mit h\u00e4ufig blauen Augen sowie hochwei\u00dfen Beinen gekennzeichnet ist. Manche, aber nicht alle splashed white Pferde sind taub. Bislang wurden 4 Mutationen identifiziert \u2013 SW-1, SW-2, SW-3 und SW-4 \u2013 die f\u00fcr die splashed white Abzeichen&hellip;<\/p>\n","protected":false},"author":1,"featured_media":0,"parent":1332724,"menu_order":10,"comment_status":"closed","ping_status":"closed","template":"","meta":{"_seopress_robots_primary_cat":"","_seopress_titles_title":"","_seopress_titles_desc":"","_seopress_robots_index":"","footnotes":""},"class_list":["post-1335429","page","type-page","status-publish","hentry","description-off"],"_links":{"self":[{"href":"https:\/\/laboklin.de\/de-at\/wp-json\/wp\/v2\/pages\/1335429","targetHints":{"allow":["GET"]}}],"collection":[{"href":"https:\/\/laboklin.de\/de-at\/wp-json\/wp\/v2\/pages"}],"about":[{"href":"https:\/\/laboklin.de\/de-at\/wp-json\/wp\/v2\/types\/page"}],"author":[{"embeddable":true,"href":"https:\/\/laboklin.de\/de-at\/wp-json\/wp\/v2\/users\/1"}],"replies":[{"embeddable":true,"href":"https:\/\/laboklin.de\/de-at\/wp-json\/wp\/v2\/comments?post=1335429"}],"version-history":[{"count":2,"href":"https:\/\/laboklin.de\/de-at\/wp-json\/wp\/v2\/pages\/1335429\/revisions"}],"predecessor-version":[{"id":1484885,"href":"https:\/\/laboklin.de\/de-at\/wp-json\/wp\/v2\/pages\/1335429\/revisions\/1484885"}],"up":[{"embeddable":true,"href":"https:\/\/laboklin.de\/de-at\/wp-json\/wp\/v2\/pages\/1332724"}],"wp:attachment":[{"href":"https:\/\/laboklin.de\/de-at\/wp-json\/wp\/v2\/media?parent=1335429"}],"curies":[{"name":"wp","href":"https:\/\/api.w.org\/{rel}","templated":true}]}}