{"id":1335395,"date":"2020-10-16T11:36:27","date_gmt":"2020-10-16T09:36:27","guid":{"rendered":"https:\/\/laboklin.de\/leistungen\/haematologie-klin-chemie-endokrinologie\/endokrinologie-tumormarker\/erythropoetin\/"},"modified":"2025-01-29T09:51:54","modified_gmt":"2025-01-29T08:51:54","slug":"erythropoetin","status":"publish","type":"page","link":"https:\/\/laboklin.de\/de-at\/leistungen\/haematologie-klin-chemie-endokrinologie\/endokrinologie-tumormarker\/erythropoetin\/","title":{"rendered":"Erythropoetin"},"content":{"rendered":"<h3 class=\"csc-firstHeader\">Erythropoetin<\/h3><p><span>LABOKLIN Leistungs-ID: 1510<\/span><\/p><p class=\"bodytext\"><br>Dient zur weiteren Abkl\u00e4rung nicht-regenerativer An\u00e4mien oder Polyzyth\u00e4mien.<\/p><table class=\"tx-laboklinleistung-table contenttable contenttable-2\" style=\"margin-top: 35px;\"><tr><td class=\"td-0\"><strong>Material<\/strong><\/td><td class=\"td-1\"><p class=\"bodytext\">Serum 0,5 ml (zeitnah nach Koagulation abzentrifugiert, abpipettiert und gefroren)<\/p><\/td><\/tr><tr><td class=\"td-0\"><strong>Methode<\/strong><\/td><td class=\"td-1\"><p class=\"bodytext\">Enzym Linked Immunosorbent Assay (ELISA)<\/p><\/td><\/tr><tr><td class=\"td-0\"><strong>Tierart(en)<\/strong><\/td><td class=\"td-1\"><p class=\"bodytext\">Hund<\/p><\/td><\/tr><tr><td class=\"td-0\"><strong>Dauer<\/strong><\/td><td class=\"td-1\"><p class=\"bodytext\">2-6 Arbeitstage<\/p><\/td><\/tr><tr><td class=\"td-0\"><strong>Anmerkung<\/strong><\/td><td class=\"td-1\"><p class=\"bodytext\"><ul><li>Erythropoetin ist instabil \u2013 pr\u00e4analytische Anforderungen sind zu beachten!<\/li><li>Die Interpretation der Erythropoetin-Konzentration sollte immer in Zusammenhang mit den Ergebnissen des roten Blutbildes erfolgen.<\/li><\/ul><\/p><\/td><\/tr><\/table>\n","protected":false},"excerpt":{"rendered":"<p>ErythropoetinLABOKLIN Leistungs-ID: 1510Dient zur weiteren Abkl\u00e4rung nicht-regenerativer An\u00e4mien oder Polyzyth\u00e4mien.MaterialSerum 0,5 ml (zeitnah nach Koagulation abzentrifugiert, abpipettiert und gefroren)MethodeEnzym Linked Immunosorbent Assay (ELISA)Tierart(en)HundDauer2-6 ArbeitstageAnmerkungErythropoetin ist instabil \u2013 pr\u00e4analytische Anforderungen sind zu beachten!Die Interpretation der Erythropoetin-Konzentration sollte immer in Zusammenhang mit den Ergebnissen des roten Blutbildes erfolgen.<\/p>\n","protected":false},"author":1,"featured_media":0,"parent":1332763,"menu_order":10,"comment_status":"closed","ping_status":"closed","template":"","meta":{"_seopress_robots_primary_cat":"","_seopress_titles_title":"","_seopress_titles_desc":"","_seopress_robots_index":"","footnotes":""},"class_list":["post-1335395","page","type-page","status-publish","hentry","description-off"],"_links":{"self":[{"href":"https:\/\/laboklin.de\/de-at\/wp-json\/wp\/v2\/pages\/1335395","targetHints":{"allow":["GET"]}}],"collection":[{"href":"https:\/\/laboklin.de\/de-at\/wp-json\/wp\/v2\/pages"}],"about":[{"href":"https:\/\/laboklin.de\/de-at\/wp-json\/wp\/v2\/types\/page"}],"author":[{"embeddable":true,"href":"https:\/\/laboklin.de\/de-at\/wp-json\/wp\/v2\/users\/1"}],"replies":[{"embeddable":true,"href":"https:\/\/laboklin.de\/de-at\/wp-json\/wp\/v2\/comments?post=1335395"}],"version-history":[{"count":1,"href":"https:\/\/laboklin.de\/de-at\/wp-json\/wp\/v2\/pages\/1335395\/revisions"}],"predecessor-version":[{"id":1504517,"href":"https:\/\/laboklin.de\/de-at\/wp-json\/wp\/v2\/pages\/1335395\/revisions\/1504517"}],"up":[{"embeddable":true,"href":"https:\/\/laboklin.de\/de-at\/wp-json\/wp\/v2\/pages\/1332763"}],"wp:attachment":[{"href":"https:\/\/laboklin.de\/de-at\/wp-json\/wp\/v2\/media?parent=1335395"}],"curies":[{"name":"wp","href":"https:\/\/api.w.org\/{rel}","templated":true}]}}