{"id":1335393,"date":"2020-10-16T11:36:27","date_gmt":"2020-10-16T09:36:27","guid":{"rendered":"https:\/\/laboklin.de\/leistungen\/haematologie-klin-chemie-endokrinologie\/immunologische-untersuchungen-entzuendungsparameter\/immunglobulin-a-iga\/"},"modified":"2025-01-28T13:42:51","modified_gmt":"2025-01-28T12:42:51","slug":"immunglobulin-a-iga","status":"publish","type":"page","link":"https:\/\/laboklin.de\/de-at\/leistungen\/haematologie-klin-chemie-endokrinologie\/immunologische-untersuchungen-entzuendungsparameter\/immunglobulin-a-iga\/","title":{"rendered":"Immunglobulin A (IgA)"},"content":{"rendered":"<h3 class=\"csc-firstHeader\">Immunglobulin A (IgA)<\/h3><p><span>LABOKLIN Leistungs-ID: 749<\/span><\/p><p class=\"bodytext\"><br>Immunglobulin A (IgA) ist ein Schleimhautantik\u00f6rper und spielt eine zentrale Rolle in der lokalen Immunabwehr der Atemwege, des Verdauungs- sowie des Urogenitaltrakts. Es wird in Form von sekretorischem IgA von Plasmazellen in Schleimhautepithelien produziert.<\/p><table class=\"tx-laboklinleistung-table contenttable contenttable-2\" style=\"margin-top: 35px;\"><tr><td class=\"td-0\"><strong>Material<\/strong><\/td><td class=\"td-1\"><p class=\"bodytext\">Serum 0,5 ml<\/p><\/td><\/tr><tr><td class=\"td-0\"><strong>Methode<\/strong><\/td><td class=\"td-1\"><p class=\"bodytext\">Enzym Linked Immunosorbent Assay (ELISA)<\/p><\/td><\/tr><tr><td class=\"td-0\"><strong>Tierart(en)<\/strong><\/td><td class=\"td-1\"><p class=\"bodytext\">Hund<\/p><\/td><\/tr><tr><td class=\"td-0\"><strong>Dauer<\/strong><\/td><td class=\"td-1\"><p class=\"bodytext\">2-3 Arbeitstage<\/p><\/td><\/tr><tr><td class=\"td-0\"><strong>Anmerkung<\/strong><\/td><td class=\"td-1\"><p class=\"bodytext\"><ul><li>Die Steroid-responsive Meningitis-Arteriitis (SRMA) ist eine Autoimmunentz\u00fcndung der meningealen Gef\u00e4\u00dfe, charakterisiert durch eine Erh\u00f6hung von IgA im Serum und Liquor. Liquor-IgA-Erh\u00f6hung ist ein hoch sensitiver und spezifischer Marker f\u00fcr SRMA. Serum-IgA kann ebenfalls erh\u00f6ht sein, ist jedoch weniger spezifisch.<\/li> <li> Erniedrigte IgA-Konzentrationen kommen bei angeborener oder erworbener Immundefizienz (z. B. beim Shar Pei oder Beagle) vor und haben erh\u00f6hte Anf\u00e4lligkeit f\u00fcr rezidivierende Schleimhautinfektionen zur Folge.<\/li><\/ul><\/p><\/td><\/tr><\/table>\n","protected":false},"excerpt":{"rendered":"<p>Immunglobulin A (IgA)LABOKLIN Leistungs-ID: 749Immunglobulin A (IgA) ist ein Schleimhautantik\u00f6rper und spielt eine zentrale Rolle in der lokalen Immunabwehr der Atemwege, des Verdauungs- sowie des Urogenitaltrakts. Es wird in Form von sekretorischem IgA von Plasmazellen in Schleimhautepithelien produziert.MaterialSerum 0,5 mlMethodeEnzym Linked Immunosorbent Assay (ELISA)Tierart(en)HundDauer2-3 ArbeitstageAnmerkungDie Steroid-responsive Meningitis-Arteriitis (SRMA) ist eine Autoimmunentz\u00fcndung der meningealen Gef\u00e4\u00dfe, charakterisiert&hellip;<\/p>\n","protected":false},"author":1,"featured_media":0,"parent":1332761,"menu_order":10,"comment_status":"closed","ping_status":"closed","template":"","meta":{"_seopress_robots_primary_cat":"","_seopress_titles_title":"","_seopress_titles_desc":"","_seopress_robots_index":"","footnotes":""},"class_list":["post-1335393","page","type-page","status-publish","hentry","description-off"],"_links":{"self":[{"href":"https:\/\/laboklin.de\/de-at\/wp-json\/wp\/v2\/pages\/1335393","targetHints":{"allow":["GET"]}}],"collection":[{"href":"https:\/\/laboklin.de\/de-at\/wp-json\/wp\/v2\/pages"}],"about":[{"href":"https:\/\/laboklin.de\/de-at\/wp-json\/wp\/v2\/types\/page"}],"author":[{"embeddable":true,"href":"https:\/\/laboklin.de\/de-at\/wp-json\/wp\/v2\/users\/1"}],"replies":[{"embeddable":true,"href":"https:\/\/laboklin.de\/de-at\/wp-json\/wp\/v2\/comments?post=1335393"}],"version-history":[{"count":1,"href":"https:\/\/laboklin.de\/de-at\/wp-json\/wp\/v2\/pages\/1335393\/revisions"}],"predecessor-version":[{"id":1504430,"href":"https:\/\/laboklin.de\/de-at\/wp-json\/wp\/v2\/pages\/1335393\/revisions\/1504430"}],"up":[{"embeddable":true,"href":"https:\/\/laboklin.de\/de-at\/wp-json\/wp\/v2\/pages\/1332761"}],"wp:attachment":[{"href":"https:\/\/laboklin.de\/de-at\/wp-json\/wp\/v2\/media?parent=1335393"}],"curies":[{"name":"wp","href":"https:\/\/api.w.org\/{rel}","templated":true}]}}