{"id":1335383,"date":"2020-10-16T11:36:27","date_gmt":"2020-10-16T09:36:27","guid":{"rendered":"https:\/\/laboklin.de\/leistungen\/haematologie-klin-chemie-endokrinologie\/haematologie\/gerinnung\/ptt-partielle-thromboplastinzeit\/"},"modified":"2025-01-28T10:36:42","modified_gmt":"2025-01-28T09:36:42","slug":"ptt-partielle-thromboplastinzeit","status":"publish","type":"page","link":"https:\/\/laboklin.de\/de-at\/leistungen\/haematologie-klin-chemie-endokrinologie\/haematologie\/gerinnung\/ptt-partielle-thromboplastinzeit\/","title":{"rendered":"PTT (Partielle Thromboplastinzeit)"},"content":{"rendered":"<h3 class=\"csc-firstHeader\">PTT (Partielle Thromboplastinzeit)<\/h3><p><span>LABOKLIN Leistungs-ID: 598<\/span><\/p><p class=\"bodytext\"><br><ul><li>Die PTT erfasst die Gerinnungsfaktoren des intrinsischen Systems und ist ein Globaltest zur Erkennung von Gerinnungsst\u00f6rungen. <\/li><li>Eine isolierte PTT-Verl\u00e4ngerung ohne Ver\u00e4nderung des Quick-Wertes kann ein Hinweis auf einen Faktoren-Mangel (Faktor VIII, IX, XI und XII) sein. Eine H\u00e4mophilie A oder B kann durch eine Einzelfaktorbestimmung (VIII und IX) abgekl\u00e4rt werden.<\/li><\/ul><\/p><table class=\"tx-laboklinleistung-table contenttable contenttable-2\" style=\"margin-top: 35px;\"><tr><td class=\"td-0\"><strong>Material<\/strong><\/td><td class=\"td-1\"><p class=\"bodytext\">Citrat-Plasma 1:10 (1 Teil Citrat + 9 Teile Blut) 0,5 ml<br>Bitte beachten Sie die Einleitung zur Rubrik Gerinnung!<\/p><\/td><\/tr><tr><td class=\"td-0\"><strong>Methode<\/strong><\/td><td class=\"td-1\"><p class=\"bodytext\">Koagulometrie<\/p><\/td><\/tr><tr><td class=\"td-0\"><strong>Dauer<\/strong><\/td><td class=\"td-1\"><p class=\"bodytext\">Befund\u00fcbermittlung am Tag des Probeneingangs (Mo.-Sa.)<\/p><\/td><\/tr><\/table>\n","protected":false},"excerpt":{"rendered":"<p>PTT (Partielle Thromboplastinzeit)LABOKLIN Leistungs-ID: 598Die PTT erfasst die Gerinnungsfaktoren des intrinsischen Systems und ist ein Globaltest zur Erkennung von Gerinnungsst\u00f6rungen. Eine isolierte PTT-Verl\u00e4ngerung ohne Ver\u00e4nderung des Quick-Wertes kann ein Hinweis auf einen Faktoren-Mangel (Faktor VIII, IX, XI und XII) sein. Eine H\u00e4mophilie A oder B kann durch eine Einzelfaktorbestimmung (VIII und IX) abgekl\u00e4rt werden.MaterialCitrat-Plasma 1:10&hellip;<\/p>\n","protected":false},"author":1,"featured_media":0,"parent":1332884,"menu_order":10,"comment_status":"closed","ping_status":"closed","template":"","meta":{"_seopress_robots_primary_cat":"","_seopress_titles_title":"","_seopress_titles_desc":"","_seopress_robots_index":"","footnotes":""},"class_list":["post-1335383","page","type-page","status-publish","hentry","description-off"],"_links":{"self":[{"href":"https:\/\/laboklin.de\/de-at\/wp-json\/wp\/v2\/pages\/1335383","targetHints":{"allow":["GET"]}}],"collection":[{"href":"https:\/\/laboklin.de\/de-at\/wp-json\/wp\/v2\/pages"}],"about":[{"href":"https:\/\/laboklin.de\/de-at\/wp-json\/wp\/v2\/types\/page"}],"author":[{"embeddable":true,"href":"https:\/\/laboklin.de\/de-at\/wp-json\/wp\/v2\/users\/1"}],"replies":[{"embeddable":true,"href":"https:\/\/laboklin.de\/de-at\/wp-json\/wp\/v2\/comments?post=1335383"}],"version-history":[{"count":1,"href":"https:\/\/laboklin.de\/de-at\/wp-json\/wp\/v2\/pages\/1335383\/revisions"}],"predecessor-version":[{"id":1504217,"href":"https:\/\/laboklin.de\/de-at\/wp-json\/wp\/v2\/pages\/1335383\/revisions\/1504217"}],"up":[{"embeddable":true,"href":"https:\/\/laboklin.de\/de-at\/wp-json\/wp\/v2\/pages\/1332884"}],"wp:attachment":[{"href":"https:\/\/laboklin.de\/de-at\/wp-json\/wp\/v2\/media?parent=1335383"}],"curies":[{"name":"wp","href":"https:\/\/api.w.org\/{rel}","templated":true}]}}