{"id":1335381,"date":"2021-01-04T16:47:52","date_gmt":"2021-01-04T15:47:52","guid":{"rendered":"https:\/\/laboklin.de\/start-karriere-bei-laboklin\/ihr-arbeitsplatz\/"},"modified":"2025-06-18T14:02:04","modified_gmt":"2025-06-18T12:02:04","slug":"ihr-arbeitsplatz","status":"publish","type":"page","link":"https:\/\/laboklin.de\/de-at\/start-karriere-bei-laboklin\/ihr-arbeitsplatz\/","title":{"rendered":"Ihr Arbeitsplatz"},"content":{"rendered":"<div class=\"wpb-content-wrapper\"><p>[vc_row][vc_column][vc_column_text css=&#8220;&#8220;]<strong>Unser Leitbild: <\/strong><\/p>\n<h3>Schnellstm\u00f6gliche DIAGNOSTIK<\/h3>\n<h3 style=\"text-align: center;\">\u2013 Sichere RESULTATE<\/h3>\n<h3 style=\"text-align: right;\">\u2013 Bestm\u00f6glicher SERVICE<\/h3>\n<div class=\"hr-thin\"><\/div>\n<h4>Ihr Arbeitsplatz:<\/h4>\n<p>Wir sind ein interdisziplin\u00e4res Team, in dem sich von der Agrarwissenschaftlerin \u00fcber den Mediengestalter und den Programmierer bis zum Tierarzt jeder zu Hause f\u00fchlen kann. Als eines der gr\u00f6\u00dften akkreditierten, tiermedizinischen Labore in Europa verbinden wir die Vorteile eines inhabergef\u00fchrten Familienunternehmens mit den M\u00f6glichkeiten internationaler Zusammenarbeit.<\/p>\n<p>Bei uns wechseln sich Routine und Forschung in enger Taktung ab, Innovationen sind hier keine Ausnahmeerscheinung, sondern Alltag. Kunden und Partner in fast ganz Europa und auch dar\u00fcber hinaus er\u00f6ffnen immer wieder den Blick weit \u00fcber den Tellerrand, schaffen abwechslungsreiche Aufgabenstellungen und erfordern flexible L\u00f6sungen.<\/p>\n<p>Um diesem Anspruch gerecht zu werden, wird die pers\u00f6nliche Entwicklung des Einzelnen gro\u00dfgeschrieben. Wir setzen kontinuierlich auf berufliche Fort- und Weiterbildung unseres Teams, denn so entwickeln wir uns st\u00e4ndig weiter und schaffen h\u00f6chste Standards \u2013 f\u00fcr unsere Kunden und unser Unternehmen.<\/p>\n<p>Dass uns das Wohl unserer Mitarbeiter ganz besonders am Herzen liegt, wir nachhaltig arbeiten und Innovationskraft bei uns einen hohen Stellenwert hat, best\u00e4tigen unsere Auszeichnungen, z. B. <strong>\u201eBayern\u2019s Best 50\u201c (2018)<\/strong>, Finalist beim <strong>\u201eGro\u00dfen Preis des Mittelstands\u201c (2019)<\/strong>, Gewinner des <span style=\"color: #333333;\"><a style=\"color: #333333;\" href=\"https:\/\/laboklin.de\/grosser-preis-des-mittelstands-2020-laboklin-als-preistraeger-ausgezeichnet\/\"><strong>\u201eGro\u00dfen Preis des Mittelstands\u201c (2020)<\/strong><\/a>,<\/span> sowie viermaliger \u00a0<span style=\"color: #333333;\"><a style=\"color: #333333;\" href=\"https:\/\/laboklin.de\/laboklin-erhaelt-top-100-siegel-fuer-preisgekroente-innovationskraft\/\" target=\"_blank\" rel=\"noopener\"><strong>TOP 100 Innovator <span style=\"color: #ff0000;\">2021<\/span>,<\/strong><\/a>\u00a0<a href=\"https:\/\/laboklin.de\/de\/laboklin-erhaelt-top-100-siegel\/\" target=\"_blank\" rel=\"noopener\"><strong>2023<\/strong><\/a>, <strong><a href=\"https:\/\/laboklin.de\/de\/laboklin-erhaelt-zum-dritten-mal-top-100-siegel\/\" target=\"_blank\" rel=\"noopener\">2024<\/a>\u00a0<\/strong>und <strong><span style=\"color: #ff0000;\">2025<\/span>.<\/strong>\u00a0Unsere eigenen Mitarbeiter bekr\u00e4ftigen das, denn durch die Ergebnisse einer anonymisierten Mitarbeiterbefragung sind wir ausgezeichnet als <strong>Top Arbeitgeber (DIQP): <a href=\"https:\/\/laboklin.de\/laboklin-als-top-arbeitgeber-ausgezeichnet\/\" target=\"_blank\" rel=\"noopener\">2021<\/a> <\/strong>und erneut <strong><a href=\"https:\/\/laboklin.de\/de\/laboklin-gmbh-co-kg-ist-erneut-top-arbeitgeber\/\" target=\"_blank\" rel=\"noopener\">2023 <\/a><\/strong>. Auch 2021 und 2024 konnten wir wieder die Auszeichnung als<a style=\"color: #333333;\" href=\"https:\/\/www.stmwi.bayern.de\/service\/wettbewerbe\/bb50\/\"> <strong>\u201eBayern\u2019s Best 50\u201c <\/strong><\/a>des Bayerische Staatsministerium f\u00fcr Wirtschaft, Landesentwicklung und Energie f\u00fcr uns sichern. Mit dieser Auszeichnung werden mittelst\u00e4ndische Unternehmen, die sich als besonders wachstumsstark erwiesen haben und innerhalb der letzten f\u00fcnf Jahre Mitarbeiterzahl und Umsatz \u00fcberdurchschnittlich steigern konnten, geehrt. Dar\u00fcber hinaus wurde unsere Gesch\u00e4ftsf\u00fchrerin Frau Dr. Elisabeth M\u00fcller in diesem Rahmen als Repr\u00e4sentantin das dynamischsten Unternehmens unter weiblicher F\u00fchrung aus dem Kreis der \u201eBayerns Best 50\u201c zus\u00e4tzlich als<strong> \u201eBayerische Unternehmerin des Jahres\u201c<\/strong> geehrt. Im Jahr 2022 wurde Laboklin als <a style=\"color: #333333;\" href=\"https:\/\/www.stmwi.bayern.de\/service\/wettbewerbe\/bb50\/\"><strong>\u201e<\/strong><\/a><strong>Arbeitgeber der Zukunft\u201c\u00a0<\/strong>vom Deutschen Innovationsinstitut f\u00fcr Nachhaltigkeit und Digitalisierung ausgezeichnet. Diese Auszeichnung erhalten Arbeitgeber mit Erfolgsaussichten und zukunftsf\u00e4hig &#8211; Arbeitgeber, die digital, innovativ und modern t\u00e4tig sind.<\/span><\/p>\n<p>Zudem engagieren wir uns regelm\u00e4\u00dfig im Rahmen schulischer und universit\u00e4rer Projekte. Durch unsere Beteiligung am Projekt \u201eMensch Inklusive\u201c der Lebenshilfe geben wir engagierten Menschen mit Einschr\u00e4nkungen die Chance, bei uns im Labor \u2013 und damit auf dem allgemeinen Arbeitsmarkt \u2013 t\u00e4tig zu sein.<\/p>\n<p>&nbsp;<\/p>\n<p><img loading=\"lazy\" decoding=\"async\" class=\"wp-image-1308747 size-full alignleft\" src=\"https:\/\/laboklin.de\/wp-content\/uploads\/2021\/05\/ijflogo_rgb.jpg\" alt=\"\" width=\"300\" height=\"123\" \/>Durch unsere Mitgliedschaft bei der Initiative Junge Forscherinnen und Forscher (IJF)<br \/>\ne. V. unterst\u00fctzen wir die nachhaltige F\u00f6rderung von Kindern und Jugendlichen in der MINT-Bildung, um Kinder und Jugendliche nachhaltig f\u00fcr Naturwissenschaften und Technologien zu begeistern und jungen Menschen Berufs- und Studienchancen aufzuzeigen.[\/vc_column_text][\/vc_column][\/vc_row]<\/p>\n<\/div>","protected":false},"excerpt":{"rendered":"<p>[vc_row][vc_column][vc_column_text css=&#8220;&#8220;]Unser Leitbild: Schnellstm\u00f6gliche DIAGNOSTIK \u2013 Sichere RESULTATE \u2013 Bestm\u00f6glicher SERVICE Ihr Arbeitsplatz: Wir sind ein interdisziplin\u00e4res Team, in dem sich von der Agrarwissenschaftlerin \u00fcber den Mediengestalter und den Programmierer bis zum Tierarzt jeder zu Hause f\u00fchlen kann. Als eines der gr\u00f6\u00dften akkreditierten, tiermedizinischen Labore in Europa verbinden wir die Vorteile eines inhabergef\u00fchrten Familienunternehmens mit&hellip;<\/p>\n","protected":false},"author":1,"featured_media":0,"parent":1332641,"menu_order":10,"comment_status":"closed","ping_status":"closed","template":"","meta":{"_seopress_robots_primary_cat":"","_seopress_titles_title":"","_seopress_titles_desc":"","_seopress_robots_index":"","footnotes":""},"class_list":["post-1335381","page","type-page","status-publish","hentry","description-off"],"_links":{"self":[{"href":"https:\/\/laboklin.de\/de-at\/wp-json\/wp\/v2\/pages\/1335381","targetHints":{"allow":["GET"]}}],"collection":[{"href":"https:\/\/laboklin.de\/de-at\/wp-json\/wp\/v2\/pages"}],"about":[{"href":"https:\/\/laboklin.de\/de-at\/wp-json\/wp\/v2\/types\/page"}],"author":[{"embeddable":true,"href":"https:\/\/laboklin.de\/de-at\/wp-json\/wp\/v2\/users\/1"}],"replies":[{"embeddable":true,"href":"https:\/\/laboklin.de\/de-at\/wp-json\/wp\/v2\/comments?post=1335381"}],"version-history":[{"count":13,"href":"https:\/\/laboklin.de\/de-at\/wp-json\/wp\/v2\/pages\/1335381\/revisions"}],"predecessor-version":[{"id":1530450,"href":"https:\/\/laboklin.de\/de-at\/wp-json\/wp\/v2\/pages\/1335381\/revisions\/1530450"}],"up":[{"embeddable":true,"href":"https:\/\/laboklin.de\/de-at\/wp-json\/wp\/v2\/pages\/1332641"}],"wp:attachment":[{"href":"https:\/\/laboklin.de\/de-at\/wp-json\/wp\/v2\/media?parent=1335381"}],"curies":[{"name":"wp","href":"https:\/\/api.w.org\/{rel}","templated":true}]}}