{"id":1335359,"date":"2020-05-20T12:25:00","date_gmt":"2020-05-20T10:25:00","guid":{"rendered":"https:\/\/laboklin.de\/leistungen\/hygieneuntersuchungen\/hygiene-einzeluntersuchungen\/03-untersuchung-der-oberflaechenkontamination\/"},"modified":"2025-03-27T11:25:32","modified_gmt":"2025-03-27T10:25:32","slug":"03-untersuchung-der-oberflaechenkontamination","status":"publish","type":"page","link":"https:\/\/laboklin.de\/de-at\/leistungen\/hygieneuntersuchungen\/hygiene-einzeluntersuchungen\/03-untersuchung-der-oberflaechenkontamination\/","title":{"rendered":"05. Untersuchung der Oberfl\u00e4chenkontamination"},"content":{"rendered":"<h3 class=\"csc-firstHeader\">Untersuchung der Oberfl\u00e4chenkontamination <\/h3><p><span>LABOKLIN Leistungs-ID: 6250<\/span><\/p><table class=\"tx-laboklinleistung-table contenttable contenttable-2\" style=\"margin-top: 35px;\"><tr><td class=\"td-0\"><strong>Material<\/strong><\/td><td class=\"td-1\"><p class=\"bodytext\">Abklatschplatte <\/p><\/td><\/tr><tr><td class=\"td-0\"><strong>Methode<\/strong><\/td><td class=\"td-1\"><p class=\"bodytext\">Kultur<\/p><\/td><\/tr><tr><td class=\"td-0\"><strong>Dauer<\/strong><\/td><td class=\"td-1\"><p class=\"bodytext\">2 - 4 Tage<\/p><\/td><\/tr><tr><td class=\"td-0\"><strong>Anmerkung<\/strong><\/td><td class=\"td-1\"><p class=\"bodytext\"><ul><li>Dieser Test eignet sich auch zur Untersuchung der H\u00e4ndekontamination.<\/li> <li>Die Oberfl\u00e4che wird <strong>ohne vorherige Desinfektion<\/strong> beprobt. Die auf dem Boden beschriftete und zur Beprobung verwendete Abklatschplatte ist bei Raumtemperatur zu lagern und innerhalb von 24 Stunden mit dem ausgef\u00fcllten Begleitformular in das Labor zur\u00fcckzuschicken. <\/li><li>Ggf. k\u00f6nnen die folgenden multiresistenten Keime identifiziert werden: MRSA (Methicillin-resistenter Staphylococcus aureus) und\/oder MRSE (Methicillin-resistenter Staphylococcus epidermidis) und\/oder ESBL (Keime, die extended spectrum \u00df-Lactamase bilden). Hierf\u00fcr entstehen zus\u00e4tzliche Kosten. <\/li> <li>Zum Video-Tutorial zur Probenahme mittels Abklatschplatte siehe Leistungen\/Hygieneuntersuchung. <\/li> <li>Soll die Oberfl\u00e4chenkontamination zur Desinfektionskontrolle erfolgen, verwenden Sie bitte Leistung 6301 \u201eUntersuchung der Fl\u00e4chendesinfektion\u201c. <\/li> <\/ul><\/p><\/td><\/tr><\/table>\n","protected":false},"excerpt":{"rendered":"<p>Untersuchung der Oberfl\u00e4chenkontamination LABOKLIN Leistungs-ID: 6250MaterialAbklatschplatte MethodeKulturDauer2 &#8211; 4 TageAnmerkungDieser Test eignet sich auch zur Untersuchung der H\u00e4ndekontamination. Die Oberfl\u00e4che wird ohne vorherige Desinfektion beprobt. Die auf dem Boden beschriftete und zur Beprobung verwendete Abklatschplatte ist bei Raumtemperatur zu lagern und innerhalb von 24 Stunden mit dem ausgef\u00fcllten Begleitformular in das Labor zur\u00fcckzuschicken. Ggf. k\u00f6nnen&hellip;<\/p>\n","protected":false},"author":1,"featured_media":0,"parent":1332809,"menu_order":9,"comment_status":"closed","ping_status":"closed","template":"","meta":{"_seopress_robots_primary_cat":"","_seopress_titles_title":"","_seopress_titles_desc":"","_seopress_robots_index":"","footnotes":""},"class_list":["post-1335359","page","type-page","status-publish","hentry","description-off"],"_links":{"self":[{"href":"https:\/\/laboklin.de\/de-at\/wp-json\/wp\/v2\/pages\/1335359","targetHints":{"allow":["GET"]}}],"collection":[{"href":"https:\/\/laboklin.de\/de-at\/wp-json\/wp\/v2\/pages"}],"about":[{"href":"https:\/\/laboklin.de\/de-at\/wp-json\/wp\/v2\/types\/page"}],"author":[{"embeddable":true,"href":"https:\/\/laboklin.de\/de-at\/wp-json\/wp\/v2\/users\/1"}],"replies":[{"embeddable":true,"href":"https:\/\/laboklin.de\/de-at\/wp-json\/wp\/v2\/comments?post=1335359"}],"version-history":[{"count":3,"href":"https:\/\/laboklin.de\/de-at\/wp-json\/wp\/v2\/pages\/1335359\/revisions"}],"predecessor-version":[{"id":1516552,"href":"https:\/\/laboklin.de\/de-at\/wp-json\/wp\/v2\/pages\/1335359\/revisions\/1516552"}],"up":[{"embeddable":true,"href":"https:\/\/laboklin.de\/de-at\/wp-json\/wp\/v2\/pages\/1332809"}],"wp:attachment":[{"href":"https:\/\/laboklin.de\/de-at\/wp-json\/wp\/v2\/media?parent=1335359"}],"curies":[{"name":"wp","href":"https:\/\/api.w.org\/{rel}","templated":true}]}}