{"id":1335335,"date":"2020-10-16T11:36:27","date_gmt":"2020-10-16T09:36:27","guid":{"rendered":"https:\/\/laboklin.de\/leistungen\/genetik\/fellfarbe-haarstruktur\/katze\/farbvariante-charcoal\/"},"modified":"2025-02-25T13:12:53","modified_gmt":"2025-02-25T12:12:53","slug":"farbvariante-charcoal","status":"publish","type":"page","link":"https:\/\/laboklin.de\/de-at\/leistungen\/genetik\/fellfarbe-haarstruktur\/katze\/farbvariante-charcoal\/","title":{"rendered":"Farbvariante Charcoal"},"content":{"rendered":"<h3 class=\"csc-firstHeader\">Farbvariante Charcoal<\/h3><p><span>LABOKLIN Leistungs-ID: 8442<\/span><\/p><p class=\"bodytext\">Der A- oder Agouti-Lokus ist verantwortlich f\u00fcr die Fellzeichnung und unterscheidet ob das Fell mehrfarbig (\u201eAgouti\u201c) oder einfarbig (\u201eNon-agouti\u201c) ist. Dies wird durch sogenanntes pigment-type-switching verursacht, also die Umstellung zwischen den beiden Pigmenten (dunkles Eumelanin oder rotes Pheomelanin) w\u00e4hrend des Haarwachstums. Das Agouti-Allel (A) ist dominant gegen\u00fcber dem Non-Agouti-Allel (a). Tr\u00e4gt eine Katze das Agouti-Gen (Genotyp AA oder Aa), so weist ihr Fell eine Fellzeichnung auf. Ist der Genotyp Non-agouti (aa), ist ihr Fell einfarbig (solid). Das Charcoal-Gen (APb) ist ausschlie\u00dflich in der Rasse Bengal vorhanden. Es ist eine Allel-Variante des Agouti-Lokus, die von der Asiatischen Leopardkatze in die Rasse eingebracht wurde. Die Katze entwickelt den Charcoal-Ph\u00e4notyp ausschlie\u00dflich mit dem Genotyp APba. Dieser Test deckt auch den allgemeinen Agouti-Test mit ab. <\/p><table class=\"tx-laboklinleistung-table contenttable contenttable-2\" style=\"margin-top: 35px;\"><tr><td class=\"td-0\"><strong>Methode<\/strong><\/td><td class=\"td-1\"><p class=\"bodytext\">Sequenzierung<\/p><\/td><\/tr><tr><td class=\"td-0\"><strong>Rasse<\/strong><\/td><td class=\"td-1\"><p class=\"bodytext\">Bengal<\/p><\/td><\/tr><tr><td class=\"td-0\"><strong>Dauer<\/strong><\/td><td class=\"td-1\"><p class=\"bodytext\">1 - 2 Wochen nach Erhalt der Probe<\/p><\/td><\/tr><\/table>\n","protected":false},"excerpt":{"rendered":"<p>Farbvariante CharcoalLABOKLIN Leistungs-ID: 8442Der A- oder Agouti-Lokus ist verantwortlich f\u00fcr die Fellzeichnung und unterscheidet ob das Fell mehrfarbig (\u201eAgouti\u201c) oder einfarbig (\u201eNon-agouti\u201c) ist. Dies wird durch sogenanntes pigment-type-switching verursacht, also die Umstellung zwischen den beiden Pigmenten (dunkles Eumelanin oder rotes Pheomelanin) w\u00e4hrend des Haarwachstums. Das Agouti-Allel (A) ist dominant gegen\u00fcber dem Non-Agouti-Allel (a). Tr\u00e4gt eine&hellip;<\/p>\n","protected":false},"author":1,"featured_media":0,"parent":1332719,"menu_order":9,"comment_status":"closed","ping_status":"closed","template":"","meta":{"_seopress_robots_primary_cat":"","_seopress_titles_title":"","_seopress_titles_desc":"","_seopress_robots_index":"","footnotes":""},"class_list":["post-1335335","page","type-page","status-publish","hentry","description-off"],"_links":{"self":[{"href":"https:\/\/laboklin.de\/de-at\/wp-json\/wp\/v2\/pages\/1335335","targetHints":{"allow":["GET"]}}],"collection":[{"href":"https:\/\/laboklin.de\/de-at\/wp-json\/wp\/v2\/pages"}],"about":[{"href":"https:\/\/laboklin.de\/de-at\/wp-json\/wp\/v2\/types\/page"}],"author":[{"embeddable":true,"href":"https:\/\/laboklin.de\/de-at\/wp-json\/wp\/v2\/users\/1"}],"replies":[{"embeddable":true,"href":"https:\/\/laboklin.de\/de-at\/wp-json\/wp\/v2\/comments?post=1335335"}],"version-history":[{"count":1,"href":"https:\/\/laboklin.de\/de-at\/wp-json\/wp\/v2\/pages\/1335335\/revisions"}],"predecessor-version":[{"id":1510832,"href":"https:\/\/laboklin.de\/de-at\/wp-json\/wp\/v2\/pages\/1335335\/revisions\/1510832"}],"up":[{"embeddable":true,"href":"https:\/\/laboklin.de\/de-at\/wp-json\/wp\/v2\/pages\/1332719"}],"wp:attachment":[{"href":"https:\/\/laboklin.de\/de-at\/wp-json\/wp\/v2\/media?parent=1335335"}],"curies":[{"name":"wp","href":"https:\/\/api.w.org\/{rel}","templated":true}]}}