{"id":1335300,"date":"2020-10-16T11:36:27","date_gmt":"2020-10-16T09:36:27","guid":{"rendered":"https:\/\/laboklin.de\/leistungen\/haematologie-klin-chemie-endokrinologie\/endokrinologie-tumormarker\/cpse-canine-prostate-specific-arginine-esterase\/"},"modified":"2026-02-05T10:50:54","modified_gmt":"2026-02-05T09:50:54","slug":"cpse-canine-prostate-specific-arginine-esterase","status":"publish","type":"page","link":"https:\/\/laboklin.de\/de-at\/leistungen\/haematologie-klin-chemie-endokrinologie\/endokrinologie-tumormarker\/cpse-canine-prostate-specific-arginine-esterase\/","title":{"rendered":"CPSE (Canine Prostate-Specific Arginine Esterase)"},"content":{"rendered":"<h3 class=\"csc-firstHeader\">CPSE (Canine Prostate-Specific Arginine Esterase) <\/h3><p><span>LABOKLIN Leistungs-ID: 2087<\/span><\/p><p class=\"bodytext\"><br>CPSE ist ein prostataspezifisches Enzym und gilt als Marker f\u00fcr die Prostatafunktion des Hundes. Es wird von Epithelzellen der Prostata gebildet und gelangt bei gesteigerter sekretorischer Aktivit\u00e4t oder Gewebsver\u00e4nderungen in erh\u00f6hter Konzentration ins Blut.<\/p><table class=\"tx-laboklinleistung-table contenttable contenttable-2\" style=\"margin-top: 35px;\"><tr><td class=\"td-0\"><strong>Material<\/strong><\/td><td class=\"td-1\"><p class=\"bodytext\">Serum oder EDTA-Plasma oder Heparin-Plasma 0,5 ml (sofort abzentrifugiert (Plasma) bzw. zeitnah nach Koagulation abzentrifugiert (Serum), abpipettiert)<ul><li>Bitte Hinweis \u2013 l\u00e4nderspezifisch \u2013 auf dem Untersuchungsauftrag zur <strong>Temperatur<\/strong> bei Aufbewahrung\/Transport beachten!<\/li><\/ul><\/p><\/td><\/tr><tr><td class=\"td-0\"><strong>Methode<\/strong><\/td><td class=\"td-1\"><p class=\"bodytext\">Enzym Linked Immunosorbent Assay (ELISA)<\/p><\/td><\/tr><tr><td class=\"td-0\"><strong>Dauer<\/strong><\/td><td class=\"td-1\"><p class=\"bodytext\">1-5 Arbeitstage<\/p><\/td><\/tr><tr><td class=\"td-0\"><strong>Anmerkung<\/strong><\/td><td class=\"td-1\"><p class=\"bodytext\"><ul><li>Beachte: Innerhalb von 24 Stunden vor der Probenentnahme darf weder eine rektale Untersuchung noch eine Ejakulation erfolgen, da dies zu falsch erh\u00f6hten Messergebnissen f\u00fchrt.<\/li><li>Bei Einhaltung dieser Anforderungen weisen erh\u00f6hte Konzentrationen auf eine Pathologie der Prostata hin. In den meisten F\u00e4llen liegt eine benigne Prostatahyperplasie vor. F\u00fcr eine Abgrenzung zur Prostatitis oder Prostataneoplasie ist jedoch weitergehende Diagnostik (Sonografie, Zytologie, Untersuchung auf BRAF-Mutation oder Biopsie der Prostata) empfohlen.<\/li><\/ul><\/p><\/td><\/tr><\/table>\n","protected":false},"excerpt":{"rendered":"<p>CPSE (Canine Prostate-Specific Arginine Esterase) LABOKLIN Leistungs-ID: 2087CPSE ist ein prostataspezifisches Enzym und gilt als Marker f\u00fcr die Prostatafunktion des Hundes. Es wird von Epithelzellen der Prostata gebildet und gelangt bei gesteigerter sekretorischer Aktivit\u00e4t oder Gewebsver\u00e4nderungen in erh\u00f6hter Konzentration ins Blut.MaterialSerum oder EDTA-Plasma oder Heparin-Plasma 0,5 ml (sofort abzentrifugiert (Plasma) bzw. zeitnah nach Koagulation abzentrifugiert&hellip;<\/p>\n","protected":false},"author":1,"featured_media":0,"parent":1332763,"menu_order":9,"comment_status":"closed","ping_status":"closed","template":"","meta":{"_seopress_robots_primary_cat":"","_seopress_titles_title":"","_seopress_titles_desc":"","_seopress_robots_index":"","footnotes":""},"class_list":["post-1335300","page","type-page","status-publish","hentry","description-off"],"_links":{"self":[{"href":"https:\/\/laboklin.de\/de-at\/wp-json\/wp\/v2\/pages\/1335300","targetHints":{"allow":["GET"]}}],"collection":[{"href":"https:\/\/laboklin.de\/de-at\/wp-json\/wp\/v2\/pages"}],"about":[{"href":"https:\/\/laboklin.de\/de-at\/wp-json\/wp\/v2\/types\/page"}],"author":[{"embeddable":true,"href":"https:\/\/laboklin.de\/de-at\/wp-json\/wp\/v2\/users\/1"}],"replies":[{"embeddable":true,"href":"https:\/\/laboklin.de\/de-at\/wp-json\/wp\/v2\/comments?post=1335300"}],"version-history":[{"count":2,"href":"https:\/\/laboklin.de\/de-at\/wp-json\/wp\/v2\/pages\/1335300\/revisions"}],"predecessor-version":[{"id":1586713,"href":"https:\/\/laboklin.de\/de-at\/wp-json\/wp\/v2\/pages\/1335300\/revisions\/1586713"}],"up":[{"embeddable":true,"href":"https:\/\/laboklin.de\/de-at\/wp-json\/wp\/v2\/pages\/1332763"}],"wp:attachment":[{"href":"https:\/\/laboklin.de\/de-at\/wp-json\/wp\/v2\/media?parent=1335300"}],"curies":[{"name":"wp","href":"https:\/\/api.w.org\/{rel}","templated":true}]}}