{"id":1335256,"date":"2020-05-20T12:25:00","date_gmt":"2020-05-20T10:25:00","guid":{"rendered":"https:\/\/laboklin.de\/leistungen\/hygieneuntersuchungen\/hygiene-einzeluntersuchungen\/04-untersuchung-der-flaechendesinfektion\/"},"modified":"2025-02-17T10:34:08","modified_gmt":"2025-02-17T09:34:08","slug":"04-untersuchung-der-flaechendesinfektion","status":"publish","type":"page","link":"https:\/\/laboklin.de\/de-at\/leistungen\/hygieneuntersuchungen\/hygiene-einzeluntersuchungen\/04-untersuchung-der-flaechendesinfektion\/","title":{"rendered":"04. Untersuchung der Fl\u00e4chendesinfektion"},"content":{"rendered":"<h3 class=\"csc-firstHeader\">Untersuchung der Fl\u00e4chendesinfektion<\/h3><p><span>LABOKLIN Leistungs-ID: 6301<\/span><\/p><table class=\"tx-laboklinleistung-table contenttable contenttable-2\" style=\"margin-top: 35px;\"><tr><td class=\"td-0\"><strong>Material<\/strong><\/td><td class=\"td-1\"><p class=\"bodytext\">Abklatschplatte<\/p><\/td><\/tr><tr><td class=\"td-0\"><strong>Methode<\/strong><\/td><td class=\"td-1\"><p class=\"bodytext\">kulturell<\/p><\/td><\/tr><tr><td class=\"td-0\"><strong>Dauer<\/strong><\/td><td class=\"td-1\"><p class=\"bodytext\">2 - 4  Tage<\/p><\/td><\/tr><tr><td class=\"td-0\"><strong>Anmerkung<\/strong><\/td><td class=\"td-1\"><p class=\"bodytext\"><ul><li>Dieser Test eignet sich auch zur Untersuchung des Erfolgs der H\u00e4ndedesinfektion.<\/li> <li>Die zu beprobende Oberfl\u00e4che ist zu reinigen und desinfizieren und muss vor der Beprobung gut abgetrocknet sein. Die auf dem Boden beschriftete und zur Beprobung verwendete Abklatschplatte ist bei Raumtemperatur zu lagern und innerhalb von 24 Stunden mit dem ausgef\u00fcllten Begleitformular in das Labor zur\u00fcckzuschicken.<\/li> <li>Ggf. k\u00f6nnen die folgenden multiresistenten Keime identifiziert werden: MRSA (Methicillin-resistenter Staphylococcus aureus) und\/oder MRSE (Methicillin-resistenter Staphylococcus epidermidis) und\/oder ESBL (Keime, die extended spectrum \u00df-Lactamase bilden). Hierf\u00fcr entstehen zus\u00e4tzliche Kosten. <\/li> <li>Tutorial zur Probenahme f\u00fcr die Untersuchung der Fl\u00e4chendesinfektion siehe Fachinformationen\/Video-Turorials.<\/li><li> Bei regelm\u00e4\u00dfiger Teilnahme (2x pro Jahr) erhalten Sie ein Zertifikat \u00fcber die j\u00e4hrliche \u00dcberpr\u00fcfung der Desinfektionsleistung Ihrer Fl\u00e4chendesinfektionskontrolle. <\/li><li> Test zur Untersuchung der Ausgangskontamination siehe Leistung \u201eUntersuchung der Oberfl\u00e4chenkontamination\u201c. <\/li><\/ul><\/p><\/td><\/tr><\/table>\n","protected":false},"excerpt":{"rendered":"<p>Untersuchung der Fl\u00e4chendesinfektionLABOKLIN Leistungs-ID: 6301MaterialAbklatschplatteMethodekulturellDauer2 &#8211; 4 TageAnmerkungDieser Test eignet sich auch zur Untersuchung des Erfolgs der H\u00e4ndedesinfektion. Die zu beprobende Oberfl\u00e4che ist zu reinigen und desinfizieren und muss vor der Beprobung gut abgetrocknet sein. Die auf dem Boden beschriftete und zur Beprobung verwendete Abklatschplatte ist bei Raumtemperatur zu lagern und innerhalb von 24 Stunden&hellip;<\/p>\n","protected":false},"author":1,"featured_media":0,"parent":1332809,"menu_order":8,"comment_status":"closed","ping_status":"closed","template":"","meta":{"_seopress_robots_primary_cat":"","_seopress_titles_title":"","_seopress_titles_desc":"","_seopress_robots_index":"","footnotes":""},"class_list":["post-1335256","page","type-page","status-publish","hentry","description-off"],"_links":{"self":[{"href":"https:\/\/laboklin.de\/de-at\/wp-json\/wp\/v2\/pages\/1335256","targetHints":{"allow":["GET"]}}],"collection":[{"href":"https:\/\/laboklin.de\/de-at\/wp-json\/wp\/v2\/pages"}],"about":[{"href":"https:\/\/laboklin.de\/de-at\/wp-json\/wp\/v2\/types\/page"}],"author":[{"embeddable":true,"href":"https:\/\/laboklin.de\/de-at\/wp-json\/wp\/v2\/users\/1"}],"replies":[{"embeddable":true,"href":"https:\/\/laboklin.de\/de-at\/wp-json\/wp\/v2\/comments?post=1335256"}],"version-history":[{"count":1,"href":"https:\/\/laboklin.de\/de-at\/wp-json\/wp\/v2\/pages\/1335256\/revisions"}],"predecessor-version":[{"id":1335259,"href":"https:\/\/laboklin.de\/de-at\/wp-json\/wp\/v2\/pages\/1335256\/revisions\/1335259"}],"up":[{"embeddable":true,"href":"https:\/\/laboklin.de\/de-at\/wp-json\/wp\/v2\/pages\/1332809"}],"wp:attachment":[{"href":"https:\/\/laboklin.de\/de-at\/wp-json\/wp\/v2\/media?parent=1335256"}],"curies":[{"name":"wp","href":"https:\/\/api.w.org\/{rel}","templated":true}]}}