{"id":1335228,"date":"2020-10-16T11:36:27","date_gmt":"2020-10-16T09:36:27","guid":{"rendered":"https:\/\/laboklin.de\/leistungen\/genetik\/erbkrankheiten\/pferd\/toedlicher-weisser-overodefekt-olws\/"},"modified":"2025-02-25T12:41:27","modified_gmt":"2025-02-25T11:41:27","slug":"toedlicher-weisser-overodefekt-olws","status":"publish","type":"page","link":"https:\/\/laboklin.de\/de-at\/leistungen\/genetik\/erbkrankheiten\/pferd\/toedlicher-weisser-overodefekt-olws\/","title":{"rendered":"T\u00f6dlicher wei\u00dfer Overodefekt (OLWS)"},"content":{"rendered":"<h3 class=\"csc-firstHeader\">T\u00f6dlicher wei\u00dfer Overodefekt (OLWS)<\/h3><p><span>LABOKLIN Leistungs-ID: 8061<\/span><\/p><p class=\"bodytext\">Der t\u00f6dliche wei\u00dfer Overodefekt (Overo Lethal White Syndrome, OLWS) ist ein autosomal-rezessiv vererbter, letaler Defekt, der haupts\u00e4chlich bei Verpaarung von Overo-gescheckten Paint Horses auftritt. Tr\u00e4ger der Mutation am Endothelin-B-Rezeptor-Gen k\u00f6nnen aber auch Miniaturpferde, Araberkreuzungen, Vollbl\u00fcter, Quarter Horses, Mustangs sowie nicht typisch gezeichnete Tobiano Paint Horses sein. Betroffene Fohlen werden v\u00f6llig wei\u00df geboren und weisen eine intestinale Aganglionosis (Fehlen von Nervenzellen in der Darmwand) auf. Aufgrund des resultierenden funktionalen Ileus (Darmverschluss) entwickeln die Fohlen schwere Koliken und sterben meist nach 24 bis 48 Stunden.<br>Achtung: Nicht jedes wei\u00df geborene Fohlen der in Frage kommenden Rassen ist (homozygoter) Merkmalstr\u00e4ger.<\/p><table class=\"tx-laboklinleistung-table contenttable contenttable-2\" style=\"margin-top: 35px;\"><tr><td class=\"td-0\"><strong>Methode<\/strong><\/td><td class=\"td-1\"><p class=\"bodytext\">TaqMan SNP Assay<\/p><\/td><\/tr><tr><td class=\"td-0\"><strong>Rasse<\/strong><\/td><td class=\"td-1\"><p class=\"bodytext\">Appaloosa, Paint Horse, Quarter Horse<\/p><\/td><\/tr><tr><td class=\"td-0\"><strong>Erbgang<\/strong><\/td><td class=\"td-1\"><p class=\"bodytext\">autosomal-rezessiv<\/p><\/td><\/tr><tr><td class=\"td-0\"><strong>Dauer<\/strong><\/td><td class=\"td-1\"><p class=\"bodytext\">3 - 5 Werktage nach Erhalt der Probe<\/p><\/td><\/tr><\/table>\n","protected":false},"excerpt":{"rendered":"<p>T\u00f6dlicher wei\u00dfer Overodefekt (OLWS)LABOKLIN Leistungs-ID: 8061Der t\u00f6dliche wei\u00dfer Overodefekt (Overo Lethal White Syndrome, OLWS) ist ein autosomal-rezessiv vererbter, letaler Defekt, der haupts\u00e4chlich bei Verpaarung von Overo-gescheckten Paint Horses auftritt. Tr\u00e4ger der Mutation am Endothelin-B-Rezeptor-Gen k\u00f6nnen aber auch Miniaturpferde, Araberkreuzungen, Vollbl\u00fcter, Quarter Horses, Mustangs sowie nicht typisch gezeichnete Tobiano Paint Horses sein. Betroffene Fohlen werden v\u00f6llig&hellip;<\/p>\n","protected":false},"author":1,"featured_media":0,"parent":1332710,"menu_order":8,"comment_status":"closed","ping_status":"closed","template":"","meta":{"_seopress_robots_primary_cat":"","_seopress_titles_title":"","_seopress_titles_desc":"","_seopress_robots_index":"","footnotes":""},"class_list":["post-1335228","page","type-page","status-publish","hentry","description-off"],"_links":{"self":[{"href":"https:\/\/laboklin.de\/de-at\/wp-json\/wp\/v2\/pages\/1335228","targetHints":{"allow":["GET"]}}],"collection":[{"href":"https:\/\/laboklin.de\/de-at\/wp-json\/wp\/v2\/pages"}],"about":[{"href":"https:\/\/laboklin.de\/de-at\/wp-json\/wp\/v2\/types\/page"}],"author":[{"embeddable":true,"href":"https:\/\/laboklin.de\/de-at\/wp-json\/wp\/v2\/users\/1"}],"replies":[{"embeddable":true,"href":"https:\/\/laboklin.de\/de-at\/wp-json\/wp\/v2\/comments?post=1335228"}],"version-history":[{"count":1,"href":"https:\/\/laboklin.de\/de-at\/wp-json\/wp\/v2\/pages\/1335228\/revisions"}],"predecessor-version":[{"id":1510748,"href":"https:\/\/laboklin.de\/de-at\/wp-json\/wp\/v2\/pages\/1335228\/revisions\/1510748"}],"up":[{"embeddable":true,"href":"https:\/\/laboklin.de\/de-at\/wp-json\/wp\/v2\/pages\/1332710"}],"wp:attachment":[{"href":"https:\/\/laboklin.de\/de-at\/wp-json\/wp\/v2\/media?parent=1335228"}],"curies":[{"name":"wp","href":"https:\/\/api.w.org\/{rel}","templated":true}]}}