{"id":1335227,"date":"2020-10-16T11:36:27","date_gmt":"2020-10-16T09:36:27","guid":{"rendered":"https:\/\/laboklin.de\/leistungen\/genetik\/erbkrankheiten\/katze\/progressive-retinaatrophie-rdac-pra\/"},"modified":"2025-02-25T12:25:59","modified_gmt":"2025-02-25T11:25:59","slug":"progressive-retinaatrophie-rdac-pra","status":"publish","type":"page","link":"https:\/\/laboklin.de\/de-at\/leistungen\/genetik\/erbkrankheiten\/katze\/progressive-retinaatrophie-rdac-pra\/","title":{"rendered":"Progressive Retinaatrophie (rdAc-PRA)"},"content":{"rendered":"<h3 class=\"csc-firstHeader\">Progressive Retinaatrophie (rdAc-PRA)<\/h3><p><span>LABOKLIN Leistungs-ID: 8117<\/span><\/p><p class=\"bodytext\">Die Progressive Retinaatrophie PRA ist eine Erkrankung der Netzhaut (Retina), die durch kontinuierliches Fortschreiten letztendlich zur Erblindung f\u00fchrt. Dabei werden die Photorezeptoren des Auges im Laufe der Zeit zerst\u00f6rt. Die rdAc-PRA wird durch eine Mutation im CEP290-Gen hervorgerufen. Betroffene Katzen haben zum Zeitpunkt der Geburt ein normales Sehverm\u00f6gen. Die klinischen Symptome treten in der Regel im Alter von 1,5 bis 2 Jahren auf (sog. late onset). Zuerst verlieren die St\u00e4bchenzellen ihre normale Funktion, im weiteren Verlauf sind auch die Zapfenzellen der Netzhaut betroffen. Im Endstadium der Krankheit, meist im Alter von 3 - 5 Jahren, sind die Photorezeptoren dann v\u00f6llig zerst\u00f6rt und die Katze erblindet vollst\u00e4ndig.<\/p><table class=\"tx-laboklinleistung-table contenttable contenttable-2\" style=\"margin-top: 35px;\"><tr><td class=\"td-0\"><strong>Methode<\/strong><\/td><td class=\"td-1\"><p class=\"bodytext\">TaqMan SNP Assay<\/p><\/td><\/tr><tr><td class=\"td-0\"><strong>Rasse<\/strong><\/td><td class=\"td-1\"><p class=\"bodytext\">Abessinier, American Curl Longhair, American Curl Shorthair, American Wirehair, Balinese, Bengal, Cornish Rex, Javanese, Munchkin, Ocicat, Orientalisch Kurzhaar, Peterbald, Seychellois, Siam, Singapura, Somali, Thai, Tonkanese<\/p><\/td><\/tr><tr><td class=\"td-0\"><strong>Erbgang<\/strong><\/td><td class=\"td-1\"><p class=\"bodytext\">autosomal-rezessiv<\/p><\/td><\/tr><tr><td class=\"td-0\"><strong>Dauer<\/strong><\/td><td class=\"td-1\"><p class=\"bodytext\">3 - 5 Werktage nach Erhalt der Probe<\/p><\/td><\/tr><\/table>\n","protected":false},"excerpt":{"rendered":"<p>Progressive Retinaatrophie (rdAc-PRA)LABOKLIN Leistungs-ID: 8117Die Progressive Retinaatrophie PRA ist eine Erkrankung der Netzhaut (Retina), die durch kontinuierliches Fortschreiten letztendlich zur Erblindung f\u00fchrt. Dabei werden die Photorezeptoren des Auges im Laufe der Zeit zerst\u00f6rt. Die rdAc-PRA wird durch eine Mutation im CEP290-Gen hervorgerufen. Betroffene Katzen haben zum Zeitpunkt der Geburt ein normales Sehverm\u00f6gen. Die klinischen Symptome&hellip;<\/p>\n","protected":false},"author":1,"featured_media":0,"parent":1332703,"menu_order":8,"comment_status":"closed","ping_status":"closed","template":"","meta":{"_seopress_robots_primary_cat":"","_seopress_titles_title":"","_seopress_titles_desc":"","_seopress_robots_index":"","footnotes":""},"class_list":["post-1335227","page","type-page","status-publish","hentry","description-off"],"_links":{"self":[{"href":"https:\/\/laboklin.de\/de-at\/wp-json\/wp\/v2\/pages\/1335227","targetHints":{"allow":["GET"]}}],"collection":[{"href":"https:\/\/laboklin.de\/de-at\/wp-json\/wp\/v2\/pages"}],"about":[{"href":"https:\/\/laboklin.de\/de-at\/wp-json\/wp\/v2\/types\/page"}],"author":[{"embeddable":true,"href":"https:\/\/laboklin.de\/de-at\/wp-json\/wp\/v2\/users\/1"}],"replies":[{"embeddable":true,"href":"https:\/\/laboklin.de\/de-at\/wp-json\/wp\/v2\/comments?post=1335227"}],"version-history":[{"count":1,"href":"https:\/\/laboklin.de\/de-at\/wp-json\/wp\/v2\/pages\/1335227\/revisions"}],"predecessor-version":[{"id":1510706,"href":"https:\/\/laboklin.de\/de-at\/wp-json\/wp\/v2\/pages\/1335227\/revisions\/1510706"}],"up":[{"embeddable":true,"href":"https:\/\/laboklin.de\/de-at\/wp-json\/wp\/v2\/pages\/1332703"}],"wp:attachment":[{"href":"https:\/\/laboklin.de\/de-at\/wp-json\/wp\/v2\/media?parent=1335227"}],"curies":[{"name":"wp","href":"https:\/\/api.w.org\/{rel}","templated":true}]}}