{"id":1335191,"date":"2020-10-16T11:36:27","date_gmt":"2020-10-16T09:36:27","guid":{"rendered":"https:\/\/laboklin.de\/leistungen\/haematologie-klin-chemie-endokrinologie\/harnanalyse\/eiweiss-kreatinin-verhaeltnis-u-p-c\/"},"modified":"2025-11-24T09:06:14","modified_gmt":"2025-11-24T08:06:14","slug":"protein-kreatinin-quotient-u-p-c","status":"publish","type":"page","link":"https:\/\/laboklin.de\/de-at\/leistungen\/haematologie-klin-chemie-endokrinologie\/harnanalyse\/protein-kreatinin-quotient-u-p-c\/","title":{"rendered":"Protein\/Kreatinin-Quotient (U-P\/C)"},"content":{"rendered":"<h3 class=\"csc-firstHeader\">Protein\/Kreatinin-Quotient (U-P\/C)<\/h3><p><span>LABOKLIN Leistungs-ID: 2005<\/span><\/p><p class=\"bodytext\"><br><\/p><table class=\"tx-laboklinleistung-table contenttable contenttable-2\" style=\"margin-top: 35px;\"><tr><td class=\"td-0\"><strong>Material<\/strong><\/td><td class=\"td-1\"><p class=\"bodytext\">Harn 1 ml<\/p><\/td><\/tr><tr><td class=\"td-0\"><strong>Methode<\/strong><\/td><td class=\"td-1\"><p class=\"bodytext\">Photometrie<\/p><\/td><\/tr><tr><td class=\"td-0\"><strong>Dauer<\/strong><\/td><td class=\"td-1\"><p class=\"bodytext\">Befund\u00fcbermittlung am Tag des Probeneingangs (Mo.-Sa.)<\/p><\/td><\/tr><tr><td class=\"td-0\"><strong>Anmerkung<\/strong><\/td><td class=\"td-1\"><p class=\"bodytext\"><ul><li>Der Test dient der Fr\u00fcherkennung von Nierenfunktionsst\u00f6rungen und Proteinverlusten \u00fcber den Harn bei Hund, Katze und Pferd. <\/li><li>Nicht aussagekr\u00e4ftig bei blutigem Urin oder aktivem Sediment. Hier korreliert ein U-P\/C nicht mit der Nierenfunktion.<\/li><li>Eine Erh\u00f6hung kann auch die Folge von Fieber, bakteriellen und entz\u00fcndlichen Zust\u00e4nden sein, ohne dass eine Nierenfunktionsst\u00f6rung vorliegt. <\/li><\/ul><\/p><\/td><\/tr><\/table>\n","protected":false},"excerpt":{"rendered":"<p>Erfahren Sie, wie der Protein-Kreatinin-Quotient (U-P\/C) bei LABOKLIN zur Beurteilung der Nierenfunktion sicher und pr\u00e4zise bestimmt wird.<\/p>\n","protected":false},"author":1,"featured_media":0,"parent":1332756,"menu_order":8,"comment_status":"closed","ping_status":"closed","template":"","meta":{"_seopress_robots_primary_cat":"","_seopress_titles_title":"","_seopress_titles_desc":"Erfahren Sie, wie der Protein-Kreatinin-Quotient (U-P\/C) bei LABOKLIN zur Beurteilung der Nierenfunktion sicher und pr\u00e4zise bestimmt wird.","_seopress_robots_index":"","footnotes":""},"class_list":["post-1335191","page","type-page","status-publish","hentry","description-off"],"_links":{"self":[{"href":"https:\/\/laboklin.de\/de-at\/wp-json\/wp\/v2\/pages\/1335191","targetHints":{"allow":["GET"]}}],"collection":[{"href":"https:\/\/laboklin.de\/de-at\/wp-json\/wp\/v2\/pages"}],"about":[{"href":"https:\/\/laboklin.de\/de-at\/wp-json\/wp\/v2\/types\/page"}],"author":[{"embeddable":true,"href":"https:\/\/laboklin.de\/de-at\/wp-json\/wp\/v2\/users\/1"}],"replies":[{"embeddable":true,"href":"https:\/\/laboklin.de\/de-at\/wp-json\/wp\/v2\/comments?post=1335191"}],"version-history":[{"count":3,"href":"https:\/\/laboklin.de\/de-at\/wp-json\/wp\/v2\/pages\/1335191\/revisions"}],"predecessor-version":[{"id":1574631,"href":"https:\/\/laboklin.de\/de-at\/wp-json\/wp\/v2\/pages\/1335191\/revisions\/1574631"}],"up":[{"embeddable":true,"href":"https:\/\/laboklin.de\/de-at\/wp-json\/wp\/v2\/pages\/1332756"}],"wp:attachment":[{"href":"https:\/\/laboklin.de\/de-at\/wp-json\/wp\/v2\/media?parent=1335191"}],"curies":[{"name":"wp","href":"https:\/\/api.w.org\/{rel}","templated":true}]}}