{"id":1335170,"date":"2021-01-27T13:35:55","date_gmt":"2021-01-27T12:35:55","guid":{"rendered":"https:\/\/laboklin.de\/leistungen\/profile\/profile-screenings-kleintiere\/reiseprofile-thrombozyten-profile-zecken\/leishmanien-profil-klein\/"},"modified":"2026-01-08T16:20:13","modified_gmt":"2026-01-08T15:20:13","slug":"leishmanien-monitoring","status":"publish","type":"page","link":"https:\/\/laboklin.de\/de-at\/leistungen\/profile\/profile-screenings-kleintiere\/reiseprofile-thrombozyten-profile-zecken\/leishmanien-monitoring\/","title":{"rendered":"Leishmanien-Monitoring"},"content":{"rendered":"<h3 class=\"csc-firstHeader\">Leishmanien-Monitoring<\/h3><p><span>LABOKLIN Leistungs-ID: 2242<\/span><\/p><table class=\"tx-laboklinleistung-table contenttable contenttable-2\" style=\"margin-top: 35px;\"><tr><td class=\"td-0\"><strong>Material<\/strong><\/td><td class=\"td-1\"><p class=\"bodytext\">Serum 1 ml + EDTA-Blut 1 ml<\/p><\/td><\/tr><tr><td class=\"td-0\"><strong>Parameter<\/strong><\/td><td class=\"td-1\"><p class=\"bodytext\">Leishmanien (ELISA), Protein, Serumproteinelektrophorese, Kreatinin, Harnstoff, ALT, AST, AP, GLDH, Blutbild<\/p><\/td><\/tr><tr><td class=\"td-0\"><strong>Dauer<\/strong><\/td><td class=\"td-1\"><p class=\"bodytext\">1 Tag <\/p><\/td><\/tr><tr><td class=\"td-0\"><strong>Anmerkung<\/strong><\/td><td class=\"td-1\"><p class=\"bodytext\">Diese Leistung kann auch in Kombination mit der Bestimmung des Urin-Protein-Kreatinin-Verh\u00e4ltnisses (U-P\/C) und des CRP bestellt werden. \r\n<\/p><\/td><\/tr><\/table>\n","protected":false},"excerpt":{"rendered":"<p>Laboklin Leishmanien-Monitoring-Profil: Umfassende Screening mit Antik\u00f6rpern, Organwerten &#038; Entz\u00fcndungsparametern. Fr\u00fcherkennung von R\u00fcckf\u00e4llen bei caniner Leishmaniose.<\/p>\n","protected":false},"author":1,"featured_media":0,"parent":1332827,"menu_order":8,"comment_status":"closed","ping_status":"closed","template":"","meta":{"_seopress_robots_primary_cat":"","_seopress_titles_title":"Leishmaniose Therapie-Kontrolle f\u00fcr Hunde \u2013 Laboklin","_seopress_titles_desc":"Leishmanien-Monitoring f\u00fcr Hunde: ELISA, Blutbild, Leber- & Nierenwerte, CRP & U-P\/C. Ideal f\u00fcr Reisevorbereitung. Ergebnis in 1 Tag bei LABOKLIN","_seopress_robots_index":"","footnotes":""},"class_list":["post-1335170","page","type-page","status-publish","hentry","description-off"],"_links":{"self":[{"href":"https:\/\/laboklin.de\/de-at\/wp-json\/wp\/v2\/pages\/1335170","targetHints":{"allow":["GET"]}}],"collection":[{"href":"https:\/\/laboklin.de\/de-at\/wp-json\/wp\/v2\/pages"}],"about":[{"href":"https:\/\/laboklin.de\/de-at\/wp-json\/wp\/v2\/types\/page"}],"author":[{"embeddable":true,"href":"https:\/\/laboklin.de\/de-at\/wp-json\/wp\/v2\/users\/1"}],"replies":[{"embeddable":true,"href":"https:\/\/laboklin.de\/de-at\/wp-json\/wp\/v2\/comments?post=1335170"}],"version-history":[{"count":3,"href":"https:\/\/laboklin.de\/de-at\/wp-json\/wp\/v2\/pages\/1335170\/revisions"}],"predecessor-version":[{"id":1580909,"href":"https:\/\/laboklin.de\/de-at\/wp-json\/wp\/v2\/pages\/1335170\/revisions\/1580909"}],"up":[{"embeddable":true,"href":"https:\/\/laboklin.de\/de-at\/wp-json\/wp\/v2\/pages\/1332827"}],"wp:attachment":[{"href":"https:\/\/laboklin.de\/de-at\/wp-json\/wp\/v2\/media?parent=1335170"}],"curies":[{"name":"wp","href":"https:\/\/api.w.org\/{rel}","templated":true}]}}