{"id":1335143,"date":"2020-05-20T12:25:00","date_gmt":"2020-05-20T10:25:00","guid":{"rendered":"https:\/\/laboklin.de\/leistungen\/hygieneuntersuchungen\/hygiene-einzeluntersuchungen\/untersuchung-der-reinigungs-und-desinfektionsleistung-von-geraeten-zur-aufbereitung-von-chirurgischen-instrumenten\/"},"modified":"2025-12-08T13:48:56","modified_gmt":"2025-12-08T12:48:56","slug":"untersuchung-der-reinigungs-und-desinfektionsleistung-von-geraeten-zur-aufbereitung-von-chirurgischen-instrumenten","status":"publish","type":"page","link":"https:\/\/laboklin.de\/de-at\/leistungen\/hygieneuntersuchungen\/hygiene-einzeluntersuchungen\/untersuchung-der-reinigungs-und-desinfektionsleistung-von-geraeten-zur-aufbereitung-von-chirurgischen-instrumenten\/","title":{"rendered":"08. Untersuchung der Reinigungs- und Desinfektionsleistung von Ger\u00e4ten zur Aufbereitung von chirurgischen Instrumenten"},"content":{"rendered":"<h3 class=\"csc-firstHeader\">Untersuchung der Reinigungs- und Desinfektionsleistung von Ger\u00e4ten zur Aufbereitung von chirurgischen Instrumenten<\/h3><p><span>LABOKLIN Leistungs-ID: 6410<\/span><\/p><table class=\"tx-laboklinleistung-table contenttable contenttable-2\" style=\"margin-top: 35px;\"><tr><td class=\"td-0\"><strong>Material<\/strong><\/td><td class=\"td-1\"><p class=\"bodytext\">Bioindikatoren (Schrauben mit Blut und \/ oder Grie\u00df  und E. faecium) <br>Transportkontrollen (Schrauben mit Blut und\/oder Grie\u00df  und E. faecium)<\/p><\/td><\/tr><tr><td class=\"td-0\"><strong>Methode<\/strong><\/td><td class=\"td-1\"><p class=\"bodytext\">kulturell<\/p><\/td><\/tr><tr><td class=\"td-0\"><strong>Dauer<\/strong><\/td><td class=\"td-1\"><p class=\"bodytext\">3 - 7 Tage<\/p><\/td><\/tr><tr><td class=\"td-0\"><strong>Anmerkung<\/strong><\/td><td class=\"td-1\"><p class=\"bodytext\"><ul><li>Die Pr\u00fcfsetkomponenten (Bioindikatoren und Transportkontrollen) sind nach Anforderung vom Labor vor dem Einsatz max. 3 Tage bei 7 \u00b0C bis 10 \u00b0C zu lagern. Nach Abschluss der Hygieneuntersuchungen erfolgt die Lagerung bei Raumtemperatur und die Komponenten sind innerhalb von 24 Stunden mit dem ausgef\u00fcllten Begleitformular an das Labor zu schicken.<\/li><li>Bei regelm\u00e4\u00dfiger Teilnahme (2x pro Jahr) erhalten Sie ein Zertifikat \u00fcber die j\u00e4hrliche \u00dcberpr\u00fcfung Ihres Ger\u00e4ts.<\/li> <li>Dieser Test steht in Drittl\u00e4ndern nicht zur Verf\u00fcgung<\/li><\/ul><\/p><\/td><\/tr><\/table>\n","protected":false},"excerpt":{"rendered":"<p>Untersuchung der Reinigungs- und Desinfektionsleistung von Ger\u00e4ten zur Aufbereitung von chirurgischen InstrumentenLABOKLIN Leistungs-ID: 6410MaterialBioindikatoren (Schrauben mit Blut und \/ oder Grie\u00df und E. faecium) Transportkontrollen (Schrauben mit Blut und\/oder Grie\u00df und E. faecium)MethodekulturellDauer3 &#8211; 7 TageAnmerkungDie Pr\u00fcfsetkomponenten (Bioindikatoren und Transportkontrollen) sind nach Anforderung vom Labor vor dem Einsatz max. 3 Tage bei 7 \u00b0C bis&hellip;<\/p>\n","protected":false},"author":1,"featured_media":0,"parent":1332809,"menu_order":7,"comment_status":"closed","ping_status":"closed","template":"","meta":{"_seopress_robots_primary_cat":"","_seopress_titles_title":"","_seopress_titles_desc":"","_seopress_robots_index":"","footnotes":""},"class_list":["post-1335143","page","type-page","status-publish","hentry","description-off"],"_links":{"self":[{"href":"https:\/\/laboklin.de\/de-at\/wp-json\/wp\/v2\/pages\/1335143","targetHints":{"allow":["GET"]}}],"collection":[{"href":"https:\/\/laboklin.de\/de-at\/wp-json\/wp\/v2\/pages"}],"about":[{"href":"https:\/\/laboklin.de\/de-at\/wp-json\/wp\/v2\/types\/page"}],"author":[{"embeddable":true,"href":"https:\/\/laboklin.de\/de-at\/wp-json\/wp\/v2\/users\/1"}],"replies":[{"embeddable":true,"href":"https:\/\/laboklin.de\/de-at\/wp-json\/wp\/v2\/comments?post=1335143"}],"version-history":[{"count":3,"href":"https:\/\/laboklin.de\/de-at\/wp-json\/wp\/v2\/pages\/1335143\/revisions"}],"predecessor-version":[{"id":1577427,"href":"https:\/\/laboklin.de\/de-at\/wp-json\/wp\/v2\/pages\/1335143\/revisions\/1577427"}],"up":[{"embeddable":true,"href":"https:\/\/laboklin.de\/de-at\/wp-json\/wp\/v2\/pages\/1332809"}],"wp:attachment":[{"href":"https:\/\/laboklin.de\/de-at\/wp-json\/wp\/v2\/media?parent=1335143"}],"curies":[{"name":"wp","href":"https:\/\/api.w.org\/{rel}","templated":true}]}}