{"id":1335112,"date":"2020-10-16T11:36:27","date_gmt":"2020-10-16T09:36:27","guid":{"rendered":"https:\/\/laboklin.de\/leistungen\/genetik\/fellfarbe-haarstruktur\/katze\/farbvariante-agouti\/"},"modified":"2025-02-25T13:11:47","modified_gmt":"2025-02-25T12:11:47","slug":"farbvariante-agouti","status":"publish","type":"page","link":"https:\/\/laboklin.de\/de-at\/leistungen\/genetik\/fellfarbe-haarstruktur\/katze\/farbvariante-agouti\/","title":{"rendered":"Farbvariante Agouti"},"content":{"rendered":"<h3 class=\"csc-firstHeader\">Farbvariante Agouti<\/h3><p><span>LABOKLIN Leistungs-ID: 8090<\/span><\/p><p class=\"bodytext\">Der A- oder Agouti-Lokus ist verantwortlich f\u00fcr die Fellzeichnung und unterscheidet ob das Fell mehrfarbig (\u201eAgouti\u201c) oder einfarbig (\u201eNon-Agouti\u201c) ist. Dies wird durch sogenanntes pigment-type-switching verursacht, also die Umstellung zwischen den beiden Pigmenten (dunkles Eumelanin oder rotes Pheomelanin) w\u00e4hrend des Haarwachstums. Das Agouti-Allel (A) ist dominant gegen\u00fcber dem Non-Agouti-Allel (a). Tr\u00e4gt eine Katze das Agouti-Gen (Genotyp AA oder Aa), so weist ihr Fell eine Fellzeichnung auf. Ist der Genotyp Non-Agouti (aa), ist ihr Fell einfarbig (solid).<\/p><table class=\"tx-laboklinleistung-table contenttable contenttable-2\" style=\"margin-top: 35px;\"><tr><td class=\"td-0\"><strong>Methode<\/strong><\/td><td class=\"td-1\"><p class=\"bodytext\">TagMan SNP Assay<\/p><\/td><\/tr><tr><td class=\"td-0\"><strong>Dauer<\/strong><\/td><td class=\"td-1\"><p class=\"bodytext\">3 - 5 Werktage nach Erhalt der Probe<\/p><\/td><\/tr><\/table>\n","protected":false},"excerpt":{"rendered":"<p>Farbvariante AgoutiLABOKLIN Leistungs-ID: 8090Der A- oder Agouti-Lokus ist verantwortlich f\u00fcr die Fellzeichnung und unterscheidet ob das Fell mehrfarbig (\u201eAgouti\u201c) oder einfarbig (\u201eNon-Agouti\u201c) ist. Dies wird durch sogenanntes pigment-type-switching verursacht, also die Umstellung zwischen den beiden Pigmenten (dunkles Eumelanin oder rotes Pheomelanin) w\u00e4hrend des Haarwachstums. Das Agouti-Allel (A) ist dominant gegen\u00fcber dem Non-Agouti-Allel (a). Tr\u00e4gt eine&hellip;<\/p>\n","protected":false},"author":1,"featured_media":0,"parent":1332719,"menu_order":7,"comment_status":"closed","ping_status":"closed","template":"","meta":{"_seopress_robots_primary_cat":"","_seopress_titles_title":"","_seopress_titles_desc":"","_seopress_robots_index":"","footnotes":""},"class_list":["post-1335112","page","type-page","status-publish","hentry","description-off"],"_links":{"self":[{"href":"https:\/\/laboklin.de\/de-at\/wp-json\/wp\/v2\/pages\/1335112","targetHints":{"allow":["GET"]}}],"collection":[{"href":"https:\/\/laboklin.de\/de-at\/wp-json\/wp\/v2\/pages"}],"about":[{"href":"https:\/\/laboklin.de\/de-at\/wp-json\/wp\/v2\/types\/page"}],"author":[{"embeddable":true,"href":"https:\/\/laboklin.de\/de-at\/wp-json\/wp\/v2\/users\/1"}],"replies":[{"embeddable":true,"href":"https:\/\/laboklin.de\/de-at\/wp-json\/wp\/v2\/comments?post=1335112"}],"version-history":[{"count":1,"href":"https:\/\/laboklin.de\/de-at\/wp-json\/wp\/v2\/pages\/1335112\/revisions"}],"predecessor-version":[{"id":1335115,"href":"https:\/\/laboklin.de\/de-at\/wp-json\/wp\/v2\/pages\/1335112\/revisions\/1335115"}],"up":[{"embeddable":true,"href":"https:\/\/laboklin.de\/de-at\/wp-json\/wp\/v2\/pages\/1332719"}],"wp:attachment":[{"href":"https:\/\/laboklin.de\/de-at\/wp-json\/wp\/v2\/media?parent=1335112"}],"curies":[{"name":"wp","href":"https:\/\/api.w.org\/{rel}","templated":true}]}}