{"id":1335071,"date":"2020-10-16T11:36:27","date_gmt":"2020-10-16T09:36:27","guid":{"rendered":"https:\/\/laboklin.de\/leistungen\/haematologie-klin-chemie-endokrinologie\/funktionstests-berechnungsformeln\/cortisol-kreatinin-quotient\/"},"modified":"2025-01-29T11:05:57","modified_gmt":"2025-01-29T10:05:57","slug":"cortisol-kreatinin-quotient","status":"publish","type":"page","link":"https:\/\/laboklin.de\/de-at\/leistungen\/haematologie-klin-chemie-endokrinologie\/funktionstests-berechnungsformeln\/cortisol-kreatinin-quotient\/","title":{"rendered":"Cortisol-Kreatinin-Quotient"},"content":{"rendered":"<h3 class=\"csc-firstHeader\">Cortisol-Kreatinin-Quotient (UCCR)<\/h3><p><span>LABOKLIN Leistungs-ID: 183<\/span><\/p><p class=\"bodytext\"><br><\/p><table class=\"tx-laboklinleistung-table contenttable contenttable-2\" style=\"margin-top: 35px;\"><tr><td class=\"td-0\"><strong>Diagnose<\/strong><\/td><td class=\"td-1\"><p class=\"bodytext\">Abkl\u00e4rung Cushing-Syndrom mit gleichzeitiger Differenzierung adrenaler oder hypophys\u00e4rer Ursache<\/p><\/td><\/tr><tr><td class=\"td-0\"><strong>Material<\/strong><\/td><td class=\"td-1\"><p class=\"bodytext\">Morgenharn jeweils 1 ml<\/p><\/td><\/tr><tr><td class=\"td-0\"><strong>Testdurchf&uuml;hrung<\/strong><\/td><td class=\"td-1\"><p><ul><li>Sammlung von Morgenurin am Tag 1 = Probe 1<\/li> <li>Sammlung von Morgenurin am Tag 2 = Probe 2 <\/li> <li>Dexamethasongabe am Tag 2: oral 3 x je 0,1 mg\/kg KGW \u00fcber den Tag verteilt<\/li> <li>Sammlung von Morgenurin am Tag 3 = Probe 3 <\/li><\/p><\/td><\/tr><tr><td class=\"td-0\"><strong>Parameter<\/strong><\/td><td class=\"td-1\"><p class=\"bodytext\">Cortisol, Kreatinin <\/p><\/td><\/tr><tr><td class=\"td-0\"><strong>Methode<\/strong><\/td><td class=\"td-1\"><p class=\"bodytext\">Cortisol: CLIA; Kreatinin: Photometrie<\/p><\/td><\/tr><tr><td class=\"td-0\"><strong>Tierart(en)<\/strong><\/td><td class=\"td-1\"><p class=\"bodytext\">Hund<\/p><\/td><\/tr><tr><td class=\"td-0\"><strong>Dauer<\/strong><\/td><td class=\"td-1\"><p class=\"bodytext\">Befund\u00fcbermittlung am Tag des Probeneingangs (Mo.-Fr.)<\/p><\/td><\/tr><tr><td class=\"td-0\"><strong>Bewertung<\/strong><\/td><td class=\"td-1\"><p><ul><li>Bewertung des Quotienten von Tag 1 und Tag 2: <br>Die Quotienten aus den Proben von Tag 1 und 2 werden genutzt um die Wahrscheinlichkeit f\u00fcr das Vorliegen eines Cushing-Syndroms zu evaluieren.<\/li><li>Die Sensitivit\u00e4t des UCCR-Tests wird durch Mehrfachbestimmungen erh\u00f6ht. Positive oder divergierende Ergebnisse sollten mittels eines Low-Dose-Dexamethason-Suppressionstests verifiziert werden. Negative Ergebnisse machen das Vorliegen eines Cushing-Syndroms unwahrscheinlich, bei starkem klinischem Verdacht wird jedoch die Durchf\u00fchrung eines Low-Dose-Dexamethason-Suppressionstests empfohlen.<\/li><li>Bewertung des Quotienten von Tag 3: <br>(Voraussetzung ist ein erh\u00f6hter Quotient an Tag 1 und Tag 2) <br>> 50 % vom Mittelwert der ersten beiden Proben spricht f\u00fcr einen Cortisol produzierenden NNR-Tumor. Das Vorliegen eines nicht supprimierbaren hypophys\u00e4ren Cushing-Syndroms ist m\u00f6glich. < 50 % vom Mittelwert der ersten beiden Proben spricht f\u00fcr ein hypophysenabh\u00e4ngiges Cushing-Syndrom oder eine weitere Erkrankung, die erh\u00f6hte Cortisolsekretion zur Folge hat (z. B. Diabetes, Stress, gastrointestinale Erkrankungen, Krankheiten mit Proteinverlust).<\/li><\/ul><\/p><\/td><\/tr><\/table>\n","protected":false},"excerpt":{"rendered":"<p>Cortisol-Kreatinin-Quotient (UCCR)LABOKLIN Leistungs-ID: 183DiagnoseAbkl\u00e4rung Cushing-Syndrom mit gleichzeitiger Differenzierung adrenaler oder hypophys\u00e4rer UrsacheMaterialMorgenharn jeweils 1 mlTestdurchf&uuml;hrungSammlung von Morgenurin am Tag 1 = Probe 1 Sammlung von Morgenurin am Tag 2 = Probe 2 Dexamethasongabe am Tag 2: oral 3 x je 0,1 mg\/kg KGW \u00fcber den Tag verteilt Sammlung von Morgenurin am Tag 3 = Probe&hellip;<\/p>\n","protected":false},"author":1,"featured_media":0,"parent":1332764,"menu_order":7,"comment_status":"closed","ping_status":"closed","template":"","meta":{"_seopress_robots_primary_cat":"","_seopress_titles_title":"","_seopress_titles_desc":"","_seopress_robots_index":"","footnotes":""},"class_list":["post-1335071","page","type-page","status-publish","hentry","description-off"],"_links":{"self":[{"href":"https:\/\/laboklin.de\/de-at\/wp-json\/wp\/v2\/pages\/1335071","targetHints":{"allow":["GET"]}}],"collection":[{"href":"https:\/\/laboklin.de\/de-at\/wp-json\/wp\/v2\/pages"}],"about":[{"href":"https:\/\/laboklin.de\/de-at\/wp-json\/wp\/v2\/types\/page"}],"author":[{"embeddable":true,"href":"https:\/\/laboklin.de\/de-at\/wp-json\/wp\/v2\/users\/1"}],"replies":[{"embeddable":true,"href":"https:\/\/laboklin.de\/de-at\/wp-json\/wp\/v2\/comments?post=1335071"}],"version-history":[{"count":1,"href":"https:\/\/laboklin.de\/de-at\/wp-json\/wp\/v2\/pages\/1335071\/revisions"}],"predecessor-version":[{"id":1504592,"href":"https:\/\/laboklin.de\/de-at\/wp-json\/wp\/v2\/pages\/1335071\/revisions\/1504592"}],"up":[{"embeddable":true,"href":"https:\/\/laboklin.de\/de-at\/wp-json\/wp\/v2\/pages\/1332764"}],"wp:attachment":[{"href":"https:\/\/laboklin.de\/de-at\/wp-json\/wp\/v2\/media?parent=1335071"}],"curies":[{"name":"wp","href":"https:\/\/api.w.org\/{rel}","templated":true}]}}