{"id":1335069,"date":"2020-10-16T11:36:27","date_gmt":"2020-10-16T09:36:27","guid":{"rendered":"https:\/\/laboklin.de\/leistungen\/haematologie-klin-chemie-endokrinologie\/immunologische-untersuchungen-entzuendungsparameter\/serum-amyloid-a-saa\/"},"modified":"2025-01-29T09:31:05","modified_gmt":"2025-01-29T08:31:05","slug":"serum-amyloid-a-saa","status":"publish","type":"page","link":"https:\/\/laboklin.de\/de-at\/leistungen\/haematologie-klin-chemie-endokrinologie\/immunologische-untersuchungen-entzuendungsparameter\/serum-amyloid-a-saa\/","title":{"rendered":"Serum Amyloid A (SAA)"},"content":{"rendered":"<h3 class=\"csc-firstHeader\">Serum Amyloid A (SAA)<\/h3><p><span>LABOKLIN Leistungs-ID: 1041<\/span><\/p><table class=\"tx-laboklinleistung-table contenttable contenttable-2\" style=\"margin-top: 35px;\"><tr><td class=\"td-0\"><strong>Material<\/strong><\/td><td class=\"td-1\"><p class=\"bodytext\">Serum 0,5 ml<\/p><\/td><\/tr><tr><td class=\"td-0\"><strong>Methode<\/strong><\/td><td class=\"td-1\"><p class=\"bodytext\">Photometrie<\/p><\/td><\/tr><tr><td class=\"td-0\"><strong>Dauer<\/strong><\/td><td class=\"td-1\"><p class=\"bodytext\">Befund\u00fcbermittlung am Tag des Probeneingangs (Mo.-Sa.)<\/p><\/td><\/tr><tr><td class=\"td-0\"><strong>Anmerkung<\/strong><\/td><td class=\"td-1\"><p class=\"bodytext\"><ul><li>Unspezifischer Entz\u00fcndungsmarker (Akute-Phase-Protein).<\/li><li>Eine Erh\u00f6hung kann ein Hinweis auf ein entz\u00fcndliches Geschehen, eine Neoplasie oder Gewebesch\u00e4digung sein. Dieser Parameter eignet sich gut zum Therapiemonitoring.<\/li><li>SAA kann f\u00fcr Equiden, Rind, Hund und Katze auch in Kombination mit dem gro\u00dfen Screening angefordert werden.<\/li><\/ul><\/p><\/td><\/tr><\/table>\n","protected":false},"excerpt":{"rendered":"<p>Serum Amyloid A (SAA)LABOKLIN Leistungs-ID: 1041MaterialSerum 0,5 mlMethodePhotometrieDauerBefund\u00fcbermittlung am Tag des Probeneingangs (Mo.-Sa.)AnmerkungUnspezifischer Entz\u00fcndungsmarker (Akute-Phase-Protein).Eine Erh\u00f6hung kann ein Hinweis auf ein entz\u00fcndliches Geschehen, eine Neoplasie oder Gewebesch\u00e4digung sein. Dieser Parameter eignet sich gut zum Therapiemonitoring.SAA kann f\u00fcr Equiden, Rind, Hund und Katze auch in Kombination mit dem gro\u00dfen Screening angefordert werden.<\/p>\n","protected":false},"author":1,"featured_media":0,"parent":1332761,"menu_order":7,"comment_status":"closed","ping_status":"closed","template":"","meta":{"_seopress_robots_primary_cat":"","_seopress_titles_title":"","_seopress_titles_desc":"","_seopress_robots_index":"","footnotes":""},"class_list":["post-1335069","page","type-page","status-publish","hentry","description-off"],"_links":{"self":[{"href":"https:\/\/laboklin.de\/de-at\/wp-json\/wp\/v2\/pages\/1335069","targetHints":{"allow":["GET"]}}],"collection":[{"href":"https:\/\/laboklin.de\/de-at\/wp-json\/wp\/v2\/pages"}],"about":[{"href":"https:\/\/laboklin.de\/de-at\/wp-json\/wp\/v2\/types\/page"}],"author":[{"embeddable":true,"href":"https:\/\/laboklin.de\/de-at\/wp-json\/wp\/v2\/users\/1"}],"replies":[{"embeddable":true,"href":"https:\/\/laboklin.de\/de-at\/wp-json\/wp\/v2\/comments?post=1335069"}],"version-history":[{"count":1,"href":"https:\/\/laboklin.de\/de-at\/wp-json\/wp\/v2\/pages\/1335069\/revisions"}],"predecessor-version":[{"id":1504482,"href":"https:\/\/laboklin.de\/de-at\/wp-json\/wp\/v2\/pages\/1335069\/revisions\/1504482"}],"up":[{"embeddable":true,"href":"https:\/\/laboklin.de\/de-at\/wp-json\/wp\/v2\/pages\/1332761"}],"wp:attachment":[{"href":"https:\/\/laboklin.de\/de-at\/wp-json\/wp\/v2\/media?parent=1335069"}],"curies":[{"name":"wp","href":"https:\/\/api.w.org\/{rel}","templated":true}]}}