{"id":1335059,"date":"2020-10-16T11:36:27","date_gmt":"2020-10-16T09:36:27","guid":{"rendered":"https:\/\/laboklin.de\/leistungen\/haematologie-klin-chemie-endokrinologie\/klinisch-chemische-parameter\/enzyme\/alt-gpt\/"},"modified":"2025-01-28T12:28:24","modified_gmt":"2025-01-28T11:28:24","slug":"alt-gpt","status":"publish","type":"page","link":"https:\/\/laboklin.de\/de-at\/leistungen\/haematologie-klin-chemie-endokrinologie\/klinisch-chemische-parameter\/enzyme\/alt-gpt\/","title":{"rendered":"ALT (GPT)"},"content":{"rendered":"<h3 class=\"csc-firstHeader\">ALT (GPT)<\/h3><p><span>LABOKLIN Leistungs-ID: 4<\/span><\/p><p class=\"bodytext\"><br><strong>Alaninaminotransferase  (Glutamat-Pyruvat-Transaminase)<\/strong><\/p><table class=\"tx-laboklinleistung-table contenttable contenttable-2\" style=\"margin-top: 35px;\"><tr><td class=\"td-0\"><strong>Material<\/strong><\/td><td class=\"td-1\"><p class=\"bodytext\">Serum oder EDTA-Plasma oder Heparin-Plasma 0,5 ml<\/p><\/td><\/tr><tr><td class=\"td-0\"><strong>Methode<\/strong><\/td><td class=\"td-1\"><p class=\"bodytext\">Photometrie<\/p><\/td><\/tr><tr><td class=\"td-0\"><strong>Dauer<\/strong><\/td><td class=\"td-1\"><p class=\"bodytext\">Befund\u00fcbermittlung am Tag des Probeneingangs (Mo.-Sa.)<\/p><\/td><\/tr><tr><td class=\"td-0\"><strong>Anmerkung<\/strong><\/td><td class=\"td-1\"><p class=\"bodytext\"><ul><li>Bei <strong>Hund<\/strong> und <strong>Katze<\/strong> ist die ALT grunds\u00e4tzlich leberspezifisch; bei <strong>Pferd, Wiederk\u00e4uern<\/strong> und <strong>Schwein<\/strong> hingegen kaum relevant, da dort wenig ALT-Aktivit\u00e4t in der Leber vorliegt.<\/li><li>Das Enzym befindet sich fast ausschlie\u00dflich im Zytoplasma der Hepatozyten. Schon bei leichten Zellsch\u00e4den der Leber kann die ALT-Konzentration im Serum ansteigen.<\/li><\/ul><\/p><\/td><\/tr><\/table>\n","protected":false},"excerpt":{"rendered":"<p>ALT (GPT)LABOKLIN Leistungs-ID: 4Alaninaminotransferase (Glutamat-Pyruvat-Transaminase)MaterialSerum oder EDTA-Plasma oder Heparin-Plasma 0,5 mlMethodePhotometrieDauerBefund\u00fcbermittlung am Tag des Probeneingangs (Mo.-Sa.)AnmerkungBei Hund und Katze ist die ALT grunds\u00e4tzlich leberspezifisch; bei Pferd, Wiederk\u00e4uern und Schwein hingegen kaum relevant, da dort wenig ALT-Aktivit\u00e4t in der Leber vorliegt.Das Enzym befindet sich fast ausschlie\u00dflich im Zytoplasma der Hepatozyten. Schon bei leichten Zellsch\u00e4den der Leber&hellip;<\/p>\n","protected":false},"author":1,"featured_media":0,"parent":1332892,"menu_order":7,"comment_status":"closed","ping_status":"closed","template":"","meta":{"_seopress_robots_primary_cat":"","_seopress_titles_title":"","_seopress_titles_desc":"","_seopress_robots_index":"","footnotes":""},"class_list":["post-1335059","page","type-page","status-publish","hentry","description-off"],"_links":{"self":[{"href":"https:\/\/laboklin.de\/de-at\/wp-json\/wp\/v2\/pages\/1335059","targetHints":{"allow":["GET"]}}],"collection":[{"href":"https:\/\/laboklin.de\/de-at\/wp-json\/wp\/v2\/pages"}],"about":[{"href":"https:\/\/laboklin.de\/de-at\/wp-json\/wp\/v2\/types\/page"}],"author":[{"embeddable":true,"href":"https:\/\/laboklin.de\/de-at\/wp-json\/wp\/v2\/users\/1"}],"replies":[{"embeddable":true,"href":"https:\/\/laboklin.de\/de-at\/wp-json\/wp\/v2\/comments?post=1335059"}],"version-history":[{"count":1,"href":"https:\/\/laboklin.de\/de-at\/wp-json\/wp\/v2\/pages\/1335059\/revisions"}],"predecessor-version":[{"id":1504261,"href":"https:\/\/laboklin.de\/de-at\/wp-json\/wp\/v2\/pages\/1335059\/revisions\/1504261"}],"up":[{"embeddable":true,"href":"https:\/\/laboklin.de\/de-at\/wp-json\/wp\/v2\/pages\/1332892"}],"wp:attachment":[{"href":"https:\/\/laboklin.de\/de-at\/wp-json\/wp\/v2\/media?parent=1335059"}],"curies":[{"name":"wp","href":"https:\/\/api.w.org\/{rel}","templated":true}]}}