{"id":1335028,"date":"2022-10-05T11:27:35","date_gmt":"2022-10-05T09:27:35","guid":{"rendered":"https:\/\/laboklin.de\/leistungen\/haematologie-klin-chemie-endokrinologie\/haematologie\/blutbild\/knochenmarkszytologie\/"},"modified":"2025-01-28T10:27:32","modified_gmt":"2025-01-28T09:27:32","slug":"knochenmarkszytologie","status":"publish","type":"page","link":"https:\/\/laboklin.de\/de-at\/leistungen\/haematologie-klin-chemie-endokrinologie\/haematologie\/blutbild\/knochenmarkszytologie\/","title":{"rendered":"Knochenmarkszytologie"},"content":{"rendered":"<h3 class=\"csc-firstHeader\">Knochenmarkszytologie<\/h3><p><span>LABOKLIN Leistungs-ID: 244<\/span><\/p><table class=\"tx-laboklinleistung-table contenttable contenttable-2\" style=\"margin-top: 35px;\"><tr><td class=\"td-0\"><strong>Material<\/strong><\/td><td class=\"td-1\"><p class=\"bodytext\">Knochenmarksausstrich (bis max. 10 Objekttr\u00e4ger) + Knochenmarkspunktat + peripheres Blut: Blutausstrich + EDTA-Blut 1 ml<\/p><\/td><\/tr><tr><td class=\"td-0\"><strong>Parameter<\/strong><\/td><td class=\"td-1\"><p class=\"bodytext\">Knochenmarkszytologie, gro\u00dfes Blutbild<\/p><\/td><\/tr><tr><td class=\"td-0\"><strong>Methode<\/strong><\/td><td class=\"td-1\"><p class=\"bodytext\">Blutbild: Durchflusszytometrie <br>zytologische Beurteilung Knochenmark: mikroskopisch <\/p><\/td><\/tr><tr><td class=\"td-0\"><strong>Tierart(en)<\/strong><\/td><td class=\"td-1\"><p class=\"bodytext\">Hund, Katze, Pferd, weitere auf Anfrage<\/p><\/td><\/tr><tr><td class=\"td-0\"><strong>Dauer<\/strong><\/td><td class=\"td-1\"><p class=\"bodytext\">2\u20135 Arbeitstage<\/p><\/td><\/tr><tr><td class=\"td-0\"><strong>Anmerkung<\/strong><\/td><td class=\"td-1\"><p class=\"bodytext\"><ul><li>F\u00fcr einen aussagekr\u00e4ftigen Befund muss zum Knochenmarkmaterial neben peripherem Blut und Blutausstrichen <strong>unbedingt auch ein detaillierter Vorbericht mit Fragestellung<\/strong> eingesandt werden!<\/li><li> Beurteilt wird die Zellularit\u00e4t sowie die Zellmorphologie im Knochenmark f\u00fcr besondere Fragestellungen wie z.B. Zytopenien (An\u00e4mie, Leukopenie, Thrombozytopenie) unklarer Ursache oder h\u00e4matopoetische Neoplasien. <\/li><li> Es wird ein korrespondierendes aktuelles Blutbild zur vollst\u00e4ndigen Interpretation ben\u00f6tigt.<\/li><li> Eine Anleitung zur Probengewinnung f\u00fcr die Knochenmarkszytologie finden Sie in der Rubrik Fachinformationen unter Pr\u00e4analytik \/ Blut-, Plasma-, Serumproben \/ Besonderheiten. <\/li><\/ul><\/p><\/td><\/tr><\/table>\n","protected":false},"excerpt":{"rendered":"<p>KnochenmarkszytologieLABOKLIN Leistungs-ID: 244MaterialKnochenmarksausstrich (bis max. 10 Objekttr\u00e4ger) + Knochenmarkspunktat + peripheres Blut: Blutausstrich + EDTA-Blut 1 mlParameterKnochenmarkszytologie, gro\u00dfes BlutbildMethodeBlutbild: Durchflusszytometrie zytologische Beurteilung Knochenmark: mikroskopisch Tierart(en)Hund, Katze, Pferd, weitere auf AnfrageDauer2\u20135 ArbeitstageAnmerkungF\u00fcr einen aussagekr\u00e4ftigen Befund muss zum Knochenmarkmaterial neben peripherem Blut und Blutausstrichen unbedingt auch ein detaillierter Vorbericht mit Fragestellung eingesandt werden! Beurteilt wird die Zellularit\u00e4t&hellip;<\/p>\n","protected":false},"author":10,"featured_media":0,"parent":1332882,"menu_order":7,"comment_status":"closed","ping_status":"closed","template":"","meta":{"_seopress_robots_primary_cat":"","_seopress_titles_title":"","_seopress_titles_desc":"","_seopress_robots_index":"","footnotes":""},"class_list":["post-1335028","page","type-page","status-publish","hentry","description-off"],"_links":{"self":[{"href":"https:\/\/laboklin.de\/de-at\/wp-json\/wp\/v2\/pages\/1335028","targetHints":{"allow":["GET"]}}],"collection":[{"href":"https:\/\/laboklin.de\/de-at\/wp-json\/wp\/v2\/pages"}],"about":[{"href":"https:\/\/laboklin.de\/de-at\/wp-json\/wp\/v2\/types\/page"}],"author":[{"embeddable":true,"href":"https:\/\/laboklin.de\/de-at\/wp-json\/wp\/v2\/users\/10"}],"replies":[{"embeddable":true,"href":"https:\/\/laboklin.de\/de-at\/wp-json\/wp\/v2\/comments?post=1335028"}],"version-history":[{"count":1,"href":"https:\/\/laboklin.de\/de-at\/wp-json\/wp\/v2\/pages\/1335028\/revisions"}],"predecessor-version":[{"id":1335031,"href":"https:\/\/laboklin.de\/de-at\/wp-json\/wp\/v2\/pages\/1335028\/revisions\/1335031"}],"up":[{"embeddable":true,"href":"https:\/\/laboklin.de\/de-at\/wp-json\/wp\/v2\/pages\/1332882"}],"wp:attachment":[{"href":"https:\/\/laboklin.de\/de-at\/wp-json\/wp\/v2\/media?parent=1335028"}],"curies":[{"name":"wp","href":"https:\/\/api.w.org\/{rel}","templated":true}]}}