{"id":1335004,"date":"2020-10-16T11:36:26","date_gmt":"2020-10-16T09:36:26","guid":{"rendered":"https:\/\/laboklin.de\/leistungen\/profile\/profile-screenings-pferd\/pcr-profile\/atemwege-pferd-iv-pcr\/"},"modified":"2025-01-27T12:46:31","modified_gmt":"2025-01-27T11:46:31","slug":"atemwege-pferd-iv-pcr","status":"publish","type":"page","link":"https:\/\/laboklin.de\/de-at\/leistungen\/profile\/profile-screenings-pferd\/pcr-profile\/atemwege-pferd-iv-pcr\/","title":{"rendered":"Atemwege (Pferd) IV &#8211; PCR"},"content":{"rendered":"<h3 class=\"csc-firstHeader\">Atemwege (Pferd) IV - PCR<\/h3><p><span>LABOKLIN Leistungs-ID: 8665<\/span><\/p><table class=\"tx-laboklinleistung-table contenttable contenttable-2\" style=\"margin-top: 35px;\"><tr><td class=\"td-0\"><strong>Material<\/strong><\/td><td class=\"td-1\"><p class=\"bodytext\">Abstrich ohne Medium (Nase oder Pharynx), Sp\u00fclprobe (BAL), EDTA-Blut (Vir\u00e4mie) (auf Wunsch Nachweis aus Buffy Coat m\u00f6glich, daf\u00fcr ben\u00f6tigen wir min. 5 ml EDTA-Blut)<\/p><\/td><\/tr><tr><td class=\"td-0\"><strong>Parameter<\/strong><\/td><td class=\"td-1\"><p class=\"bodytext\">equine Herpesviren 1, 4 (EHV-1, EHV-4)<\/p><\/td><\/tr><tr><td class=\"td-0\"><strong>Methode<\/strong><\/td><td class=\"td-1\"><p class=\"bodytext\">realtime PCR<\/p><\/td><\/tr><tr><td class=\"td-0\"><strong>Dauer<\/strong><\/td><td class=\"td-1\"><p class=\"bodytext\">1 - 3 Tage<\/p><\/td><\/tr><tr><td class=\"td-0\"><strong>Anmerkung<\/strong><\/td><td class=\"td-1\"><p class=\"bodytext\">Herpesviren haben in der Regel nur eine kurze Vir\u00e4miephase. Der Nachweis aus EDTA-Blut ist daher h\u00e4ufig nur zu Beginn der Erkrankung sinnvoll.<\/p><\/td><\/tr><\/table>\n","protected":false},"excerpt":{"rendered":"<p>Atemwege (Pferd) IV &#8211; PCRLABOKLIN Leistungs-ID: 8665MaterialAbstrich ohne Medium (Nase oder Pharynx), Sp\u00fclprobe (BAL), EDTA-Blut (Vir\u00e4mie) (auf Wunsch Nachweis aus Buffy Coat m\u00f6glich, daf\u00fcr ben\u00f6tigen wir min. 5 ml EDTA-Blut)Parameterequine Herpesviren 1, 4 (EHV-1, EHV-4)Methoderealtime PCRDauer1 &#8211; 3 TageAnmerkungHerpesviren haben in der Regel nur eine kurze Vir\u00e4miephase. Der Nachweis aus EDTA-Blut ist daher h\u00e4ufig nur&hellip;<\/p>\n","protected":false},"author":1,"featured_media":0,"parent":1332859,"menu_order":6,"comment_status":"closed","ping_status":"closed","template":"","meta":{"_seopress_robots_primary_cat":"","_seopress_titles_title":"","_seopress_titles_desc":"","_seopress_robots_index":"","footnotes":""},"class_list":["post-1335004","page","type-page","status-publish","hentry","description-off"],"_links":{"self":[{"href":"https:\/\/laboklin.de\/de-at\/wp-json\/wp\/v2\/pages\/1335004","targetHints":{"allow":["GET"]}}],"collection":[{"href":"https:\/\/laboklin.de\/de-at\/wp-json\/wp\/v2\/pages"}],"about":[{"href":"https:\/\/laboklin.de\/de-at\/wp-json\/wp\/v2\/types\/page"}],"author":[{"embeddable":true,"href":"https:\/\/laboklin.de\/de-at\/wp-json\/wp\/v2\/users\/1"}],"replies":[{"embeddable":true,"href":"https:\/\/laboklin.de\/de-at\/wp-json\/wp\/v2\/comments?post=1335004"}],"version-history":[{"count":1,"href":"https:\/\/laboklin.de\/de-at\/wp-json\/wp\/v2\/pages\/1335004\/revisions"}],"predecessor-version":[{"id":1335007,"href":"https:\/\/laboklin.de\/de-at\/wp-json\/wp\/v2\/pages\/1335004\/revisions\/1335007"}],"up":[{"embeddable":true,"href":"https:\/\/laboklin.de\/de-at\/wp-json\/wp\/v2\/pages\/1332859"}],"wp:attachment":[{"href":"https:\/\/laboklin.de\/de-at\/wp-json\/wp\/v2\/media?parent=1335004"}],"curies":[{"name":"wp","href":"https:\/\/api.w.org\/{rel}","templated":true}]}}