{"id":1334987,"date":"2020-10-16T11:36:27","date_gmt":"2020-10-16T09:36:27","guid":{"rendered":"https:\/\/laboklin.de\/leistungen\/genetik\/fellfarbe-haarstruktur\/pferd\/sabino-1\/"},"modified":"2025-02-25T13:28:03","modified_gmt":"2025-02-25T12:28:03","slug":"sabino-1","status":"publish","type":"page","link":"https:\/\/laboklin.de\/de-at\/leistungen\/genetik\/fellfarbe-haarstruktur\/pferd\/sabino-1\/","title":{"rendered":"Sabino-1"},"content":{"rendered":"<h3 class=\"csc-firstHeader\">Sabino-1<\/h3><p><span>LABOKLIN Leistungs-ID: 8148<\/span><\/p><p class=\"bodytext\">Die Sabinoscheckung bei Pferden ist gekennzeichnet durch gr\u00f6\u00dfere und kleinere wei\u00dfe Flecken mit gezackten R\u00e4ndern, h\u00e4ufig an Kopf, Bauch und an den Beinen. Einige Pferde erscheinen auch stichelhaarig am Bauch oder am ganzen K\u00f6rper. Die Scheckung tritt mehr oder weniger deutlich bei heterozygoten Sabinos auf, Homozygote sind meist von Geburt an fast vollst\u00e4ndig wei\u00df. Bislang konnte ein Gen als Ursache identifiziert werden (Sabino-1), es scheint jedoch offensichtlich, dass es weitere Gene gibt, die f\u00fcr \u00e4hnliche Abzeichen verantwortlich sind. <\/p><table class=\"tx-laboklinleistung-table contenttable contenttable-2\" style=\"margin-top: 35px;\"><tr><td class=\"td-0\"><strong>Methode<\/strong><\/td><td class=\"td-1\"><p class=\"bodytext\">Sequenzierung<\/p><\/td><\/tr><tr><td class=\"td-0\"><strong>Dauer<\/strong><\/td><td class=\"td-1\"><p class=\"bodytext\">1 - 2 Wochen nach Erhalt der Probe<\/p><\/td><\/tr><\/table>\n","protected":false},"excerpt":{"rendered":"<p>Sabino-1LABOKLIN Leistungs-ID: 8148Die Sabinoscheckung bei Pferden ist gekennzeichnet durch gr\u00f6\u00dfere und kleinere wei\u00dfe Flecken mit gezackten R\u00e4ndern, h\u00e4ufig an Kopf, Bauch und an den Beinen. Einige Pferde erscheinen auch stichelhaarig am Bauch oder am ganzen K\u00f6rper. Die Scheckung tritt mehr oder weniger deutlich bei heterozygoten Sabinos auf, Homozygote sind meist von Geburt an fast vollst\u00e4ndig&hellip;<\/p>\n","protected":false},"author":1,"featured_media":0,"parent":1332724,"menu_order":6,"comment_status":"closed","ping_status":"closed","template":"","meta":{"_seopress_robots_primary_cat":"","_seopress_titles_title":"","_seopress_titles_desc":"","_seopress_robots_index":"","footnotes":""},"class_list":["post-1334987","page","type-page","status-publish","hentry","description-off"],"_links":{"self":[{"href":"https:\/\/laboklin.de\/de-at\/wp-json\/wp\/v2\/pages\/1334987","targetHints":{"allow":["GET"]}}],"collection":[{"href":"https:\/\/laboklin.de\/de-at\/wp-json\/wp\/v2\/pages"}],"about":[{"href":"https:\/\/laboklin.de\/de-at\/wp-json\/wp\/v2\/types\/page"}],"author":[{"embeddable":true,"href":"https:\/\/laboklin.de\/de-at\/wp-json\/wp\/v2\/users\/1"}],"replies":[{"embeddable":true,"href":"https:\/\/laboklin.de\/de-at\/wp-json\/wp\/v2\/comments?post=1334987"}],"version-history":[{"count":1,"href":"https:\/\/laboklin.de\/de-at\/wp-json\/wp\/v2\/pages\/1334987\/revisions"}],"predecessor-version":[{"id":1510930,"href":"https:\/\/laboklin.de\/de-at\/wp-json\/wp\/v2\/pages\/1334987\/revisions\/1510930"}],"up":[{"embeddable":true,"href":"https:\/\/laboklin.de\/de-at\/wp-json\/wp\/v2\/pages\/1332724"}],"wp:attachment":[{"href":"https:\/\/laboklin.de\/de-at\/wp-json\/wp\/v2\/media?parent=1334987"}],"curies":[{"name":"wp","href":"https:\/\/api.w.org\/{rel}","templated":true}]}}