{"id":1334954,"date":"2020-10-16T11:36:27","date_gmt":"2020-10-16T09:36:27","guid":{"rendered":"https:\/\/laboklin.de\/leistungen\/infektionskrankheiten-erreger-und-antikoerpernachweise\/parasiten\/babesien-piroplasmen\/babesien-piroplasmen-pcr\/"},"modified":"2025-02-03T10:02:30","modified_gmt":"2025-02-03T09:02:30","slug":"babesien-piroplasmen-pcr","status":"publish","type":"page","link":"https:\/\/laboklin.de\/de-at\/leistungen\/infektionskrankheiten-erreger-und-antikoerpernachweise\/parasiten\/babesien-piroplasmen\/babesien-piroplasmen-pcr\/","title":{"rendered":"Babesien (Piroplasmen) &#8211; PCR"},"content":{"rendered":"<h3 class=\"csc-firstHeader\">Babesien (Piroplasmen) - PCR<\/h3><p><span>LABOKLIN Leistungs-ID: 8019<\/span><\/p><table class=\"tx-laboklinleistung-table contenttable contenttable-2\" style=\"margin-top: 35px;\"><tr><td class=\"td-0\"><strong>Material<\/strong><\/td><td class=\"td-1\"><p class=\"bodytext\">EDTA-Blut oder Zecke<\/p><\/td><\/tr><tr><td class=\"td-0\"><strong>Parameter<\/strong><\/td><td class=\"td-1\"><p class=\"bodytext\">erfasst auch Babesia spp., Cytauxzoon spp. (Katze) und Theilerien (Pferd); inkl. Spezies-Differenzierung nach einem positiven PCR-Ergebnis<\/p><\/td><\/tr><tr><td class=\"td-0\"><strong>Methode<\/strong><\/td><td class=\"td-1\"><p class=\"bodytext\">realtime PCR<\/p><\/td><\/tr><tr><td class=\"td-0\"><strong>Dauer<\/strong><\/td><td class=\"td-1\"><p class=\"bodytext\">1 - 3 Tage<\/p><\/td><\/tr><tr><td class=\"td-0\"><strong>Anmerkung<\/strong><\/td><td class=\"td-1\"><p class=\"bodytext\"><ul><li>Der mikroskopische Nachweis ist ab dem 5. Tag post infectionem m\u00f6glich. M\u00f6glichst Kapillarblut entnehmen (Ohrrand) und auf Objekttr\u00e4ger ausstreichen. Der Nachweis aus Kapillarblut erh\u00f6ht die Sensitivit\u00e4t wesentlich.<\/li><li>Der PCR-Nachweis ist deutlich sensitiver als der Nachweis aus dem Blutausstrich. Im Rahmen einer chronischen Infektion ist zwar in vielen Lokalisationen eine Erregerausbreitung zu vermuten, jedoch kann die Konzentration an Erreger-DNA im Blut sehr gering sein und die PCR daher ein negatives Ergebnis liefern. W\u00e4hrend eine positive PCR beweisend f\u00fcr eine Infektion ist, schlie\u00dft eine negative PCR eine Infektion niemals aus.<\/li><\/ul><\/p><\/td><\/tr><\/table>\n","protected":false},"excerpt":{"rendered":"<p>Babesien (Piroplasmen) &#8211; PCRLABOKLIN Leistungs-ID: 8019MaterialEDTA-Blut oder ZeckeParametererfasst auch Babesia spp., Cytauxzoon spp. (Katze) und Theilerien (Pferd); inkl. Spezies-Differenzierung nach einem positiven PCR-ErgebnisMethoderealtime PCRDauer1 &#8211; 3 TageAnmerkungDer mikroskopische Nachweis ist ab dem 5. Tag post infectionem m\u00f6glich. M\u00f6glichst Kapillarblut entnehmen (Ohrrand) und auf Objekttr\u00e4ger ausstreichen. Der Nachweis aus Kapillarblut erh\u00f6ht die Sensitivit\u00e4t wesentlich.Der PCR-Nachweis ist&hellip;<\/p>\n","protected":false},"author":1,"featured_media":0,"parent":1333135,"menu_order":6,"comment_status":"closed","ping_status":"closed","template":"","meta":{"_seopress_robots_primary_cat":"","_seopress_titles_title":"","_seopress_titles_desc":"","_seopress_robots_index":"","footnotes":""},"class_list":["post-1334954","page","type-page","status-publish","hentry","description-off"],"_links":{"self":[{"href":"https:\/\/laboklin.de\/de-at\/wp-json\/wp\/v2\/pages\/1334954","targetHints":{"allow":["GET"]}}],"collection":[{"href":"https:\/\/laboklin.de\/de-at\/wp-json\/wp\/v2\/pages"}],"about":[{"href":"https:\/\/laboklin.de\/de-at\/wp-json\/wp\/v2\/types\/page"}],"author":[{"embeddable":true,"href":"https:\/\/laboklin.de\/de-at\/wp-json\/wp\/v2\/users\/1"}],"replies":[{"embeddable":true,"href":"https:\/\/laboklin.de\/de-at\/wp-json\/wp\/v2\/comments?post=1334954"}],"version-history":[{"count":1,"href":"https:\/\/laboklin.de\/de-at\/wp-json\/wp\/v2\/pages\/1334954\/revisions"}],"predecessor-version":[{"id":1506061,"href":"https:\/\/laboklin.de\/de-at\/wp-json\/wp\/v2\/pages\/1334954\/revisions\/1506061"}],"up":[{"embeddable":true,"href":"https:\/\/laboklin.de\/de-at\/wp-json\/wp\/v2\/pages\/1333135"}],"wp:attachment":[{"href":"https:\/\/laboklin.de\/de-at\/wp-json\/wp\/v2\/media?parent=1334954"}],"curies":[{"name":"wp","href":"https:\/\/api.w.org\/{rel}","templated":true}]}}