{"id":1334932,"date":"2020-10-16T11:36:27","date_gmt":"2020-10-16T09:36:27","guid":{"rendered":"https:\/\/laboklin.de\/leistungen\/haematologie-klin-chemie-endokrinologie\/harnanalyse\/harnstatus-inkl-sediment\/"},"modified":"2025-01-28T13:37:03","modified_gmt":"2025-01-28T12:37:03","slug":"harnstatus-inkl-sediment","status":"publish","type":"page","link":"https:\/\/laboklin.de\/de-at\/leistungen\/haematologie-klin-chemie-endokrinologie\/harnanalyse\/harnstatus-inkl-sediment\/","title":{"rendered":"Harnstatus inkl. Sediment"},"content":{"rendered":"<h3 class=\"csc-firstHeader\">Harnstatus inkl. Sediment<\/h3><p><span>LABOKLIN Leistungs-ID: 2001<\/span><\/p><p class=\"bodytext\"><br>semiquantitative Erfassung von klinisch-chemischen und zellul\u00e4ren Parametern und Messung des spezifischen Gewichts<\/p><table class=\"tx-laboklinleistung-table contenttable contenttable-2\" style=\"margin-top: 35px;\"><tr><td class=\"td-0\"><strong>Material<\/strong><\/td><td class=\"td-1\"><p class=\"bodytext\">Harn 5 ml<\/p><\/td><\/tr><tr><td class=\"td-0\"><strong>Parameter<\/strong><\/td><td class=\"td-1\"><p class=\"bodytext\">spez. Gewicht, Protein, H\u00e4mo-\/Myoglobin, pH-Wert, Bilirubin, Urobilinogen, Glucose, Nitrit, Ketonk\u00f6rper sowie<br> Erythrozyten, Leukozyten, Bakterien, Hefen, Zylinder, Epithelien, Kristalle<\/p><\/td><\/tr><tr><td class=\"td-0\"><strong>Methode<\/strong><\/td><td class=\"td-1\"><p class=\"bodytext\">Trockenchemie, Photometrie, Mikroskopie, Refraktometrie<\/p><\/td><\/tr><tr><td class=\"td-0\"><strong>Dauer<\/strong><\/td><td class=\"td-1\"><p class=\"bodytext\">1 - 2 Tage<\/p><\/td><\/tr><tr><td class=\"td-0\"><strong>Anmerkung<\/strong><\/td><td class=\"td-1\"><p class=\"bodytext\"><ul><li>Bei aktueller Behandlung mit Medikamenten (Antibiotika, Allopurinol etc.) sollte dies auf dem Untersuchungsauftrag vermerkt werden.<\/li> <li>Diese Leistung wird auch in Kombination mit U-P\/C (Urin-Protein\/ Kreatinin-Quotient) oder einer kulturellen Harnuntersuchung (Bakteriologie) angeboten. F\u00fcr diese Kombinationsleistungen ist das einzusendende Probenmaterial und die Untersuchungsdauer abweichend.<\/li> <li>Werden charakteristische Kristalle im Sediment gefunden, sollte die Tierart, der Urin-pH und das spezifische Gewicht miteinbezogen werden, um eindeutige R\u00fcckschl\u00fcsse auf die chemische Zusammensetzung zu ziehen. Gr\u00f6\u00dfere Konkremente k\u00f6nnen mittels FTIR analysiert werden (siehe Harnsteinanalyse).<\/li><\/ul><\/p><\/td><\/tr><\/table>\n","protected":false},"excerpt":{"rendered":"<p>Harnstatus inkl. SedimentLABOKLIN Leistungs-ID: 2001semiquantitative Erfassung von klinisch-chemischen und zellul\u00e4ren Parametern und Messung des spezifischen GewichtsMaterialHarn 5 mlParameterspez. Gewicht, Protein, H\u00e4mo-\/Myoglobin, pH-Wert, Bilirubin, Urobilinogen, Glucose, Nitrit, Ketonk\u00f6rper sowie Erythrozyten, Leukozyten, Bakterien, Hefen, Zylinder, Epithelien, KristalleMethodeTrockenchemie, Photometrie, Mikroskopie, RefraktometrieDauer1 &#8211; 2 TageAnmerkungBei aktueller Behandlung mit Medikamenten (Antibiotika, Allopurinol etc.) sollte dies auf dem Untersuchungsauftrag vermerkt werden.&hellip;<\/p>\n","protected":false},"author":1,"featured_media":0,"parent":1332756,"menu_order":6,"comment_status":"closed","ping_status":"closed","template":"","meta":{"_seopress_robots_primary_cat":"","_seopress_titles_title":"","_seopress_titles_desc":"","_seopress_robots_index":"","footnotes":""},"class_list":["post-1334932","page","type-page","status-publish","hentry","description-off"],"_links":{"self":[{"href":"https:\/\/laboklin.de\/de-at\/wp-json\/wp\/v2\/pages\/1334932","targetHints":{"allow":["GET"]}}],"collection":[{"href":"https:\/\/laboklin.de\/de-at\/wp-json\/wp\/v2\/pages"}],"about":[{"href":"https:\/\/laboklin.de\/de-at\/wp-json\/wp\/v2\/types\/page"}],"author":[{"embeddable":true,"href":"https:\/\/laboklin.de\/de-at\/wp-json\/wp\/v2\/users\/1"}],"replies":[{"embeddable":true,"href":"https:\/\/laboklin.de\/de-at\/wp-json\/wp\/v2\/comments?post=1334932"}],"version-history":[{"count":1,"href":"https:\/\/laboklin.de\/de-at\/wp-json\/wp\/v2\/pages\/1334932\/revisions"}],"predecessor-version":[{"id":1334935,"href":"https:\/\/laboklin.de\/de-at\/wp-json\/wp\/v2\/pages\/1334932\/revisions\/1334935"}],"up":[{"embeddable":true,"href":"https:\/\/laboklin.de\/de-at\/wp-json\/wp\/v2\/pages\/1332756"}],"wp:attachment":[{"href":"https:\/\/laboklin.de\/de-at\/wp-json\/wp\/v2\/media?parent=1334932"}],"curies":[{"name":"wp","href":"https:\/\/api.w.org\/{rel}","templated":true}]}}