{"id":1334896,"date":"2022-05-20T12:21:53","date_gmt":"2022-05-20T10:21:53","guid":{"rendered":"https:\/\/laboklin.de\/leistungen\/haematologie-klin-chemie-endokrinologie\/haematologie\/blutbild\/pelger-huet-anomalie-mikroskopisch\/"},"modified":"2025-01-28T10:28:39","modified_gmt":"2025-01-28T09:28:39","slug":"pelger-huet-anomalie-mikroskopisch","status":"publish","type":"page","link":"https:\/\/laboklin.de\/de-at\/leistungen\/haematologie-klin-chemie-endokrinologie\/haematologie\/blutbild\/pelger-huet-anomalie-mikroskopisch\/","title":{"rendered":"Pelger-Hu\u00ebt-Anomalie (mikroskopisch)"},"content":{"rendered":"<h3 class=\"csc-firstHeader\">Mikroskopische Untersuchung bei Pelger-Hu\u00ebt-Anomalie<\/h3><p><span>LABOKLIN Leistungs-ID: 77<\/span><\/p><table class=\"tx-laboklinleistung-table contenttable contenttable-2\" style=\"margin-top: 35px;\"><tr><td class=\"td-0\"><strong>Material<\/strong><\/td><td class=\"td-1\"><p class=\"bodytext\">Blutausstrich (+ EDTA-Blut)<\/p><\/td><\/tr><tr><td class=\"td-0\"><strong>Tierart(en)<\/strong><\/td><td class=\"td-1\"><p class=\"bodytext\">Hund<\/p><\/td><\/tr><tr><td class=\"td-0\"><strong>Dauer<\/strong><\/td><td class=\"td-1\"><p class=\"bodytext\">1 Tag<\/p><\/td><\/tr><tr><td class=\"td-0\"><strong>Anmerkung<\/strong><\/td><td class=\"td-1\"><p class=\"bodytext\"><ul><li>Mikroskopische Bewertung des Blutausstriches in Hinblick auf das Vorliegen einer Hyposegmentation der Granulozyten. Eine signifikante Hyposegmentation kann Hinweisend auf das Vorliegen der Pelger-Hu\u00ebt-Anomalie sein. Ein genetischer Test ist zum jetzigen Zeitpunkt (Stand M\u00e4rz 2022) nicht vorhanden.<\/li>\n<li>Zur Beurteilung sind <strong>frische, auswertbare Blutausstriche<\/strong> zwingend notwendig.<\/li>\n<li>Das Tier muss <strong>klinisch gesund<\/strong> sein und darf zum Zeitpunkt der Untersuchung keine Entz\u00fcndung oder Infektion aufweisen.<\/li>\n<li>Diese Untersuchung wird als separate Leistung nur auf dem Online-Auftrag angeboten. Bei Bestellung \u00fcber einen gedruckten Untersuchungsauftrag bitte die Leistung Blutausstrich zytologisch verwenden und den Verdacht Pelger-Hu\u00ebt-Anomalie vermerken.<\/li>\n<li>Die Pelger-Hu\u00ebt-Anomalie ist heredit\u00e4r bekannt bei Australien Shepherd Hunden. Heterozygote Tr\u00e4ger zeigen keine klinischen Auff\u00e4lligkeiten. Homozygote Tr\u00e4ger entwickeln Skelett-Deformationen und sterben i.d.R. in utero oder post partum.<\/li><\/ul><\/p><\/td><\/tr><\/table>\n","protected":false},"excerpt":{"rendered":"<p>Mikroskopische Untersuchung bei Pelger-Hu\u00ebt-AnomalieLABOKLIN Leistungs-ID: 77MaterialBlutausstrich (+ EDTA-Blut)Tierart(en)HundDauer1 TagAnmerkungMikroskopische Bewertung des Blutausstriches in Hinblick auf das Vorliegen einer Hyposegmentation der Granulozyten. Eine signifikante Hyposegmentation kann Hinweisend auf das Vorliegen der Pelger-Hu\u00ebt-Anomalie sein. Ein genetischer Test ist zum jetzigen Zeitpunkt (Stand M\u00e4rz 2022) nicht vorhanden. Zur Beurteilung sind frische, auswertbare Blutausstriche zwingend notwendig. Das Tier muss&hellip;<\/p>\n","protected":false},"author":10,"featured_media":0,"parent":1332882,"menu_order":6,"comment_status":"closed","ping_status":"closed","template":"","meta":{"_seopress_robots_primary_cat":"","_seopress_titles_title":"","_seopress_titles_desc":"","_seopress_robots_index":"","footnotes":""},"class_list":["post-1334896","page","type-page","status-publish","hentry","description-off"],"_links":{"self":[{"href":"https:\/\/laboklin.de\/de-at\/wp-json\/wp\/v2\/pages\/1334896","targetHints":{"allow":["GET"]}}],"collection":[{"href":"https:\/\/laboklin.de\/de-at\/wp-json\/wp\/v2\/pages"}],"about":[{"href":"https:\/\/laboklin.de\/de-at\/wp-json\/wp\/v2\/types\/page"}],"author":[{"embeddable":true,"href":"https:\/\/laboklin.de\/de-at\/wp-json\/wp\/v2\/users\/10"}],"replies":[{"embeddable":true,"href":"https:\/\/laboklin.de\/de-at\/wp-json\/wp\/v2\/comments?post=1334896"}],"version-history":[{"count":1,"href":"https:\/\/laboklin.de\/de-at\/wp-json\/wp\/v2\/pages\/1334896\/revisions"}],"predecessor-version":[{"id":1334899,"href":"https:\/\/laboklin.de\/de-at\/wp-json\/wp\/v2\/pages\/1334896\/revisions\/1334899"}],"up":[{"embeddable":true,"href":"https:\/\/laboklin.de\/de-at\/wp-json\/wp\/v2\/pages\/1332882"}],"wp:attachment":[{"href":"https:\/\/laboklin.de\/de-at\/wp-json\/wp\/v2\/media?parent=1334896"}],"curies":[{"name":"wp","href":"https:\/\/api.w.org\/{rel}","templated":true}]}}