{"id":1334853,"date":"2020-10-16T11:36:27","date_gmt":"2020-10-16T09:36:27","guid":{"rendered":"https:\/\/laboklin.de\/leistungen\/genetik\/fellfarbe-haarstruktur\/hund\/cocoa\/"},"modified":"2025-02-25T12:58:01","modified_gmt":"2025-02-25T11:58:01","slug":"cocoa","status":"publish","type":"page","link":"https:\/\/laboklin.de\/de-at\/leistungen\/genetik\/fellfarbe-haarstruktur\/hund\/cocoa\/","title":{"rendered":"Cocoa"},"content":{"rendered":"<h3 class=\"csc-firstHeader\">Cocoa (dunkelbraun, dark chocolate)<\/h3><p><span>LABOKLIN Leistungs-ID: 8526<\/span><\/p><p class=\"bodytext\">Die rezessive genetische Variante \u201ecocoa\" l\u00f6st eine braune Fellfarbe bei der Franz\u00f6sischen Bulldogge aus, die von den bisher bekannten F\u00e4rbungen \u00fcber den B-Lokus optisch nicht zu unterscheiden ist. Cocoa liegt nicht am B-Lokus und ist nicht direkt mit den dort gefundenen Varianten kompatibel. Daher muss die braune Fellf\u00e4rbung durch cocoa separat betrachtet werden.<br \/>\r\nDiese Variante ist daher eine m\u00f6gliche Erkl\u00e4rung f\u00fcr \"chocolate\"-farbene Bulldoggen, welche \u00fcber den B-Lokus nicht erkl\u00e4rt werden k\u00f6nnen.<br \/>\r\nBei Cocoa-Hunden wurde neben der Fellfarbvariante auch ein Funktionsdefekt der Thrombozyten festgestellt, die Gerinnungswerte der untersuchten Hunde liegen jedoch innerhalb des Referenzbereichs. Dennoch sollten, solange eine Blutungsneigung nicht sicher ausgeschlossen werden konnte, bei homozygoten Cocoa-Hunden Notfallmedikamente bereitgehalten werden, um in besonderen Situationen schnell eingreifen zu k\u00f6nnen.<br \/>\r\n<br \/>\r\nSynonyme: Braun, Dunkelbraun, chocolate, dark chocolate, \"nicht testbares Schoko\"<\/p><table class=\"tx-laboklinleistung-table contenttable contenttable-2\" style=\"margin-top: 35px;\"><tr><td class=\"td-0\"><strong>Methode<\/strong><\/td><td class=\"td-1\"><p class=\"bodytext\">TaqMan SNP Assay<\/p><\/td><\/tr><tr><td class=\"td-0\"><strong>Rasse<\/strong><\/td><td class=\"td-1\"><p class=\"bodytext\">Franz\u00f6sische Bulldogge<\/p><\/td><\/tr><tr><td class=\"td-0\"><strong>Erbgang<\/strong><\/td><td class=\"td-1\"><p class=\"bodytext\">autosomal-rezessiv<\/p><\/td><\/tr><tr><td class=\"td-0\"><strong>Dauer<\/strong><\/td><td class=\"td-1\"><p class=\"bodytext\">3 - 5 Werktage nach Erhalt der Probe<\/p><\/td><\/tr><\/table>\n","protected":false},"excerpt":{"rendered":"<p>Cocoa (dunkelbraun, dark chocolate)LABOKLIN Leistungs-ID: 8526Die rezessive genetische Variante \u201ecocoa&#8220; l\u00f6st eine braune Fellfarbe bei der Franz\u00f6sischen Bulldogge aus, die von den bisher bekannten F\u00e4rbungen \u00fcber den B-Lokus optisch nicht zu unterscheiden ist. Cocoa liegt nicht am B-Lokus und ist nicht direkt mit den dort gefundenen Varianten kompatibel. Daher muss die braune Fellf\u00e4rbung durch cocoa&hellip;<\/p>\n","protected":false},"author":1,"featured_media":0,"parent":1332717,"menu_order":5,"comment_status":"closed","ping_status":"closed","template":"","meta":{"_seopress_robots_primary_cat":"","_seopress_titles_title":"","_seopress_titles_desc":"","_seopress_robots_index":"","footnotes":""},"class_list":["post-1334853","page","type-page","status-publish","hentry","description-off"],"_links":{"self":[{"href":"https:\/\/laboklin.de\/de-at\/wp-json\/wp\/v2\/pages\/1334853","targetHints":{"allow":["GET"]}}],"collection":[{"href":"https:\/\/laboklin.de\/de-at\/wp-json\/wp\/v2\/pages"}],"about":[{"href":"https:\/\/laboklin.de\/de-at\/wp-json\/wp\/v2\/types\/page"}],"author":[{"embeddable":true,"href":"https:\/\/laboklin.de\/de-at\/wp-json\/wp\/v2\/users\/1"}],"replies":[{"embeddable":true,"href":"https:\/\/laboklin.de\/de-at\/wp-json\/wp\/v2\/comments?post=1334853"}],"version-history":[{"count":1,"href":"https:\/\/laboklin.de\/de-at\/wp-json\/wp\/v2\/pages\/1334853\/revisions"}],"predecessor-version":[{"id":1510788,"href":"https:\/\/laboklin.de\/de-at\/wp-json\/wp\/v2\/pages\/1334853\/revisions\/1510788"}],"up":[{"embeddable":true,"href":"https:\/\/laboklin.de\/de-at\/wp-json\/wp\/v2\/pages\/1332717"}],"wp:attachment":[{"href":"https:\/\/laboklin.de\/de-at\/wp-json\/wp\/v2\/media?parent=1334853"}],"curies":[{"name":"wp","href":"https:\/\/api.w.org\/{rel}","templated":true}]}}