{"id":1334836,"date":"2020-10-16T11:36:27","date_gmt":"2020-10-16T09:36:27","guid":{"rendered":"https:\/\/laboklin.de\/leistungen\/mikrobiologie-parasitologie\/parasitologie\/parasitologische-untersuchungen-kot\/modifiziertes-mcmaster-verfahren\/"},"modified":"2025-02-04T09:37:13","modified_gmt":"2025-02-04T08:37:13","slug":"modifiziertes-mcmaster-verfahren","status":"publish","type":"page","link":"https:\/\/laboklin.de\/de-at\/leistungen\/mikrobiologie-parasitologie\/parasitologie\/parasitologische-untersuchungen-kot\/modifiziertes-mcmaster-verfahren\/","title":{"rendered":"Modifiziertes McMaster-Verfahren"},"content":{"rendered":"<h3 class=\"csc-firstHeader\">Modifiziertes McMaster-Verfahren<\/h3><p><span>LABOKLIN Leistungs-ID: 2632<\/span><\/p><p class=\"bodytext\"><br><br>Das modifizierte Mc Masterverfahren eignet sich <br> <ul><li>zur <strong>Eizahlbestimmung<\/strong> (u.a. im Rahmen der gezielten Entwurmung zur Reduktion von Anthelminthikaresistenzen)<\/li> <li>als <strong>Eizahl-Reduktionstest<\/strong> (Eizahlbestimmung vor und nach der Entwurmung) zur \u00dcberpr\u00fcfung, ob eine Anthelminthikaresistenz vorliegt.<\/li><\/ul><\/p><table class=\"tx-laboklinleistung-table contenttable contenttable-2\" style=\"margin-top: 35px;\"><tr><td class=\"td-0\"><strong>Material<\/strong><\/td><td class=\"td-1\"><p class=\"bodytext\">Faeces<\/p><\/td><\/tr><tr><td class=\"td-0\"><strong>Methode<\/strong><\/td><td class=\"td-1\"><p class=\"bodytext\">Ausz\u00e4hlung der Wurmeier mittels Z\u00e4hlkammer nach Anreicherung mittels Flotation<\/p><\/td><\/tr><tr><td class=\"td-0\"><strong>Dauer<\/strong><\/td><td class=\"td-1\"><p class=\"bodytext\">1 - 2  Tage<\/p><\/td><\/tr><tr><td class=\"td-0\"><strong>Anmerkung<\/strong><\/td><td class=\"td-1\"><p class=\"bodytext\"><ul><li><strong>Eizahlbestimmung: <\/strong>Dieses Verfahren dient vor allem beim Pferd, bei kleinen Wiederk\u00e4uern und bei Neuweltkamelen dazu, eine gezielte oder selektive Entwurmung durchzuf\u00fchren, bei der erst ab einer Zahl > 200 Eier pro Gramm Kot individuell entwurmt wird. <br> Werden alle Tiere eines Bestandes mit Wurmbefall entwurmt, \u00fcberleben nur resistente W\u00fcrmer. Werden dagegen nur Tiere mit einem st\u00e4rkeren Wurmbefall entwurmt, so findet sich im Bestand auch eine unbehandelte Wurmpopulation, was den Selektionsvorteil resistenter W\u00fcrmer vermindert und so der weiteren Zunahme von Resistenzen entgegenwirkt.<\/li> <li><strong>Eizahlreduktionstest: <\/strong>2. Untersuchung: 10 - 14 Tage nach der Therapie erfolgt beim Konzept der selektiven Entwurmung (s.o.) eine weitere individuelle Beprobung. Sind immer noch hohe Eizahlen vorhanden, ist dieser Befund verd\u00e4chtig f\u00fcr eine Anthelminthika-Resistenz. <br>Auch wenn die Entwurmung nicht selektiv auf der Ebene des Einzeltiers, sondern z.B. von Tiergruppen erfolgt, wird eine regelm\u00e4\u00dfige Kontrolle der Wirksamkeit von Anthelminthika mittels Eizahl-Reduktionstest empfohlen.<\/li><\/ul><\/p><\/td><\/tr><\/table>\n","protected":false},"excerpt":{"rendered":"<p>Modifiziertes McMaster-VerfahrenLABOKLIN Leistungs-ID: 2632Das modifizierte Mc Masterverfahren eignet sich zur Eizahlbestimmung (u.a. im Rahmen der gezielten Entwurmung zur Reduktion von Anthelminthikaresistenzen) als Eizahl-Reduktionstest (Eizahlbestimmung vor und nach der Entwurmung) zur \u00dcberpr\u00fcfung, ob eine Anthelminthikaresistenz vorliegt.MaterialFaecesMethodeAusz\u00e4hlung der Wurmeier mittels Z\u00e4hlkammer nach Anreicherung mittels FlotationDauer1 &#8211; 2 TageAnmerkungEizahlbestimmung: Dieses Verfahren dient vor allem beim Pferd, bei kleinen&hellip;<\/p>\n","protected":false},"author":1,"featured_media":0,"parent":1333214,"menu_order":5,"comment_status":"closed","ping_status":"closed","template":"","meta":{"_seopress_robots_primary_cat":"","_seopress_titles_title":"","_seopress_titles_desc":"","_seopress_robots_index":"","footnotes":""},"class_list":["post-1334836","page","type-page","status-publish","hentry","description-off"],"_links":{"self":[{"href":"https:\/\/laboklin.de\/de-at\/wp-json\/wp\/v2\/pages\/1334836","targetHints":{"allow":["GET"]}}],"collection":[{"href":"https:\/\/laboklin.de\/de-at\/wp-json\/wp\/v2\/pages"}],"about":[{"href":"https:\/\/laboklin.de\/de-at\/wp-json\/wp\/v2\/types\/page"}],"author":[{"embeddable":true,"href":"https:\/\/laboklin.de\/de-at\/wp-json\/wp\/v2\/users\/1"}],"replies":[{"embeddable":true,"href":"https:\/\/laboklin.de\/de-at\/wp-json\/wp\/v2\/comments?post=1334836"}],"version-history":[{"count":1,"href":"https:\/\/laboklin.de\/de-at\/wp-json\/wp\/v2\/pages\/1334836\/revisions"}],"predecessor-version":[{"id":1334839,"href":"https:\/\/laboklin.de\/de-at\/wp-json\/wp\/v2\/pages\/1334836\/revisions\/1334839"}],"up":[{"embeddable":true,"href":"https:\/\/laboklin.de\/de-at\/wp-json\/wp\/v2\/pages\/1333214"}],"wp:attachment":[{"href":"https:\/\/laboklin.de\/de-at\/wp-json\/wp\/v2\/media?parent=1334836"}],"curies":[{"name":"wp","href":"https:\/\/api.w.org\/{rel}","templated":true}]}}