{"id":1334819,"date":"2020-10-16T11:36:27","date_gmt":"2020-10-16T09:36:27","guid":{"rendered":"https:\/\/laboklin.de\/leistungen\/infektionskrankheiten-erreger-und-antikoerpernachweise\/viren\/herpesviren\/pferd-equines-herpesvirus-3-ehv-3-pcr\/"},"modified":"2025-01-30T11:33:27","modified_gmt":"2025-01-30T10:33:27","slug":"pferd-equines-herpesvirus-3-ehv-3-pcr","status":"publish","type":"page","link":"https:\/\/laboklin.de\/de-at\/leistungen\/infektionskrankheiten-erreger-und-antikoerpernachweise\/viren\/herpesviren\/pferd-equines-herpesvirus-3-ehv-3-pcr\/","title":{"rendered":"Pferd: Equines Herpesvirus 3 (EHV-3) &#8211; PCR"},"content":{"rendered":"<h3 class=\"csc-firstHeader\">Pferd: Equines Herpesvirus 3 (EHV-3) - PCR<\/h3><p><span>LABOKLIN Leistungs-ID: 8352<\/span><\/p><table class=\"tx-laboklinleistung-table contenttable contenttable-2\" style=\"margin-top: 35px;\"><tr><td class=\"td-0\"><strong>Material<\/strong><\/td><td class=\"td-1\"><p class=\"bodytext\">Abstrich ohne Medium (L\u00e4sionen an Vestibulum, Penis, Pr\u00e4putium oder benachbarten Hautstellen), Gewebe (L\u00e4sionen)<\/p><\/td><\/tr><tr><td class=\"td-0\"><strong>Methode<\/strong><\/td><td class=\"td-1\"><p class=\"bodytext\">realtime PCR<\/p><\/td><\/tr><tr><td class=\"td-0\"><strong>Dauer<\/strong><\/td><td class=\"td-1\"><p class=\"bodytext\">1 - 3 Tage<\/p><\/td><\/tr><\/table>\n","protected":false},"excerpt":{"rendered":"<p>Pferd: Equines Herpesvirus 3 (EHV-3) &#8211; PCRLABOKLIN Leistungs-ID: 8352MaterialAbstrich ohne Medium (L\u00e4sionen an Vestibulum, Penis, Pr\u00e4putium oder benachbarten Hautstellen), Gewebe (L\u00e4sionen)Methoderealtime PCRDauer1 &#8211; 3 Tage<\/p>\n","protected":false},"author":1,"featured_media":0,"parent":1332958,"menu_order":5,"comment_status":"closed","ping_status":"closed","template":"","meta":{"_seopress_robots_primary_cat":"","_seopress_titles_title":"","_seopress_titles_desc":"","_seopress_robots_index":"","footnotes":""},"class_list":["post-1334819","page","type-page","status-publish","hentry","description-off"],"_links":{"self":[{"href":"https:\/\/laboklin.de\/de-at\/wp-json\/wp\/v2\/pages\/1334819","targetHints":{"allow":["GET"]}}],"collection":[{"href":"https:\/\/laboklin.de\/de-at\/wp-json\/wp\/v2\/pages"}],"about":[{"href":"https:\/\/laboklin.de\/de-at\/wp-json\/wp\/v2\/types\/page"}],"author":[{"embeddable":true,"href":"https:\/\/laboklin.de\/de-at\/wp-json\/wp\/v2\/users\/1"}],"replies":[{"embeddable":true,"href":"https:\/\/laboklin.de\/de-at\/wp-json\/wp\/v2\/comments?post=1334819"}],"version-history":[{"count":1,"href":"https:\/\/laboklin.de\/de-at\/wp-json\/wp\/v2\/pages\/1334819\/revisions"}],"predecessor-version":[{"id":1504928,"href":"https:\/\/laboklin.de\/de-at\/wp-json\/wp\/v2\/pages\/1334819\/revisions\/1504928"}],"up":[{"embeddable":true,"href":"https:\/\/laboklin.de\/de-at\/wp-json\/wp\/v2\/pages\/1332958"}],"wp:attachment":[{"href":"https:\/\/laboklin.de\/de-at\/wp-json\/wp\/v2\/media?parent=1334819"}],"curies":[{"name":"wp","href":"https:\/\/api.w.org\/{rel}","templated":true}]}}