{"id":1334810,"date":"2020-10-16T11:36:27","date_gmt":"2020-10-16T09:36:27","guid":{"rendered":"https:\/\/laboklin.de\/leistungen\/allergie\/allergiediagnostik\/futtermittel-erweitert-hund-katze\/"},"modified":"2025-01-29T13:08:29","modified_gmt":"2025-01-29T12:08:29","slug":"futtermittel-erweitert-hund-katze","status":"publish","type":"page","link":"https:\/\/laboklin.de\/de-at\/leistungen\/allergie\/allergiediagnostik\/futtermittel-erweitert-hund-katze\/","title":{"rendered":"Futtermittel erweitert (Hund, Katze)"},"content":{"rendered":"<h3 class=\"csc-firstHeader\">Futtermittel erweitert (Hund, Katze)<\/h3><p><span>LABOKLIN Leistungs-ID: 7125<\/span><\/p><p class=\"bodytext\"><br><ul><li>Bestimmung von IgE- und IgG-Antik\u00f6rpern gegen 8 seltener gef\u00fctterte Einzelallergene. <\/li><li>Grundlage f\u00fcr eine gezielte Auswahl geeigneter di\u00e4tetischer Komponenten zur Durchf\u00fchrung einer Eliminationsdi\u00e4t.<\/li><\/ul><\/p><table class=\"tx-laboklinleistung-table contenttable contenttable-2\" style=\"margin-top: 35px;\"><tr><td class=\"td-0\"><strong>Material<\/strong><\/td><td class=\"td-1\"><p class=\"bodytext\">Serum 0,5 ml<\/p><\/td><\/tr><tr><td class=\"td-0\"><strong>Parameter<\/strong><\/td><td class=\"td-1\"><p class=\"bodytext\"><strong>Hund:<\/strong> Pferd, Strau\u00df, Wildschwein, Rentier, Amarant, Hirse, K\u00e4nguru, Pastinake   <br><strong>Katze:<\/strong> Pferd, Strau\u00df, Wildschwein, Rentier, Amarant, Hirse, Rothirsch, Kaninchen<\/p><\/td><\/tr><tr><td class=\"td-0\"><strong>Methode<\/strong><\/td><td class=\"td-1\"><p class=\"bodytext\">Enzym Linked Immunosorbent Assay (ELISA) (Microarray-Technik)<\/p><\/td><\/tr><tr><td class=\"td-0\"><strong>Tierart(en)<\/strong><\/td><td class=\"td-1\"><p class=\"bodytext\">Hund, Katze<\/p><\/td><\/tr><tr><td class=\"td-0\"><strong>Dauer<\/strong><\/td><td class=\"td-1\"><p class=\"bodytext\">1-6 Arbeitstage<\/p><\/td><\/tr><\/table>\n","protected":false},"excerpt":{"rendered":"<p>Futtermittel erweitert (Hund, Katze)LABOKLIN Leistungs-ID: 7125Bestimmung von IgE- und IgG-Antik\u00f6rpern gegen 8 seltener gef\u00fctterte Einzelallergene. Grundlage f\u00fcr eine gezielte Auswahl geeigneter di\u00e4tetischer Komponenten zur Durchf\u00fchrung einer Eliminationsdi\u00e4t.MaterialSerum 0,5 mlParameterHund: Pferd, Strau\u00df, Wildschwein, Rentier, Amarant, Hirse, K\u00e4nguru, Pastinake Katze: Pferd, Strau\u00df, Wildschwein, Rentier, Amarant, Hirse, Rothirsch, KaninchenMethodeEnzym Linked Immunosorbent Assay (ELISA) (Microarray-Technik)Tierart(en)Hund, KatzeDauer1-6 Arbeitstage<\/p>\n","protected":false},"author":1,"featured_media":0,"parent":1332675,"menu_order":5,"comment_status":"closed","ping_status":"closed","template":"","meta":{"_seopress_robots_primary_cat":"","_seopress_titles_title":"","_seopress_titles_desc":"","_seopress_robots_index":"","footnotes":""},"class_list":["post-1334810","page","type-page","status-publish","hentry","description-off"],"_links":{"self":[{"href":"https:\/\/laboklin.de\/de-at\/wp-json\/wp\/v2\/pages\/1334810","targetHints":{"allow":["GET"]}}],"collection":[{"href":"https:\/\/laboklin.de\/de-at\/wp-json\/wp\/v2\/pages"}],"about":[{"href":"https:\/\/laboklin.de\/de-at\/wp-json\/wp\/v2\/types\/page"}],"author":[{"embeddable":true,"href":"https:\/\/laboklin.de\/de-at\/wp-json\/wp\/v2\/users\/1"}],"replies":[{"embeddable":true,"href":"https:\/\/laboklin.de\/de-at\/wp-json\/wp\/v2\/comments?post=1334810"}],"version-history":[{"count":1,"href":"https:\/\/laboklin.de\/de-at\/wp-json\/wp\/v2\/pages\/1334810\/revisions"}],"predecessor-version":[{"id":1504683,"href":"https:\/\/laboklin.de\/de-at\/wp-json\/wp\/v2\/pages\/1334810\/revisions\/1504683"}],"up":[{"embeddable":true,"href":"https:\/\/laboklin.de\/de-at\/wp-json\/wp\/v2\/pages\/1332675"}],"wp:attachment":[{"href":"https:\/\/laboklin.de\/de-at\/wp-json\/wp\/v2\/media?parent=1334810"}],"curies":[{"name":"wp","href":"https:\/\/api.w.org\/{rel}","templated":true}]}}