{"id":1334805,"date":"2020-10-16T11:36:27","date_gmt":"2020-10-16T09:36:27","guid":{"rendered":"https:\/\/laboklin.de\/leistungen\/vitamine-medikamentenspiegel-vergiftungen\/vitamine\/folsaeure\/"},"modified":"2025-01-29T12:44:15","modified_gmt":"2025-01-29T11:44:15","slug":"folsaeure","status":"publish","type":"page","link":"https:\/\/laboklin.de\/de-at\/leistungen\/vitamine-medikamentenspiegel-vergiftungen\/vitamine\/folsaeure\/","title":{"rendered":"Fols\u00e4ure"},"content":{"rendered":"<h3 class=\"csc-firstHeader\">Fols\u00e4ure<\/h3><p><span>LABOKLIN Leistungs-ID: 3005<\/span><\/p><p class=\"bodytext\"><br> Kann zur Differenzierung zwischen Malabsorption und bakterieller \u00dcber- oder Fehlbesiedlung des D\u00fcnndarms verwendet werden. <\/p><table class=\"tx-laboklinleistung-table contenttable contenttable-2\" style=\"margin-top: 35px;\"><tr><td class=\"td-0\"><strong>Material<\/strong><\/td><td class=\"td-1\"><p class=\"bodytext\">Serum (oder evtl. Heparin-Plasma) 0,5 ml<\/p><\/td><\/tr><tr><td class=\"td-0\"><strong>Methode<\/strong><\/td><td class=\"td-1\"><p class=\"bodytext\">Chemoluminiszenzassay (CLIA)<\/p><\/td><\/tr><tr><td class=\"td-0\"><strong>Dauer<\/strong><\/td><td class=\"td-1\"><p class=\"bodytext\">Befund\u00fcbermittlung am Tag des Probeneingangs (Mo.\u2013Sa.)<\/p><\/td><\/tr><tr><td class=\"td-0\"><strong>Anmerkung<\/strong><\/td><td class=\"td-1\"><p class=\"bodytext\"><ul><li>Reduzierte Konzentrationen k\u00f6nnen auf eine intestinale Malabsorption hinweisen.<\/li><li>Erh\u00f6hte Konzentrationen werden mit einer intestinalen Dysbiose in Zusammenhang gebracht.<\/li><li>H\u00e4molyse gilt als Ursache f\u00fcr falsch erh\u00f6hte Fols\u00e4urekonzentrationen.<\/li><\/ul><\/p><\/td><\/tr><\/table>\n","protected":false},"excerpt":{"rendered":"<p>Fols\u00e4ureLABOKLIN Leistungs-ID: 3005 Kann zur Differenzierung zwischen Malabsorption und bakterieller \u00dcber- oder Fehlbesiedlung des D\u00fcnndarms verwendet werden. MaterialSerum (oder evtl. Heparin-Plasma) 0,5 mlMethodeChemoluminiszenzassay (CLIA)DauerBefund\u00fcbermittlung am Tag des Probeneingangs (Mo.\u2013Sa.)AnmerkungReduzierte Konzentrationen k\u00f6nnen auf eine intestinale Malabsorption hinweisen.Erh\u00f6hte Konzentrationen werden mit einer intestinalen Dysbiose in Zusammenhang gebracht.H\u00e4molyse gilt als Ursache f\u00fcr falsch erh\u00f6hte Fols\u00e4urekonzentrationen.<\/p>\n","protected":false},"author":1,"featured_media":0,"parent":1332766,"menu_order":5,"comment_status":"closed","ping_status":"closed","template":"","meta":{"_seopress_robots_primary_cat":"","_seopress_titles_title":"","_seopress_titles_desc":"","_seopress_robots_index":"","footnotes":""},"class_list":["post-1334805","page","type-page","status-publish","hentry","description-off"],"_links":{"self":[{"href":"https:\/\/laboklin.de\/de-at\/wp-json\/wp\/v2\/pages\/1334805","targetHints":{"allow":["GET"]}}],"collection":[{"href":"https:\/\/laboklin.de\/de-at\/wp-json\/wp\/v2\/pages"}],"about":[{"href":"https:\/\/laboklin.de\/de-at\/wp-json\/wp\/v2\/types\/page"}],"author":[{"embeddable":true,"href":"https:\/\/laboklin.de\/de-at\/wp-json\/wp\/v2\/users\/1"}],"replies":[{"embeddable":true,"href":"https:\/\/laboklin.de\/de-at\/wp-json\/wp\/v2\/comments?post=1334805"}],"version-history":[{"count":1,"href":"https:\/\/laboklin.de\/de-at\/wp-json\/wp\/v2\/pages\/1334805\/revisions"}],"predecessor-version":[{"id":1504617,"href":"https:\/\/laboklin.de\/de-at\/wp-json\/wp\/v2\/pages\/1334805\/revisions\/1504617"}],"up":[{"embeddable":true,"href":"https:\/\/laboklin.de\/de-at\/wp-json\/wp\/v2\/pages\/1332766"}],"wp:attachment":[{"href":"https:\/\/laboklin.de\/de-at\/wp-json\/wp\/v2\/media?parent=1334805"}],"curies":[{"name":"wp","href":"https:\/\/api.w.org\/{rel}","templated":true}]}}