{"id":1334793,"date":"2020-10-16T11:36:27","date_gmt":"2020-10-16T09:36:27","guid":{"rendered":"https:\/\/laboklin.de\/leistungen\/haematologie-klin-chemie-endokrinologie\/klinisch-chemische-parameter\/mineralstoffe-und-elektrolyte\/ca-calcium\/"},"modified":"2025-01-28T13:06:49","modified_gmt":"2025-01-28T12:06:49","slug":"ca-calcium","status":"publish","type":"page","link":"https:\/\/laboklin.de\/de-at\/leistungen\/haematologie-klin-chemie-endokrinologie\/klinisch-chemische-parameter\/mineralstoffe-und-elektrolyte\/ca-calcium\/","title":{"rendered":"Ca (Calcium)"},"content":{"rendered":"<h3 class=\"csc-firstHeader\">Ca (Calcium)<\/h3><p><span>LABOKLIN Leistungs-ID: 26<\/span><\/p><p class=\"bodytext\"><br><\/p><table class=\"tx-laboklinleistung-table contenttable contenttable-2\" style=\"margin-top: 35px;\"><tr><td class=\"td-0\"><strong>Material<\/strong><\/td><td class=\"td-1\"><p class=\"bodytext\">Serum oder Heparin-Plasma 0,5 ml <br>Reptilien: Heparin-Plasma oder Serum 0,2 ml<\/p><\/td><\/tr><tr><td class=\"td-0\"><strong>Methode<\/strong><\/td><td class=\"td-1\"><p class=\"bodytext\">Photometrie<\/p><\/td><\/tr><tr><td class=\"td-0\"><strong>Dauer<\/strong><\/td><td class=\"td-1\"><p class=\"bodytext\">Befund\u00fcbermittlung am Tag des Probeneingangs (Mo.\u2013Sa.)<\/p><\/td><\/tr><tr><td class=\"td-0\"><strong>Anmerkung<\/strong><\/td><td class=\"td-1\"><p class=\"bodytext\"><ul><li>Calcium ist ein essentielles Makromineral und wichtig f\u00fcr Knochenstoffwechsel, Muskelkontraktion, Nervenleitung und Blutgerinnung. Etwa 99 % befinden sich im Skelett, der verbleibende Anteil im Blut teils ionisiert (biologisch aktiv), teils an Proteine gebunden, insbesondere an Albumin. <\/li><li>Die Regulation erfolgt \u00fcber Parathormon (PTH), Vitamin D (Calcitriol) und Calcitonin.<\/li><li>Hypercalc\u00e4mie tritt bei Neoplasien (v. a. Lymphome, Analbeutelkarzinome beim <strong>Hund<\/strong>), Hyperparathyreoidismus, Hypoadrenokortizismus (M. Addison) und Vitamin-D-Intoxikation auf, seltener bei chronischen Nierenerkrankungen. <\/li><li>Hypocalc\u00e4mie kann bedingt sein durch Hypoalbumin\u00e4mie, Eklampsie\/Laktations-Hypocalc\u00e4mie, Niereninsuffizienz, akute Pankreatitis und Hypoparathyreoidismus. <\/li><li>Bei <strong>Katzen<\/strong> ist die idiopathische Hypercalc\u00e4mie die h\u00e4ufigste Form; seltener entsteht sie sekund\u00e4r infolge CNI oder Urolithiasis. <\/li><li>Eine Hypocalc\u00e4mie bei <strong>Hund<\/strong> und <strong>Katze<\/strong> entsteht meist durch Calciumverlust, unzureichende Aufnahme, gest\u00f6rten Vitamin-D-Stoffwechsel oder Parathormonmangel. <\/li><li><strong>Hund, Katze<\/strong>: Bei gleichzeitiger Hypoalbumin\u00e4mie sollte der Calciumwert korrigiert werden.\r\n<strong>Berechnung<\/strong>: Korrigierter Calciumwert (mg\/dl) = Serumcalciumwert (mg\/dl) \u2013 (0,4 x Serumeiwei\u00df (mg\/dl)) + 3,3<\/li><li><strong>Pferde<\/strong> haben physiologisch h\u00f6here Werte; Hypocalc\u00e4mie kann bei starkem Schwitzen, Sepsis oder Endotox\u00e4mie nachgewiesen werden. <\/li><li>Nutritive Hypercalc\u00e4mie beim <strong>Kleins\u00e4uger<\/strong> ist durch zum Teil Vitamin-D3-unabh\u00e4ngige intestinale Resorption bedingt. <\/li><li><strong>Rind<\/strong>: Eine Hypocalc\u00e4mie ist die h\u00e4ufigste Ursache f\u00fcr die Geb\u00e4rparese des Rindes. Zur Differenzierung sind labordiagnostisch die Hypophosphat\u00e4mie, die Hypomagnesi\u00e4mie, der Leberstoffwechsel sowie die sog. \u201eMuskelenzyme\u201c (CK, AST) abzukl\u00e4ren.<\/li><li>Die Messung des Calciums aus EDTA-Plasma ist nicht m\u00f6glich.<\/li><\/ul><\/p><\/td><\/tr><\/table>\n","protected":false},"excerpt":{"rendered":"<p>Ca (Calcium)LABOKLIN Leistungs-ID: 26MaterialSerum oder Heparin-Plasma 0,5 ml Reptilien: Heparin-Plasma oder Serum 0,2 mlMethodePhotometrieDauerBefund\u00fcbermittlung am Tag des Probeneingangs (Mo.\u2013Sa.)AnmerkungCalcium ist ein essentielles Makromineral und wichtig f\u00fcr Knochenstoffwechsel, Muskelkontraktion, Nervenleitung und Blutgerinnung. Etwa 99 % befinden sich im Skelett, der verbleibende Anteil im Blut teils ionisiert (biologisch aktiv), teils an Proteine gebunden, insbesondere an Albumin. Die&hellip;<\/p>\n","protected":false},"author":1,"featured_media":0,"parent":1332896,"menu_order":5,"comment_status":"closed","ping_status":"closed","template":"","meta":{"_seopress_robots_primary_cat":"","_seopress_titles_title":"","_seopress_titles_desc":"","_seopress_robots_index":"","footnotes":""},"class_list":["post-1334793","page","type-page","status-publish","hentry","description-off"],"_links":{"self":[{"href":"https:\/\/laboklin.de\/de-at\/wp-json\/wp\/v2\/pages\/1334793","targetHints":{"allow":["GET"]}}],"collection":[{"href":"https:\/\/laboklin.de\/de-at\/wp-json\/wp\/v2\/pages"}],"about":[{"href":"https:\/\/laboklin.de\/de-at\/wp-json\/wp\/v2\/types\/page"}],"author":[{"embeddable":true,"href":"https:\/\/laboklin.de\/de-at\/wp-json\/wp\/v2\/users\/1"}],"replies":[{"embeddable":true,"href":"https:\/\/laboklin.de\/de-at\/wp-json\/wp\/v2\/comments?post=1334793"}],"version-history":[{"count":1,"href":"https:\/\/laboklin.de\/de-at\/wp-json\/wp\/v2\/pages\/1334793\/revisions"}],"predecessor-version":[{"id":1504359,"href":"https:\/\/laboklin.de\/de-at\/wp-json\/wp\/v2\/pages\/1334793\/revisions\/1504359"}],"up":[{"embeddable":true,"href":"https:\/\/laboklin.de\/de-at\/wp-json\/wp\/v2\/pages\/1332896"}],"wp:attachment":[{"href":"https:\/\/laboklin.de\/de-at\/wp-json\/wp\/v2\/media?parent=1334793"}],"curies":[{"name":"wp","href":"https:\/\/api.w.org\/{rel}","templated":true}]}}