{"id":1334784,"date":"2020-10-16T11:36:27","date_gmt":"2020-10-16T09:36:27","guid":{"rendered":"https:\/\/laboklin.de\/leistungen\/haematologie-klin-chemie-endokrinologie\/haematologie\/gerinnung\/gerinnung\/"},"modified":"2025-01-28T10:35:41","modified_gmt":"2025-01-28T09:35:41","slug":"gerinnung","status":"publish","type":"page","link":"https:\/\/laboklin.de\/de-at\/leistungen\/haematologie-klin-chemie-endokrinologie\/haematologie\/gerinnung\/gerinnung\/","title":{"rendered":"Gerinnung"},"content":{"rendered":"<h3 class=\"csc-firstHeader\">Gerinnung <\/h3><p><span>LABOKLIN Leistungs-ID: 595<\/span><\/p><table class=\"tx-laboklinleistung-table contenttable contenttable-2\" style=\"margin-top: 35px;\"><tr><td class=\"td-0\"><strong>Material<\/strong><\/td><td class=\"td-1\"><p class=\"bodytext\">Citrat-Plasma (1:10) 1 ml<\/p><\/td><\/tr><tr><td class=\"td-0\"><strong>Parameter<\/strong><\/td><td class=\"td-1\"><p class=\"bodytext\">PT (Thromboplastinzeit, Quick), PTT (partielle Thromboplastinzeit), Thrombinzeit, Fibrinogen<\/p><\/td><\/tr><tr><td class=\"td-0\"><strong>Methode<\/strong><\/td><td class=\"td-1\"><p class=\"bodytext\">Kugelkoagulometrie<\/p><\/td><\/tr><tr><td class=\"td-0\"><strong>Dauer<\/strong><\/td><td class=\"td-1\"><p class=\"bodytext\">1 Tag<\/p><\/td><\/tr><tr><td class=\"td-0\"><strong>Anmerkung<\/strong><\/td><td class=\"td-1\"><p class=\"bodytext\">Korrektes Mischungsverh\u00e4ltnis von Citrat und Blut ist extrem wichtig \u2013 bitte markierte F\u00fcllh\u00f6he der R\u00f6hrchen unbedingt beachten!<\/p><\/td><\/tr><\/table>\n","protected":false},"excerpt":{"rendered":"<p>Gerinnung LABOKLIN Leistungs-ID: 595MaterialCitrat-Plasma (1:10) 1 mlParameterPT (Thromboplastinzeit, Quick), PTT (partielle Thromboplastinzeit), Thrombinzeit, FibrinogenMethodeKugelkoagulometrieDauer1 TagAnmerkungKorrektes Mischungsverh\u00e4ltnis von Citrat und Blut ist extrem wichtig \u2013 bitte markierte F\u00fcllh\u00f6he der R\u00f6hrchen unbedingt beachten!<\/p>\n","protected":false},"author":1,"featured_media":0,"parent":1332884,"menu_order":5,"comment_status":"closed","ping_status":"closed","template":"","meta":{"_seopress_robots_primary_cat":"","_seopress_titles_title":"","_seopress_titles_desc":"","_seopress_robots_index":"","footnotes":""},"class_list":["post-1334784","page","type-page","status-publish","hentry","description-off"],"_links":{"self":[{"href":"https:\/\/laboklin.de\/de-at\/wp-json\/wp\/v2\/pages\/1334784","targetHints":{"allow":["GET"]}}],"collection":[{"href":"https:\/\/laboklin.de\/de-at\/wp-json\/wp\/v2\/pages"}],"about":[{"href":"https:\/\/laboklin.de\/de-at\/wp-json\/wp\/v2\/types\/page"}],"author":[{"embeddable":true,"href":"https:\/\/laboklin.de\/de-at\/wp-json\/wp\/v2\/users\/1"}],"replies":[{"embeddable":true,"href":"https:\/\/laboklin.de\/de-at\/wp-json\/wp\/v2\/comments?post=1334784"}],"version-history":[{"count":1,"href":"https:\/\/laboklin.de\/de-at\/wp-json\/wp\/v2\/pages\/1334784\/revisions"}],"predecessor-version":[{"id":1504213,"href":"https:\/\/laboklin.de\/de-at\/wp-json\/wp\/v2\/pages\/1334784\/revisions\/1504213"}],"up":[{"embeddable":true,"href":"https:\/\/laboklin.de\/de-at\/wp-json\/wp\/v2\/pages\/1332884"}],"wp:attachment":[{"href":"https:\/\/laboklin.de\/de-at\/wp-json\/wp\/v2\/media?parent=1334784"}],"curies":[{"name":"wp","href":"https:\/\/api.w.org\/{rel}","templated":true}]}}